{"id":39580,"date":"2022-06-02T09:58:11","date_gmt":"2022-06-02T07:58:11","guid":{"rendered":"https:\/\/ticinoweb01.jcloud.ik-server.com\/cndestetik\/prodotto\/wachspatrone-100-ml-azulen\/"},"modified":"2023-05-02T09:35:03","modified_gmt":"2023-05-02T07:35:03","slug":"wachs-enthaarung-in-patrone-azulen","status":"publish","type":"product","link":"https:\/\/cndestetik.ch\/de\/prodotto\/wachs-enthaarung-in-patrone-azulen\/","title":{"rendered":"Azulene Kartusche Haarentfernung Wachs"},"content":{"rendered":"<p><span data-sheets-value=\"{\"1\":2,\"2\":\"La cera depilatoria liposolubile professionale all'Azulene permette garantisce un'epilazione efficace e perfetta in ogni periodo dell'anno. Lo strappo \u00e8 molto delicato e dolce, adatto anche alle zone pi\u00f9 sensibili. Particolarmente consigliato per soggetti allergici al biossido di titanio e all'ossido di zinco. Ha propriet\u00e0 lenitive, decongestionanti e anti-rossore, ha funzioni riparatrici del tessuto stressato. E' liposolubile per cui i suoi residui si rimuovono con solventi oleosi.\"}\" data-sheets-userformat=\"{\"2\":15297,\"3\":{\"1\":0},\"9\":0,\"10\":2,\"11\":0,\"12\":0,\"14\":{\"1\":2,\"2\":0},\"15\":\"Calibri\",\"16\":11}\">Das professionelle fettl\u00f6sliche Enthaarungswachs Azulene garantiert eine effektive und perfekte Haarentfernung das ganze Jahr \u00fcber. Die Tr\u00e4ne ist sehr zart und sanft, selbst f\u00fcr die empfindlichsten Stellen geeignet. Besonders empfohlen f\u00fcr Personen, die auf Titandioxid und Zinkoxid allergisch reagieren. Es hat lindernde, abschwellende und entstauende Eigenschaften und wirkt reparierend auf gestresstes Gewebe. Da es fettl\u00f6slich ist, werden seine R\u00fcckst\u00e4nde mit \u00f6ligen L\u00f6sungsmitteln entfernt.<\/span><\/p>\n<p>Schachtel mit 36 Patronen.<\/p>\n","protected":false},"excerpt":{"rendered":"<p>36 Kartuschen mit Azulene Haarentfernungswachs.<\/p>\n","protected":false},"featured_media":39577,"template":"","meta":{"_acf_changed":false},"product_brand":[],"product_cat":[1629],"product_tag":[1637,905,1677,1638,683],"class_list":{"0":"post-39580","1":"product","2":"type-product","3":"status-publish","4":"has-post-thumbnail","6":"product_cat-12-epilation-de","7":"product_tag-azulen","8":"product_tag-epilation","9":"product_tag-haarentfernung","10":"product_tag-kartusche","11":"product_tag-wachs","12":"pa_pezzi-1-stuck","13":"pa_pezzi-3-stuck","14":"pa_pezzi-5-stucke","16":"first","17":"instock","18":"taxable","19":"shipping-taxable","20":"purchasable","21":"product-type-variable"},"acf":[],"jetpack_sharing_enabled":true,"_links":{"self":[{"href":"https:\/\/cndestetik.ch\/de\/wp-json\/wp\/v2\/product\/39580","targetHints":{"allow":["GET"]}}],"collection":[{"href":"https:\/\/cndestetik.ch\/de\/wp-json\/wp\/v2\/product"}],"about":[{"href":"https:\/\/cndestetik.ch\/de\/wp-json\/wp\/v2\/types\/product"}],"wp:featuredmedia":[{"embeddable":true,"href":"https:\/\/cndestetik.ch\/de\/wp-json\/wp\/v2\/media\/39577"}],"wp:attachment":[{"href":"https:\/\/cndestetik.ch\/de\/wp-json\/wp\/v2\/media?parent=39580"}],"wp:term":[{"taxonomy":"product_brand","embeddable":true,"href":"https:\/\/cndestetik.ch\/de\/wp-json\/wp\/v2\/product_brand?post=39580"},{"taxonomy":"product_cat","embeddable":true,"href":"https:\/\/cndestetik.ch\/de\/wp-json\/wp\/v2\/product_cat?post=39580"},{"taxonomy":"product_tag","embeddable":true,"href":"https:\/\/cndestetik.ch\/de\/wp-json\/wp\/v2\/product_tag?post=39580"}],"curies":[{"name":"wp","href":"https:\/\/api.w.org\/{rel}","templated":true}]}}