{"id":39541,"date":"2022-06-02T09:34:37","date_gmt":"2022-06-02T07:34:37","guid":{"rendered":"https:\/\/ticinoweb01.jcloud.ik-server.com\/cndestetik\/prodotto\/manikuere-instrument\/"},"modified":"2022-07-07T15:35:56","modified_gmt":"2022-07-07T13:35:56","slug":"manikure-instrument-2","status":"publish","type":"product","link":"https:\/\/cndestetik.ch\/de\/prodotto\/manikure-instrument-2\/","title":{"rendered":"Manik\u00fcre Instrument"},"content":{"rendered":"<p>Manik\u00fcre-Instrument mit zwei K\u00f6pfen: einer spitz und der andere schneidend<\/p>\n","protected":false},"excerpt":{"rendered":"<p>Manik\u00fcre-Werkzeug.<\/p>\n","protected":false},"featured_media":39534,"template":"","meta":{"_acf_changed":false},"product_brand":[],"product_cat":[1299,1504],"product_tag":[1484,1592,1349],"class_list":{"0":"post-39541","1":"product","2":"type-product","3":"status-publish","4":"has-post-thumbnail","6":"product_cat-ausrustung","7":"product_cat-nails-manikure-pedikure","8":"product_tag-manikure","9":"product_tag-rostfreier-stahl-de","10":"product_tag-werkzeug","12":"first","13":"instock","14":"taxable","15":"shipping-taxable","16":"purchasable","17":"product-type-simple"},"acf":[],"jetpack_sharing_enabled":true,"_links":{"self":[{"href":"https:\/\/cndestetik.ch\/de\/wp-json\/wp\/v2\/product\/39541","targetHints":{"allow":["GET"]}}],"collection":[{"href":"https:\/\/cndestetik.ch\/de\/wp-json\/wp\/v2\/product"}],"about":[{"href":"https:\/\/cndestetik.ch\/de\/wp-json\/wp\/v2\/types\/product"}],"wp:featuredmedia":[{"embeddable":true,"href":"https:\/\/cndestetik.ch\/de\/wp-json\/wp\/v2\/media\/39534"}],"wp:attachment":[{"href":"https:\/\/cndestetik.ch\/de\/wp-json\/wp\/v2\/media?parent=39541"}],"wp:term":[{"taxonomy":"product_brand","embeddable":true,"href":"https:\/\/cndestetik.ch\/de\/wp-json\/wp\/v2\/product_brand?post=39541"},{"taxonomy":"product_cat","embeddable":true,"href":"https:\/\/cndestetik.ch\/de\/wp-json\/wp\/v2\/product_cat?post=39541"},{"taxonomy":"product_tag","embeddable":true,"href":"https:\/\/cndestetik.ch\/de\/wp-json\/wp\/v2\/product_tag?post=39541"}],"curies":[{"name":"wp","href":"https:\/\/api.w.org\/{rel}","templated":true}]}}