{"id":39258,"date":"2022-06-01T15:10:35","date_gmt":"2022-06-01T13:10:35","guid":{"rendered":"https:\/\/ticinoweb01.jcloud.ik-server.com\/cndestetik\/prodotto\/graue-feile-mit-180-180er-koernung\/"},"modified":"2022-11-15T15:50:57","modified_gmt":"2022-11-15T14:50:57","slug":"lima-grana-180-180","status":"publish","type":"product","link":"https:\/\/cndestetik.ch\/de\/prodotto\/lima-grana-180-180\/","title":{"rendered":"Feile mit 180\/180er K\u00f6rnung"},"content":{"rendered":"<p><span data-sheets-value=\"{\"1\":2,\"2\":\"Lima bianca per ricostruzione, anima flessibile in PVC. Indicata per la riduzione della lunghezza delle unghie. Confezione da 12 pz.\"}\" data-sheets-userformat=\"{\"2\":15297,\"3\":{\"1\":0},\"9\":0,\"10\":2,\"11\":0,\"12\":0,\"14\":{\"1\":2,\"2\":0},\"15\":\"Calibri\",\"16\":11}\">Wei\u00dfer Rekonstruktionsordner, flexibler PVC-Kern. Zur Reduzierung der Nagell\u00e4nge angezeigt. Packung mit 12 St\u00fcck.<\/span><\/p>\n","protected":false},"excerpt":{"rendered":"<p><span data-sheets-value=\"{\"1\":2,\"2\":\"Lima bianca per ricostruzione, anima flessibile in PVC. Indicata per la riduzione della lunghezza delle unghie. Confezione da 12 pz.\"}\" data-sheets-userformat=\"{\"2\":15297,\"3\":{\"1\":0},\"9\":0,\"10\":2,\"11\":0,\"12\":0,\"14\":{\"1\":2,\"2\":0},\"15\":\"Calibri\",\"16\":11}\">Wei\u00dfe Rekonstruktionsdatei<\/span><\/p>\n","protected":false},"featured_media":54277,"template":"","meta":{"_acf_changed":false},"product_brand":[],"product_cat":[1299],"product_tag":[1532,1552,1533,1553],"class_list":{"0":"post-39258","1":"product","2":"type-product","3":"status-publish","4":"has-post-thumbnail","6":"product_cat-ausrustung","7":"product_tag-180-de","8":"product_tag-180-180-de","9":"product_tag-datei","10":"product_tag-weise-datei","12":"first","13":"instock","14":"taxable","15":"shipping-taxable","16":"purchasable","17":"product-type-simple"},"acf":[],"jetpack_sharing_enabled":true,"_links":{"self":[{"href":"https:\/\/cndestetik.ch\/de\/wp-json\/wp\/v2\/product\/39258","targetHints":{"allow":["GET"]}}],"collection":[{"href":"https:\/\/cndestetik.ch\/de\/wp-json\/wp\/v2\/product"}],"about":[{"href":"https:\/\/cndestetik.ch\/de\/wp-json\/wp\/v2\/types\/product"}],"wp:featuredmedia":[{"embeddable":true,"href":"https:\/\/cndestetik.ch\/de\/wp-json\/wp\/v2\/media\/54277"}],"wp:attachment":[{"href":"https:\/\/cndestetik.ch\/de\/wp-json\/wp\/v2\/media?parent=39258"}],"wp:term":[{"taxonomy":"product_brand","embeddable":true,"href":"https:\/\/cndestetik.ch\/de\/wp-json\/wp\/v2\/product_brand?post=39258"},{"taxonomy":"product_cat","embeddable":true,"href":"https:\/\/cndestetik.ch\/de\/wp-json\/wp\/v2\/product_cat?post=39258"},{"taxonomy":"product_tag","embeddable":true,"href":"https:\/\/cndestetik.ch\/de\/wp-json\/wp\/v2\/product_tag?post=39258"}],"curies":[{"name":"wp","href":"https:\/\/api.w.org\/{rel}","templated":true}]}}