{"id":39239,"date":"2022-06-01T15:03:37","date_gmt":"2022-06-01T13:03:37","guid":{"rendered":"https:\/\/ticinoweb01.jcloud.ik-server.com\/cndestetik\/prodotto\/bananenfeile-koernung-100-100\/"},"modified":"2023-03-06T14:14:24","modified_gmt":"2023-03-06T13:14:24","slug":"lima-banana-grana-100-100","status":"publish","type":"product","link":"https:\/\/cndestetik.ch\/de\/prodotto\/lima-banana-grana-100-100\/","title":{"rendered":"Bananenfeile K\u00f6rnung 100-100"},"content":{"rendered":"<p><span data-sheets-value=\"{\"1\":2,\"2\":\"Lima con due grane 100\/100, anima flessibile in PVC e forma a mezzaluna. Indicata per la riduzione della lunghezza delle unghie o in caso di ricostruzione unghie per rimodellare e rifinire il gel o l'acrilico.\"}\" data-sheets-userformat=\"{\"2\":15297,\"3\":{\"1\":0},\"9\":0,\"10\":2,\"11\":0,\"12\":0,\"14\":{\"1\":2,\"2\":0},\"15\":\"Calibri\",\"16\":11}\">Feile mit zwei 100\/100-K\u00f6rnungen, flexiblem PVC-Kern und Halbmondform. Geeignet f\u00fcr die Verk\u00fcrzung von N\u00e4geln oder bei Nagelrekonstruktionen, um Gel- oder Acryln\u00e4gel neu zu formen und zu bearbeiten.<\/span><\/p>\n","protected":false},"excerpt":{"rendered":"<p>Limette 100\/100<\/p>\n","protected":false},"featured_media":39236,"template":"","meta":{"_acf_changed":false},"product_brand":[],"product_cat":[1299],"product_tag":[1541,1533],"class_list":{"0":"post-39239","1":"product","2":"type-product","3":"status-publish","4":"has-post-thumbnail","6":"product_cat-ausrustung","7":"product_tag-100-de","8":"product_tag-datei","10":"first","11":"outofstock","12":"taxable","13":"shipping-taxable","14":"purchasable","15":"product-type-simple"},"acf":[],"jetpack_sharing_enabled":true,"_links":{"self":[{"href":"https:\/\/cndestetik.ch\/de\/wp-json\/wp\/v2\/product\/39239","targetHints":{"allow":["GET"]}}],"collection":[{"href":"https:\/\/cndestetik.ch\/de\/wp-json\/wp\/v2\/product"}],"about":[{"href":"https:\/\/cndestetik.ch\/de\/wp-json\/wp\/v2\/types\/product"}],"wp:featuredmedia":[{"embeddable":true,"href":"https:\/\/cndestetik.ch\/de\/wp-json\/wp\/v2\/media\/39236"}],"wp:attachment":[{"href":"https:\/\/cndestetik.ch\/de\/wp-json\/wp\/v2\/media?parent=39239"}],"wp:term":[{"taxonomy":"product_brand","embeddable":true,"href":"https:\/\/cndestetik.ch\/de\/wp-json\/wp\/v2\/product_brand?post=39239"},{"taxonomy":"product_cat","embeddable":true,"href":"https:\/\/cndestetik.ch\/de\/wp-json\/wp\/v2\/product_cat?post=39239"},{"taxonomy":"product_tag","embeddable":true,"href":"https:\/\/cndestetik.ch\/de\/wp-json\/wp\/v2\/product_tag?post=39239"}],"curies":[{"name":"wp","href":"https:\/\/api.w.org\/{rel}","templated":true}]}}