{"id":39199,"date":"2022-06-01T14:52:57","date_gmt":"2022-06-01T12:52:57","guid":{"rendered":"https:\/\/ticinoweb01.jcloud.ik-server.com\/cndestetik\/prodotto\/brick-white-reconstruction-conf-6-stueck\/"},"modified":"2023-07-02T00:00:07","modified_gmt":"2023-07-01T22:00:07","slug":"ziegel-weis-sanierung-konf-6-tlg","status":"publish","type":"product","link":"https:\/\/cndestetik.ch\/de\/prodotto\/ziegel-weis-sanierung-konf-6-tlg\/","title":{"rendered":"Brick White Reconstruction conf. 6 St\u00fcck."},"content":{"rendered":"<p><span data-sheets-value=\"{\"1\":2,\"2\":\"Indicati per la limatura superficiale della lamina e la rifinitura della ricostruzione. Confezione da 6 pz.\"}\" data-sheets-userformat=\"{\"2\":15297,\"3\":{\"1\":0},\"9\":0,\"10\":2,\"11\":0,\"12\":0,\"14\":{\"1\":2,\"2\":0},\"15\":\"Calibri\",\"16\":11}\">Indiziert f\u00fcr oberfl\u00e4chliches Feilen der Folie und Finishing der Rekonstruktion. Packung mit 6 St\u00fcck.<\/span><\/p>\n","protected":false},"excerpt":{"rendered":"<p>Wiederaufbau Ziegel<\/p>\n","protected":false},"featured_media":54351,"template":"","meta":{"_acf_changed":false},"product_brand":[],"product_cat":[1299],"product_tag":[1526,1525],"class_list":{"0":"post-39199","1":"product","2":"type-product","3":"status-publish","4":"has-post-thumbnail","6":"product_cat-ausrustung","7":"product_tag-wiederaufbau","8":"product_tag-ziegelsanierung","9":"pa_pezzi-1-stuck","10":"pa_pezzi-3-stuck","12":"first","13":"instock","14":"taxable","15":"shipping-taxable","16":"purchasable","17":"product-type-variable"},"acf":[],"jetpack_sharing_enabled":true,"_links":{"self":[{"href":"https:\/\/cndestetik.ch\/de\/wp-json\/wp\/v2\/product\/39199","targetHints":{"allow":["GET"]}}],"collection":[{"href":"https:\/\/cndestetik.ch\/de\/wp-json\/wp\/v2\/product"}],"about":[{"href":"https:\/\/cndestetik.ch\/de\/wp-json\/wp\/v2\/types\/product"}],"wp:featuredmedia":[{"embeddable":true,"href":"https:\/\/cndestetik.ch\/de\/wp-json\/wp\/v2\/media\/54351"}],"wp:attachment":[{"href":"https:\/\/cndestetik.ch\/de\/wp-json\/wp\/v2\/media?parent=39199"}],"wp:term":[{"taxonomy":"product_brand","embeddable":true,"href":"https:\/\/cndestetik.ch\/de\/wp-json\/wp\/v2\/product_brand?post=39199"},{"taxonomy":"product_cat","embeddable":true,"href":"https:\/\/cndestetik.ch\/de\/wp-json\/wp\/v2\/product_cat?post=39199"},{"taxonomy":"product_tag","embeddable":true,"href":"https:\/\/cndestetik.ch\/de\/wp-json\/wp\/v2\/product_tag?post=39199"}],"curies":[{"name":"wp","href":"https:\/\/api.w.org\/{rel}","templated":true}]}}