{"id":39061,"date":"2022-06-01T14:00:26","date_gmt":"2022-06-01T12:00:26","guid":{"rendered":"https:\/\/ticinoweb01.jcloud.ik-server.com\/cndestetik\/prodotto\/laser-fuss-pedikuere-raspel\/"},"modified":"2023-11-02T23:00:13","modified_gmt":"2023-11-02T22:00:13","slug":"laser-fus-pedikure-raspel","status":"publish","type":"product","link":"https:\/\/cndestetik.ch\/de\/prodotto\/laser-fus-pedikure-raspel\/","title":{"rendered":"Laser Fu\u00df Pedik\u00fcre Raspel"},"content":{"rendered":"<p><span data-sheets-value=\"{\"1\":2,\"2\":\"Raspa con parte levigante in acciaio inox e parte abrasiva lavorata a laser. Due superfici leviganti una pi\u00f9 abrasiva e l'altra pi\u00f9 delicata. Ideale per la rimozione e la levigatura di superfici callose ed ispessite.\"}\" data-sheets-userformat=\"{\"2\":15297,\"3\":{\"1\":0},\"9\":0,\"10\":2,\"11\":0,\"12\":0,\"14\":{\"1\":2,\"2\":0},\"15\":\"Calibri\",\"16\":11}\">Raspel mit Edelstahl-Honteil und laserbehandeltem Schleifteil. Zwei Schleiffl\u00e4chen, eine mehr abrasiv und die andere mehr sanft. Ideal zum Entfernen und Gl\u00e4tten schwieliger und verdickter Oberfl\u00e4chen.<\/span><\/p>\n","protected":false},"excerpt":{"rendered":"<p>Zweiseitige Raspel mit unterschiedlicher K\u00f6rnung.<\/p>\n","protected":false},"featured_media":46701,"template":"","meta":{"_acf_changed":false},"product_brand":[],"product_cat":[1868,1299],"product_tag":[1455,1456,1376],"class_list":{"0":"post-39061","1":"product","2":"type-product","3":"status-publish","4":"has-post-thumbnail","6":"product_cat-angebote","7":"product_cat-ausrustung","8":"product_tag-fuse","9":"product_tag-fusraspel","10":"product_tag-raspel","11":"pa_pezzi-1-stuck","12":"pa_pezzi-10-stuck","14":"first","15":"instock","16":"taxable","17":"shipping-taxable","18":"purchasable","19":"product-type-variable"},"acf":[],"jetpack_sharing_enabled":true,"_links":{"self":[{"href":"https:\/\/cndestetik.ch\/de\/wp-json\/wp\/v2\/product\/39061","targetHints":{"allow":["GET"]}}],"collection":[{"href":"https:\/\/cndestetik.ch\/de\/wp-json\/wp\/v2\/product"}],"about":[{"href":"https:\/\/cndestetik.ch\/de\/wp-json\/wp\/v2\/types\/product"}],"wp:featuredmedia":[{"embeddable":true,"href":"https:\/\/cndestetik.ch\/de\/wp-json\/wp\/v2\/media\/46701"}],"wp:attachment":[{"href":"https:\/\/cndestetik.ch\/de\/wp-json\/wp\/v2\/media?parent=39061"}],"wp:term":[{"taxonomy":"product_brand","embeddable":true,"href":"https:\/\/cndestetik.ch\/de\/wp-json\/wp\/v2\/product_brand?post=39061"},{"taxonomy":"product_cat","embeddable":true,"href":"https:\/\/cndestetik.ch\/de\/wp-json\/wp\/v2\/product_cat?post=39061"},{"taxonomy":"product_tag","embeddable":true,"href":"https:\/\/cndestetik.ch\/de\/wp-json\/wp\/v2\/product_tag?post=39061"}],"curies":[{"name":"wp","href":"https:\/\/api.w.org\/{rel}","templated":true}]}}