{"id":39056,"date":"2022-06-01T13:54:17","date_gmt":"2022-06-01T11:54:17","guid":{"rendered":"https:\/\/ticinoweb01.jcloud.ik-server.com\/cndestetik\/prodotto\/pedikuer-raspel-12-stk\/"},"modified":"2022-11-15T15:52:06","modified_gmt":"2022-11-15T14:52:06","slug":"raspel-fur-pedikure-12stuck","status":"publish","type":"product","link":"https:\/\/cndestetik.ch\/de\/prodotto\/raspel-fur-pedikure-12stuck\/","title":{"rendered":"Pedik\u00fcr-Raspel 12 St\u00fcck"},"content":{"rendered":"<p><span data-sheets-value=\"{\"1\":2,\"2\":\"Raspa con 2 lati abrasivi per ridurre e levigare le callosit\u00e0 e gli ispessimenti cutanei. Presenta un lato a grana grossa, per eliminare l'eccesso di callosit\u00e0 ed uno a grana fine per levigare e rifinire la superficie cutanea. 12 pz.\"}\" data-sheets-userformat=\"{\"2\":15299,\"3\":{\"1\":0},\"4\":{\"1\":2,\"2\":65280},\"9\":0,\"10\":2,\"11\":0,\"12\":0,\"14\":{\"1\":2,\"2\":0},\"15\":\"Calibri\",\"16\":11}\">2-seitige Schleifraspel zur Reduzierung und Gl\u00e4ttung von Schwielen und Hautverdickungen. Er hat eine grobk\u00f6rnige Seite zum Entfernen \u00fcbersch\u00fcssiger Hornhaut und eine feink\u00f6rnige Seite zum Gl\u00e4tten und Verfeinern der Hautoberfl\u00e4che. 12 St\u00fcck.<\/span><\/p>\n","protected":false},"excerpt":{"rendered":"<p>Packung mit 12 Raspeln<\/p>\n","protected":false},"featured_media":54475,"template":"","meta":{"_acf_changed":false},"product_brand":[],"product_cat":[1299],"product_tag":[1376,9478],"class_list":{"0":"post-39056","1":"product","2":"type-product","3":"status-publish","4":"has-post-thumbnail","6":"product_cat-ausrustung","7":"product_tag-raspel","8":"product_tag-schleifmittel","10":"first","11":"instock","12":"taxable","13":"shipping-taxable","14":"purchasable","15":"product-type-simple"},"acf":[],"jetpack_sharing_enabled":true,"_links":{"self":[{"href":"https:\/\/cndestetik.ch\/de\/wp-json\/wp\/v2\/product\/39056","targetHints":{"allow":["GET"]}}],"collection":[{"href":"https:\/\/cndestetik.ch\/de\/wp-json\/wp\/v2\/product"}],"about":[{"href":"https:\/\/cndestetik.ch\/de\/wp-json\/wp\/v2\/types\/product"}],"wp:featuredmedia":[{"embeddable":true,"href":"https:\/\/cndestetik.ch\/de\/wp-json\/wp\/v2\/media\/54475"}],"wp:attachment":[{"href":"https:\/\/cndestetik.ch\/de\/wp-json\/wp\/v2\/media?parent=39056"}],"wp:term":[{"taxonomy":"product_brand","embeddable":true,"href":"https:\/\/cndestetik.ch\/de\/wp-json\/wp\/v2\/product_brand?post=39056"},{"taxonomy":"product_cat","embeddable":true,"href":"https:\/\/cndestetik.ch\/de\/wp-json\/wp\/v2\/product_cat?post=39056"},{"taxonomy":"product_tag","embeddable":true,"href":"https:\/\/cndestetik.ch\/de\/wp-json\/wp\/v2\/product_tag?post=39056"}],"curies":[{"name":"wp","href":"https:\/\/api.w.org\/{rel}","templated":true}]}}