{"id":39038,"date":"2022-06-01T13:47:41","date_gmt":"2022-06-01T11:47:41","guid":{"rendered":"https:\/\/ticinoweb01.jcloud.ik-server.com\/cndestetik\/prodotto\/abwaschbare-raspel-mit-kunststoffgriff\/"},"modified":"2022-11-15T15:53:18","modified_gmt":"2022-11-15T14:53:18","slug":"raspelgriff-kunststoff-abwaschbar","status":"publish","type":"product","link":"https:\/\/cndestetik.ch\/de\/prodotto\/raspelgriff-kunststoff-abwaschbar\/","title":{"rendered":"Abwaschbare Raspel mit Kunststoffgriff"},"content":{"rendered":"<p><span data-sheets-value=\"{\"1\":2,\"2\":\"Raspa abrasiva con due fogli di diversa grana. Resistente agli urti e all'acqua. Ideale per la riduzione dei duroni, callosit\u00e0 ed ispessimenti. La parte levigante, pur essendo altamente abrasiva, \u00e8 poco porosa, garantendo cos\u00ec una perfetta igiene. Colori assortiti. Grana 80-120\"}\" data-sheets-userformat=\"{\"2\":15297,\"3\":{\"1\":0},\"9\":0,\"10\":2,\"11\":0,\"12\":0,\"14\":{\"1\":2,\"2\":0},\"15\":\"Calibri\",\"16\":11}\">Abrasive Raspel mit zwei Bl\u00e4ttern unterschiedlicher K\u00f6rnung. Sto\u00dffest und wasserdicht. Ideal zur Reduzierung von H\u00fchneraugen, Schwielen und Verdickungen. Der Schleifteil ist zwar sehr abrasiv, aber nicht sehr por\u00f6s, so dass eine perfekte Hygiene gew\u00e4hrleistet ist. Farblich sortiert. K\u00f6rnung 80-120.<\/span><\/p>\n","protected":false},"excerpt":{"rendered":"<p>Abwaschbare Raspel mit Kunststoffgriff.<\/p>\n","protected":false},"featured_media":54471,"template":"","meta":{"_acf_changed":false},"product_brand":[],"product_cat":[1299],"product_tag":[9479,1376,1445],"class_list":{"0":"post-39038","1":"product","2":"type-product","3":"status-publish","4":"has-post-thumbnail","6":"product_cat-ausrustung","7":"product_tag-glattung","8":"product_tag-raspel","9":"product_tag-waschbar","11":"first","12":"instock","13":"taxable","14":"shipping-taxable","15":"purchasable","16":"product-type-simple"},"acf":[],"jetpack_sharing_enabled":true,"_links":{"self":[{"href":"https:\/\/cndestetik.ch\/de\/wp-json\/wp\/v2\/product\/39038","targetHints":{"allow":["GET"]}}],"collection":[{"href":"https:\/\/cndestetik.ch\/de\/wp-json\/wp\/v2\/product"}],"about":[{"href":"https:\/\/cndestetik.ch\/de\/wp-json\/wp\/v2\/types\/product"}],"wp:featuredmedia":[{"embeddable":true,"href":"https:\/\/cndestetik.ch\/de\/wp-json\/wp\/v2\/media\/54471"}],"wp:attachment":[{"href":"https:\/\/cndestetik.ch\/de\/wp-json\/wp\/v2\/media?parent=39038"}],"wp:term":[{"taxonomy":"product_brand","embeddable":true,"href":"https:\/\/cndestetik.ch\/de\/wp-json\/wp\/v2\/product_brand?post=39038"},{"taxonomy":"product_cat","embeddable":true,"href":"https:\/\/cndestetik.ch\/de\/wp-json\/wp\/v2\/product_cat?post=39038"},{"taxonomy":"product_tag","embeddable":true,"href":"https:\/\/cndestetik.ch\/de\/wp-json\/wp\/v2\/product_tag?post=39038"}],"curies":[{"name":"wp","href":"https:\/\/api.w.org\/{rel}","templated":true}]}}