{"id":38960,"date":"2022-06-01T12:52:41","date_gmt":"2022-06-01T10:52:41","guid":{"rendered":"https:\/\/ticinoweb01.jcloud.ik-server.com\/cndestetik\/prodotto\/waermedecke-klein\/"},"modified":"2022-11-15T15:44:11","modified_gmt":"2022-11-15T14:44:11","slug":"thermodecke-150x60","status":"publish","type":"product","link":"https:\/\/cndestetik.ch\/de\/prodotto\/thermodecke-150x60\/","title":{"rendered":"W\u00e4rmedecke 150&#215;60"},"content":{"rendered":"<p><span data-sheets-value=\"{\"1\":2,\"2\":\"Termocoperta estetica con commutatore a 6 livelli di temperatura e dispositivo di sicurezza Electro Block.\\nScaldalettino professionale per centri estetici dotato di timer automatico 1\/9 ore per spegnimento automatico.\\n\\nTERMOCOPERTA ESTETICA MADE IN ITALY:\\n\\nPannello riscaldante sostituibile\\nDoppio sistema di isolamento per omogenea distribuzione del calore\\nFodera atossica ad alta densit\u00e0 morbida e lavabile.\\n\\nDimensioni: 150x60 cm\\nColore: argento\\n150W 230V\\n\\n\"}\" data-sheets-userformat=\"{\"2\":15297,\"3\":{\"1\":0},\"9\":0,\"10\":2,\"11\":0,\"12\":0,\"14\":{\"1\":2,\"2\":0},\"15\":\"Calibri\",\"16\":11}\">\u00c4sthetische W\u00e4rmedecke mit 6-stufigem Temperaturschalter und Electro Block Sicherheitsvorrichtung.<br \/>\nProfessioneller W\u00e4rmer f\u00fcr Sch\u00f6nheitssalons, ausgestattet mit einem 1\/9-Stunden-Timer f\u00fcr die automatische Abschaltung.<\/span><\/p>\n<p>Auswechselbare Heizplatte<br \/>\nDoppeltes Isolationssystem f\u00fcr gleichm\u00e4\u00dfige W\u00e4rmeverteilung<br \/>\nHochdichtes, ungiftiges, weiches und waschbares Futter.<\/p>\n<p>Abmessungen: 150&#215;60 cm<br \/>\nFarbe: Silber<br \/>\n150W 230V<\/p>\n<p>Hergestellt in Italien<\/p>\n<p>&nbsp;<\/p>\n<p>**auch in anderen Gr\u00f6\u00dfen erh\u00e4ltlich<\/p>\n","protected":false},"excerpt":{"rendered":"<p><span data-sheets-value=\"{\"1\":2,\"2\":\"Termocoperta estetica con commutatore a 6 livelli di temperatura e dispositivo di sicurezza Electro Block.\\nScaldalettino professionale per centri estetici dotato di timer automatico 1\/9 ore per spegnimento automatico.\\n\\nTERMOCOPERTA ESTETICA MADE IN ITALY:\\n\\nPannello riscaldante sostituibile\\nDoppio sistema di isolamento per omogenea distribuzione del calore\\nFodera atossica ad alta densit\u00e0 morbida e lavabile.\\n\\nDimensioni: 150x60 cm\\nColore: argento\\n150W 230V\\n\\n\"}\" data-sheets-userformat=\"{\"2\":15297,\"3\":{\"1\":0},\"9\":0,\"10\":2,\"11\":0,\"12\":0,\"14\":{\"1\":2,\"2\":0},\"15\":\"Calibri\",\"16\":11}\">\u00c4sthetische W\u00e4rmedecke mit 6 Temperaturstufen und Electro Block Sicherheitsvorrichtung und Timer.<\/span><\/p>\n","protected":false},"featured_media":45511,"template":"","meta":{"_acf_changed":false},"product_brand":[],"product_cat":[1299],"product_tag":[1408,1407,1409],"class_list":{"0":"post-38960","1":"product","2":"type-product","3":"status-publish","4":"has-post-thumbnail","6":"product_cat-ausrustung","7":"product_tag-bettwarmer","8":"product_tag-kinderbettwarmer","9":"product_tag-thermodecke","11":"first","12":"instock","13":"taxable","14":"shipping-taxable","15":"purchasable","16":"product-type-simple"},"acf":[],"jetpack_sharing_enabled":true,"_links":{"self":[{"href":"https:\/\/cndestetik.ch\/de\/wp-json\/wp\/v2\/product\/38960","targetHints":{"allow":["GET"]}}],"collection":[{"href":"https:\/\/cndestetik.ch\/de\/wp-json\/wp\/v2\/product"}],"about":[{"href":"https:\/\/cndestetik.ch\/de\/wp-json\/wp\/v2\/types\/product"}],"wp:featuredmedia":[{"embeddable":true,"href":"https:\/\/cndestetik.ch\/de\/wp-json\/wp\/v2\/media\/45511"}],"wp:attachment":[{"href":"https:\/\/cndestetik.ch\/de\/wp-json\/wp\/v2\/media?parent=38960"}],"wp:term":[{"taxonomy":"product_brand","embeddable":true,"href":"https:\/\/cndestetik.ch\/de\/wp-json\/wp\/v2\/product_brand?post=38960"},{"taxonomy":"product_cat","embeddable":true,"href":"https:\/\/cndestetik.ch\/de\/wp-json\/wp\/v2\/product_cat?post=38960"},{"taxonomy":"product_tag","embeddable":true,"href":"https:\/\/cndestetik.ch\/de\/wp-json\/wp\/v2\/product_tag?post=38960"}],"curies":[{"name":"wp","href":"https:\/\/api.w.org\/{rel}","templated":true}]}}