{"id":38901,"date":"2022-06-01T11:32:57","date_gmt":"2022-06-01T09:32:57","guid":{"rendered":"https:\/\/ticinoweb01.jcloud.ik-server.com\/cndestetik\/prodotto\/professionelles-laser-rasiermesser-doppelseitig-inox\/"},"modified":"2024-08-07T09:20:18","modified_gmt":"2024-08-07T07:20:18","slug":"rasp-laser-professional-doppelseitig-inox","status":"publish","type":"product","link":"https:\/\/cndestetik.ch\/de\/prodotto\/rasp-laser-professional-doppelseitig-inox\/","title":{"rendered":"Professionelles Laser-Rasiermesser Doppelseitig Inox"},"content":{"rendered":"<p><span data-sheets-value=\"{\"1\":2,\"2\":\"Raspa con parte levigante in acciaio inox e parte abrasiva lavorata a laser. Due superfici leviganti una pi\u00f9 abrasiva e l'altra pi\u00f9 delicata. Ideale per la rimozione e la levigatura di superfici callose ispessite. PER USO PROFESSIONALE. STERILIZZABILE E AUTOCLAVABILE\"}\" data-sheets-userformat=\"{\"2\":15297,\"3\":{\"1\":0},\"9\":0,\"10\":2,\"11\":0,\"12\":0,\"14\":{\"1\":2,\"2\":0},\"15\":\"Calibri\",\"16\":11}\">Raspel mit Edelstahl-Honteil und laserbehandeltem Schleifteil. Zwei Schleiffl\u00e4chen: eine mehr abrasiv und die andere mehr sanft. Ideal zum Entfernen und Gl\u00e4tten von verdickten, schwieligen Oberfl\u00e4chen. F\u00dcR DEN PROFESSIONELLEN EINSATZ. STERILISIERBAR UND AUTOKLAVIERBAR<\/span><\/p>\n","protected":false},"excerpt":{"rendered":"<p><span data-sheets-value=\"{\"1\":2,\"2\":\"Raspa con parte levigante in acciaio inox e parte abrasiva lavorata a laser. Due superfici leviganti una pi\u00f9 abrasiva e l'altra pi\u00f9 delicata. Ideale per la rimozione e la levigatura di superfici callose ispessite. PER USO PROFESSIONALE. STERILIZZABILE E AUTOCLAVABILE\"}\" data-sheets-userformat=\"{\"2\":15297,\"3\":{\"1\":0},\"9\":0,\"10\":2,\"11\":0,\"12\":0,\"14\":{\"1\":2,\"2\":0},\"15\":\"Calibri\",\"16\":11}\">Raspel mit Edelstahl-Honteil und laserbehandeltem Schleifteil.<\/span><\/p>\n","protected":false},"featured_media":54467,"template":"","meta":{"_acf_changed":false},"product_brand":[],"product_cat":[1299,3330],"product_tag":[1373,1374,1375,1377,1329,1376,1327],"class_list":{"0":"post-38901","1":"product","2":"type-product","3":"status-publish","4":"has-post-thumbnail","6":"product_cat-ausrustung","7":"product_cat-11-okologie","8":"product_tag-calli-de","9":"product_tag-kallus","10":"product_tag-laser-de","11":"product_tag-laser-raspel","12":"product_tag-pedikure","13":"product_tag-raspel","14":"product_tag-rostfreier-stahl","15":"pa_pezzi-1-stuck","16":"pa_pezzi-5-stucke","18":"first","19":"instock","20":"taxable","21":"shipping-taxable","22":"purchasable","23":"product-type-variable"},"acf":[],"jetpack_sharing_enabled":true,"_links":{"self":[{"href":"https:\/\/cndestetik.ch\/de\/wp-json\/wp\/v2\/product\/38901","targetHints":{"allow":["GET"]}}],"collection":[{"href":"https:\/\/cndestetik.ch\/de\/wp-json\/wp\/v2\/product"}],"about":[{"href":"https:\/\/cndestetik.ch\/de\/wp-json\/wp\/v2\/types\/product"}],"wp:featuredmedia":[{"embeddable":true,"href":"https:\/\/cndestetik.ch\/de\/wp-json\/wp\/v2\/media\/54467"}],"wp:attachment":[{"href":"https:\/\/cndestetik.ch\/de\/wp-json\/wp\/v2\/media?parent=38901"}],"wp:term":[{"taxonomy":"product_brand","embeddable":true,"href":"https:\/\/cndestetik.ch\/de\/wp-json\/wp\/v2\/product_brand?post=38901"},{"taxonomy":"product_cat","embeddable":true,"href":"https:\/\/cndestetik.ch\/de\/wp-json\/wp\/v2\/product_cat?post=38901"},{"taxonomy":"product_tag","embeddable":true,"href":"https:\/\/cndestetik.ch\/de\/wp-json\/wp\/v2\/product_tag?post=38901"}],"curies":[{"name":"wp","href":"https:\/\/api.w.org\/{rel}","templated":true}]}}