{"id":38822,"date":"2022-06-01T10:21:11","date_gmt":"2022-06-01T08:21:11","guid":{"rendered":"https:\/\/ticinoweb01.jcloud.ik-server.com\/cndestetik\/prodotto\/satz-6-stueck-glaettungsfraeser\/"},"modified":"2022-11-15T15:45:26","modified_gmt":"2022-11-15T14:45:26","slug":"satz-6-teilige-glattungsfraser","status":"publish","type":"product","link":"https:\/\/cndestetik.ch\/de\/prodotto\/satz-6-teilige-glattungsfraser\/","title":{"rendered":"Satz 6 St\u00fcck. Gl\u00e4ttungsfr\u00e4ser"},"content":{"rendered":"<p><span data-sheets-value=\"{\"1\":2,\"2\":\"Set da 6 frese leviganti unghie per micromotore\"}\" data-sheets-userformat=\"{\"2\":15297,\"3\":{\"1\":0},\"9\":0,\"10\":2,\"11\":0,\"12\":0,\"14\":{\"1\":2,\"2\":0},\"15\":\"Calibri\",\"16\":11}\">Satz von 6 Nagellackierern f\u00fcr Mikromotor<\/span><\/p>\n","protected":false},"excerpt":{"rendered":"<p><span data-sheets-value=\"{\"1\":2,\"2\":\"Set da 6 frese leviganti unghie per micromotore\"}\" data-sheets-userformat=\"{\"2\":15297,\"3\":{\"1\":0},\"9\":0,\"10\":2,\"11\":0,\"12\":0,\"14\":{\"1\":2,\"2\":0},\"15\":\"Calibri\",\"16\":11}\">Satz mit 6 Abziehfr\u00e4sern<\/span><\/p>\n","protected":false},"featured_media":46886,"template":"","meta":{"_acf_changed":false},"product_brand":[],"product_cat":[1299,1504],"product_tag":[8415,1533,7754,8368,1608],"class_list":{"0":"post-38822","1":"product","2":"type-product","3":"status-publish","4":"has-post-thumbnail","6":"product_cat-ausrustung","7":"product_cat-nails-manikure-pedikure","8":"product_tag-6-de","9":"product_tag-datei","10":"product_tag-einstellen","11":"product_tag-fraser-de","12":"product_tag-limette","14":"first","15":"instock","16":"taxable","17":"shipping-taxable","18":"purchasable","19":"product-type-simple"},"acf":[],"jetpack_sharing_enabled":true,"_links":{"self":[{"href":"https:\/\/cndestetik.ch\/de\/wp-json\/wp\/v2\/product\/38822","targetHints":{"allow":["GET"]}}],"collection":[{"href":"https:\/\/cndestetik.ch\/de\/wp-json\/wp\/v2\/product"}],"about":[{"href":"https:\/\/cndestetik.ch\/de\/wp-json\/wp\/v2\/types\/product"}],"wp:featuredmedia":[{"embeddable":true,"href":"https:\/\/cndestetik.ch\/de\/wp-json\/wp\/v2\/media\/46886"}],"wp:attachment":[{"href":"https:\/\/cndestetik.ch\/de\/wp-json\/wp\/v2\/media?parent=38822"}],"wp:term":[{"taxonomy":"product_brand","embeddable":true,"href":"https:\/\/cndestetik.ch\/de\/wp-json\/wp\/v2\/product_brand?post=38822"},{"taxonomy":"product_cat","embeddable":true,"href":"https:\/\/cndestetik.ch\/de\/wp-json\/wp\/v2\/product_cat?post=38822"},{"taxonomy":"product_tag","embeddable":true,"href":"https:\/\/cndestetik.ch\/de\/wp-json\/wp\/v2\/product_tag?post=38822"}],"curies":[{"name":"wp","href":"https:\/\/api.w.org\/{rel}","templated":true}]}}