{"id":38817,"date":"2022-06-01T10:16:49","date_gmt":"2022-06-01T08:16:49","guid":{"rendered":"https:\/\/ticinoweb01.jcloud.ik-server.com\/cndestetik\/prodotto\/diavel-schermaschine\/"},"modified":"2022-11-15T15:45:24","modified_gmt":"2022-11-15T14:45:24","slug":"klipper-diavel","status":"publish","type":"product","link":"https:\/\/cndestetik.ch\/de\/prodotto\/klipper-diavel\/","title":{"rendered":"Diavel Schermaschine"},"content":{"rendered":"<p><span data-sheets-value=\"{\"1\":2,\"2\":\"Tosatrice professionale ricaricabile che funziona con o senza cavo. Motore AC ad alta potenza. Batteria al litio a lunga durata ( 120 min.) con ricarica rapida (70 min.) Lame professionali in titanio e rivestimento diamantato di prima qualit\u00e0, con sistema di protezione della pelle. Il Kit include: custodia della lama, spazzolino, bottiglia di olio 10 cc, 5 pettini.\"}\" data-sheets-userformat=\"{\"2\":15297,\"3\":{\"1\":0},\"9\":0,\"10\":2,\"11\":0,\"12\":0,\"14\":{\"1\":2,\"2\":0},\"15\":\"Calibri\",\"16\":11}\">Professioneller, wiederaufladbarer Haarschneider, der mit oder ohne Kabel funktioniert. Leistungsstarker AC-Motor. Langlebiger Lithium-Akku (120 Min.) mit Schnellladung (70 Min.) Professionelle Klingen aus Titan und hochwertiger Diamantbeschichtung, mit Hautschutzsystem. Das Set enth\u00e4lt: Klingenetui, B\u00fcrste, 10 cc Flasche \u00d6l, 5 K\u00e4mme.<\/span><\/p>\n","protected":false},"excerpt":{"rendered":"<p><span data-sheets-value=\"{\"1\":2,\"2\":\"Tosatrice professionale ricaricabile che funziona con o senza cavo. Motore AC ad alta potenza. Batteria al litio a lunga durata ( 120 min.) con ricarica rapida (70 min.) Lame professionali in titanio e rivestimento diamantato di prima qualit\u00e0, con sistema di protezione della pelle. Il Kit include: custodia della lama, spazzolino, bottiglia di olio 10 cc, 5 pettini.\"}\" data-sheets-userformat=\"{\"2\":15297,\"3\":{\"1\":0},\"9\":0,\"10\":2,\"11\":0,\"12\":0,\"14\":{\"1\":2,\"2\":0},\"15\":\"Calibri\",\"16\":11}\">Professioneller, wiederaufladbarer Haarschneider mit Titanium-Klingen und Premium-Diamantbeschichtung.<\/span><\/p>\n","protected":false},"featured_media":46890,"template":"","meta":{"_acf_changed":false},"product_brand":[],"product_cat":[1299],"product_tag":[1305],"class_list":{"0":"post-38817","1":"product","2":"type-product","3":"status-publish","4":"has-post-thumbnail","6":"product_cat-ausrustung","7":"product_tag-clipper-de","9":"first","10":"instock","11":"taxable","12":"shipping-taxable","13":"purchasable","14":"product-type-simple"},"acf":[],"jetpack_sharing_enabled":true,"_links":{"self":[{"href":"https:\/\/cndestetik.ch\/de\/wp-json\/wp\/v2\/product\/38817","targetHints":{"allow":["GET"]}}],"collection":[{"href":"https:\/\/cndestetik.ch\/de\/wp-json\/wp\/v2\/product"}],"about":[{"href":"https:\/\/cndestetik.ch\/de\/wp-json\/wp\/v2\/types\/product"}],"wp:featuredmedia":[{"embeddable":true,"href":"https:\/\/cndestetik.ch\/de\/wp-json\/wp\/v2\/media\/46890"}],"wp:attachment":[{"href":"https:\/\/cndestetik.ch\/de\/wp-json\/wp\/v2\/media?parent=38817"}],"wp:term":[{"taxonomy":"product_brand","embeddable":true,"href":"https:\/\/cndestetik.ch\/de\/wp-json\/wp\/v2\/product_brand?post=38817"},{"taxonomy":"product_cat","embeddable":true,"href":"https:\/\/cndestetik.ch\/de\/wp-json\/wp\/v2\/product_cat?post=38817"},{"taxonomy":"product_tag","embeddable":true,"href":"https:\/\/cndestetik.ch\/de\/wp-json\/wp\/v2\/product_tag?post=38817"}],"curies":[{"name":"wp","href":"https:\/\/api.w.org\/{rel}","templated":true}]}}