{"id":38790,"date":"2022-06-01T09:35:01","date_gmt":"2022-06-01T07:35:01","guid":{"rendered":"https:\/\/ticinoweb01.jcloud.ik-server.com\/cndestetik\/prodotto\/ultraschall-gel-transp-5-lt\/"},"modified":"2024-05-21T09:57:54","modified_gmt":"2024-05-21T07:57:54","slug":"gel-ultraschall","status":"publish","type":"product","link":"https:\/\/cndestetik.ch\/de\/prodotto\/gel-ultraschall\/","title":{"rendered":"Transparentes Leitf\u00e4higkeitsgel"},"content":{"rendered":"<p><span data-sheets-value=\"{\"1\":2,\"2\":\"Questo gel trasparente per ecografia (ECO), ultrasuoni, laser e cavitazioni \u00e8 un prodotto di alta qualit\u00e0 con eccellenti caratteristiche di conducibilit\u00e0. Non irrita, \u00e8 idrosolubile, non contiene sali, non ossida, non contiene sostanze grasse, non lascia residui permanenti sulle sonde ed \u00e8 facilmente asportabile.\\n\\nAvvertenze:\\nSolo per uso esterno\\nNon usare per registrazioni elettrocardiografiche\\nNon applicare il gel sugli occhi o su cute che presenti irritazioni, abrasioni o ferite\"}\" data-sheets-userformat=\"{\"2\":15297,\"3\":{\"1\":0},\"9\":0,\"10\":2,\"11\":0,\"12\":0,\"14\":{\"1\":2,\"2\":0},\"15\":\"Calibri\",\"16\":11}\">Dieses transparente Gel f\u00fcr Ultraschall, Laser und Kavitation ist ein hochwertiges Produkt mit hervorragenden Leitf\u00e4higkeitseigenschaften. Es ist nicht reizend, wasserl\u00f6slich, salzfrei, nicht oxidierend, fettfrei, hinterl\u00e4sst keine bleibenden R\u00fcckst\u00e4nde auf den Sonden und l\u00e4sst sich leicht entfernen.<\/span><\/p>\n<p>Warnungen:<br \/>\nNur f\u00fcr den Au\u00dfeneinsatz<br \/>\nTragen Sie das Gel nicht auf die Augen oder auf Haut mit Reizungen, Absch\u00fcrfungen oder Wunden auf.<\/p>\n","protected":false},"excerpt":{"rendered":"<p>Ultraschallgel f\u00fcr Ultraschall, <span data-sheets-value=\"{\"1\":2,\"2\":\"Questo gel trasparente per ecografia (ECO), ultrasuoni, laser e cavitazioni \u00e8 un prodotto di alta qualit\u00e0 con eccellenti caratteristiche di conducibilit\u00e0. Non irrita, \u00e8 idrosolubile, non contiene sali, non ossida, non contiene sostanze grasse, non lascia residui permanenti sulle sonde ed \u00e8 facilmente asportabile.\\n\\nAvvertenze:\\nSolo per uso esterno\\nNon usare per registrazioni elettrocardiografiche\\nNon applicare il gel sugli occhi o su cute che presenti irritazioni, abrasioni o ferite\"}\" data-sheets-userformat=\"{\"2\":15297,\"3\":{\"1\":0},\"9\":0,\"10\":2,\"11\":0,\"12\":0,\"14\":{\"1\":2,\"2\":0},\"15\":\"Calibri\",\"16\":11}\">Laser und Kavitation<\/span>.<\/p>\n","protected":false},"featured_media":39651,"template":"","meta":{"_acf_changed":false},"product_brand":[],"product_cat":[942,1629,11234],"product_tag":[1375,1694,1693,1280],"class_list":{"0":"post-38790","1":"product","2":"type-product","3":"status-publish","4":"has-post-thumbnail","6":"product_cat-einzelbenutzung","7":"product_cat-12-epilation-de","8":"product_cat-physiotherapie-de","9":"product_tag-laser-de","10":"product_tag-laser-gel-de","11":"product_tag-leitfahiges-gel","12":"product_tag-ultraschall-gel","13":"pa_gel-1-karton-4-kanister","14":"pa_gel-3-kartons-12-kanister","15":"pa_gel-3-kartons-36-1-liter-kanister","16":"pa_gel-5-kartons-20-kanister","17":"pa_gel-gel-1-liter-einzelbehalter","18":"pa_gel-gel-5-liter-einzeltank","20":"first","21":"instock","22":"sale","23":"taxable","24":"shipping-taxable","25":"purchasable","26":"product-type-variable"},"acf":[],"jetpack_sharing_enabled":true,"_links":{"self":[{"href":"https:\/\/cndestetik.ch\/de\/wp-json\/wp\/v2\/product\/38790","targetHints":{"allow":["GET"]}}],"collection":[{"href":"https:\/\/cndestetik.ch\/de\/wp-json\/wp\/v2\/product"}],"about":[{"href":"https:\/\/cndestetik.ch\/de\/wp-json\/wp\/v2\/types\/product"}],"wp:featuredmedia":[{"embeddable":true,"href":"https:\/\/cndestetik.ch\/de\/wp-json\/wp\/v2\/media\/39651"}],"wp:attachment":[{"href":"https:\/\/cndestetik.ch\/de\/wp-json\/wp\/v2\/media?parent=38790"}],"wp:term":[{"taxonomy":"product_brand","embeddable":true,"href":"https:\/\/cndestetik.ch\/de\/wp-json\/wp\/v2\/product_brand?post=38790"},{"taxonomy":"product_cat","embeddable":true,"href":"https:\/\/cndestetik.ch\/de\/wp-json\/wp\/v2\/product_cat?post=38790"},{"taxonomy":"product_tag","embeddable":true,"href":"https:\/\/cndestetik.ch\/de\/wp-json\/wp\/v2\/product_tag?post=38790"}],"curies":[{"name":"wp","href":"https:\/\/api.w.org\/{rel}","templated":true}]}}