{"id":38741,"date":"2022-06-01T08:55:53","date_gmt":"2022-06-01T06:55:53","guid":{"rendered":"https:\/\/ticinoweb01.jcloud.ik-server.com\/cndestetik\/prodotto\/selbstverschliessende-sterilisationsbeutel-9x26-cm-200-stueck\/"},"modified":"2022-11-15T15:45:23","modified_gmt":"2022-11-15T14:45:23","slug":"selbstschliesende-briefumschlage-cm-9x26","status":"publish","type":"product","link":"https:\/\/cndestetik.ch\/de\/prodotto\/selbstschliesende-briefumschlage-cm-9x26\/","title":{"rendered":"Selbstschlie\u00dfende Briefumschl\u00e4ge 9&#215;26 cm"},"content":{"rendered":"<p><span data-sheets-value=\"{\"1\":2,\"2\":\"Buste autosigillanti per sterilizzazione cm. 9x26 200 pz.\"}\" data-sheets-userformat=\"{\"2\":15297,\"3\":{\"1\":0},\"9\":0,\"10\":2,\"11\":0,\"12\":0,\"14\":{\"1\":2,\"2\":0},\"15\":\"Calibri\",\"16\":11}\">Selbstverschlie\u00dfende Sterilisationsbeutel 9&#215;26 cm, in einer Packung mit 200 St\u00fcck.<\/span><\/p>\n","protected":false},"excerpt":{"rendered":"<p><span data-sheets-value=\"{\"1\":2,\"2\":\"Buste autosigillanti per sterilizzazione cm. 9x26 200 pz.\"}\" data-sheets-userformat=\"{\"2\":15297,\"3\":{\"1\":0},\"9\":0,\"10\":2,\"11\":0,\"12\":0,\"14\":{\"1\":2,\"2\":0},\"15\":\"Calibri\",\"16\":11}\">Selbstverschlie\u00dfende Umschl\u00e4ge, Packung mit 200 St\u00fcck.<\/span><\/p>\n","protected":false},"featured_media":38733,"template":"","meta":{"_acf_changed":false},"product_brand":[],"product_cat":[942,1213],"product_tag":[1231,1230,1232,1237],"class_list":{"0":"post-38741","1":"product","2":"type-product","3":"status-publish","4":"has-post-thumbnail","6":"product_cat-einzelbenutzung","7":"product_cat-hygiene-und-sicherheit","8":"product_tag-briefumschlage","9":"product_tag-selbstdichtend","10":"product_tag-selbstverschliesende-umschlage","11":"product_tag-sterilisation-de-2","13":"first","14":"instock","15":"taxable","16":"shipping-taxable","17":"purchasable","18":"product-type-simple"},"acf":[],"jetpack_sharing_enabled":true,"_links":{"self":[{"href":"https:\/\/cndestetik.ch\/de\/wp-json\/wp\/v2\/product\/38741","targetHints":{"allow":["GET"]}}],"collection":[{"href":"https:\/\/cndestetik.ch\/de\/wp-json\/wp\/v2\/product"}],"about":[{"href":"https:\/\/cndestetik.ch\/de\/wp-json\/wp\/v2\/types\/product"}],"wp:featuredmedia":[{"embeddable":true,"href":"https:\/\/cndestetik.ch\/de\/wp-json\/wp\/v2\/media\/38733"}],"wp:attachment":[{"href":"https:\/\/cndestetik.ch\/de\/wp-json\/wp\/v2\/media?parent=38741"}],"wp:term":[{"taxonomy":"product_brand","embeddable":true,"href":"https:\/\/cndestetik.ch\/de\/wp-json\/wp\/v2\/product_brand?post=38741"},{"taxonomy":"product_cat","embeddable":true,"href":"https:\/\/cndestetik.ch\/de\/wp-json\/wp\/v2\/product_cat?post=38741"},{"taxonomy":"product_tag","embeddable":true,"href":"https:\/\/cndestetik.ch\/de\/wp-json\/wp\/v2\/product_tag?post=38741"}],"curies":[{"name":"wp","href":"https:\/\/api.w.org\/{rel}","templated":true}]}}