{"id":38710,"date":"2022-05-31T16:39:01","date_gmt":"2022-05-31T14:39:01","guid":{"rendered":"https:\/\/ticinoweb01.jcloud.ik-server.com\/cndestetik\/prodotto\/beuteltanga-fuer-frauen-sing-disp-100-stueck\/"},"modified":"2024-05-21T09:59:31","modified_gmt":"2024-05-21T07:59:31","slug":"tanga-frau","status":"publish","type":"product","link":"https:\/\/cndestetik.ch\/de\/prodotto\/tanga-frau\/","title":{"rendered":"Tanga f\u00fcr Frauen"},"content":{"rendered":"<p><span data-sheets-value=\"{\"1\":2,\"2\":\"Tanga donna monouso in TNT pertrattamenti estetici. Imbustato singolarmente. Confezione 100 pz.\"}\" data-sheets-userformat=\"{\"2\":15297,\"3\":{\"1\":0},\"9\":0,\"10\":2,\"11\":0,\"12\":0,\"14\":{\"1\":2,\"2\":0},\"15\":\"Calibri\",\"16\":11}\">Einwegtanga f\u00fcr Frauen von TNT f\u00fcr Sch\u00f6nheitsbehandlungen. Einzeln verpackt. Packung mit 100 St\u00fcck.<\/span><\/p>\n","protected":false},"excerpt":{"rendered":"<p>Einzeln verpackter Damen-Tanga.<\/p>\n","protected":false},"featured_media":38708,"template":"","meta":{"_acf_changed":false},"product_brand":[],"product_cat":[942],"product_tag":[1185,1186,1045],"class_list":{"0":"post-38710","1":"product","2":"type-product","3":"status-publish","4":"has-post-thumbnail","6":"product_cat-einzelbenutzung","7":"product_tag-frau","8":"product_tag-frau-tanga","9":"product_tag-tanga-de","10":"pa_pezzi-1-stuck","11":"pa_pezzi-10-stuck","12":"pa_pezzi-5-stucke","14":"first","15":"instock","16":"taxable","17":"shipping-taxable","18":"purchasable","19":"product-type-variable"},"acf":[],"jetpack_sharing_enabled":true,"_links":{"self":[{"href":"https:\/\/cndestetik.ch\/de\/wp-json\/wp\/v2\/product\/38710","targetHints":{"allow":["GET"]}}],"collection":[{"href":"https:\/\/cndestetik.ch\/de\/wp-json\/wp\/v2\/product"}],"about":[{"href":"https:\/\/cndestetik.ch\/de\/wp-json\/wp\/v2\/types\/product"}],"wp:featuredmedia":[{"embeddable":true,"href":"https:\/\/cndestetik.ch\/de\/wp-json\/wp\/v2\/media\/38708"}],"wp:attachment":[{"href":"https:\/\/cndestetik.ch\/de\/wp-json\/wp\/v2\/media?parent=38710"}],"wp:term":[{"taxonomy":"product_brand","embeddable":true,"href":"https:\/\/cndestetik.ch\/de\/wp-json\/wp\/v2\/product_brand?post=38710"},{"taxonomy":"product_cat","embeddable":true,"href":"https:\/\/cndestetik.ch\/de\/wp-json\/wp\/v2\/product_cat?post=38710"},{"taxonomy":"product_tag","embeddable":true,"href":"https:\/\/cndestetik.ch\/de\/wp-json\/wp\/v2\/product_tag?post=38710"}],"curies":[{"name":"wp","href":"https:\/\/api.w.org\/{rel}","templated":true}]}}