{"id":38684,"date":"2022-05-31T16:20:51","date_gmt":"2022-05-31T14:20:51","guid":{"rendered":"https:\/\/ticinoweb01.jcloud.ik-server.com\/cndestetik\/prodotto\/tnt-tagesdecke-10-stk\/"},"modified":"2023-01-10T15:56:53","modified_gmt":"2023-01-10T14:56:53","slug":"bettdecke-in-tnt","status":"publish","type":"product","link":"https:\/\/cndestetik.ch\/de\/prodotto\/bettdecke-in-tnt\/","title":{"rendered":"TNT-Bettdecke"},"content":{"rendered":"<p>TNT-Bettdecke mit Gummib\u00e4ndern. Geeignet f\u00fcr Kinderbetten von 2,00-2,30 m L\u00e4nge. Packung mit 10 St\u00fcck.<\/p>\n","protected":false},"excerpt":{"rendered":"<p>TNT Bettdecke anpassbar mit Gummib\u00e4ndern.<\/p>\n","protected":false},"featured_media":38681,"template":"","meta":{"_acf_changed":false},"product_brand":[],"product_cat":[942],"product_tag":[1741,1156,1155],"class_list":{"0":"post-38684","1":"product","2":"type-product","3":"status-publish","4":"has-post-thumbnail","6":"product_cat-einzelbenutzung","7":"product_tag-einweg-bettdecke","8":"product_tag-liegestuhl","9":"product_tag-tagesdecke","11":"first","12":"instock","13":"taxable","14":"shipping-taxable","15":"purchasable","16":"product-type-simple"},"acf":[],"jetpack_sharing_enabled":true,"_links":{"self":[{"href":"https:\/\/cndestetik.ch\/de\/wp-json\/wp\/v2\/product\/38684","targetHints":{"allow":["GET"]}}],"collection":[{"href":"https:\/\/cndestetik.ch\/de\/wp-json\/wp\/v2\/product"}],"about":[{"href":"https:\/\/cndestetik.ch\/de\/wp-json\/wp\/v2\/types\/product"}],"wp:featuredmedia":[{"embeddable":true,"href":"https:\/\/cndestetik.ch\/de\/wp-json\/wp\/v2\/media\/38681"}],"wp:attachment":[{"href":"https:\/\/cndestetik.ch\/de\/wp-json\/wp\/v2\/media?parent=38684"}],"wp:term":[{"taxonomy":"product_brand","embeddable":true,"href":"https:\/\/cndestetik.ch\/de\/wp-json\/wp\/v2\/product_brand?post=38684"},{"taxonomy":"product_cat","embeddable":true,"href":"https:\/\/cndestetik.ch\/de\/wp-json\/wp\/v2\/product_cat?post=38684"},{"taxonomy":"product_tag","embeddable":true,"href":"https:\/\/cndestetik.ch\/de\/wp-json\/wp\/v2\/product_tag?post=38684"}],"curies":[{"name":"wp","href":"https:\/\/api.w.org\/{rel}","templated":true}]}}