{"id":38650,"date":"2022-05-31T15:35:46","date_gmt":"2022-05-31T13:35:46","guid":{"rendered":"https:\/\/ticinoweb01.jcloud.ik-server.com\/cndestetik\/prodotto\/meissel-nr-6-schachtel-mit-20-stueck\/"},"modified":"2022-05-31T15:35:46","modified_gmt":"2022-05-31T13:35:46","slug":"sgorbia-n-6-box-da-20-pz-2","status":"publish","type":"product","link":"https:\/\/cndestetik.ch\/de\/prodotto\/sgorbia-n-6-box-da-20-pz-2\/","title":{"rendered":"Mei\u00dfel Nr. 6 Schachtel mit 20 St\u00fcck."},"content":{"rendered":"<p><span data-sheets-value=\"{\"1\":2,\"2\":\"Lame monouso sterilizzate in acciaio inox. Misura 6 mm. confezione da 20 pz.\"}\" data-sheets-userformat=\"{\"2\":15297,\"3\":{\"1\":0},\"9\":0,\"10\":2,\"11\":0,\"12\":0,\"14\":{\"1\":2,\"2\":0},\"15\":\"Calibri\",\"16\":11}\">Sterilisierte Einwegklingen aus rostfreiem Stahl. Gr\u00f6\u00dfe 6 mm. Packungsgr\u00f6\u00dfe 20 St\u00fcck.<\/span><\/p>\n","protected":false},"excerpt":{"rendered":"<p><span data-sheets-value=\"{\"1\":2,\"2\":\"Lame monouso sterilizzate in acciaio inox. Misura 6 mm. confezione da 20 pz.\"}\" data-sheets-userformat=\"{\"2\":15297,\"3\":{\"1\":0},\"9\":0,\"10\":2,\"11\":0,\"12\":0,\"14\":{\"1\":2,\"2\":0},\"15\":\"Calibri\",\"16\":11}\">Sterilisierte Einwegklingen f\u00fcr Hohlmei\u00dfel der Gr\u00f6\u00dfe 6 mm.<\/span><\/p>\n","protected":false},"featured_media":38647,"template":"","meta":{"_acf_changed":false},"product_brand":[],"product_cat":[942],"product_tag":[1109,1110,1112,1111],"class_list":{"0":"post-38650","1":"product","2":"type-product","3":"status-publish","4":"has-post-thumbnail","6":"product_cat-einzelbenutzung","7":"product_tag-6-mm-de","8":"product_tag-6mm-de","9":"product_tag-hohleisen","10":"product_tag-klinge","12":"first","13":"outofstock","14":"taxable","15":"shipping-taxable","16":"purchasable","17":"product-type-simple"},"acf":[],"jetpack_sharing_enabled":true,"_links":{"self":[{"href":"https:\/\/cndestetik.ch\/de\/wp-json\/wp\/v2\/product\/38650","targetHints":{"allow":["GET"]}}],"collection":[{"href":"https:\/\/cndestetik.ch\/de\/wp-json\/wp\/v2\/product"}],"about":[{"href":"https:\/\/cndestetik.ch\/de\/wp-json\/wp\/v2\/types\/product"}],"wp:featuredmedia":[{"embeddable":true,"href":"https:\/\/cndestetik.ch\/de\/wp-json\/wp\/v2\/media\/38647"}],"wp:attachment":[{"href":"https:\/\/cndestetik.ch\/de\/wp-json\/wp\/v2\/media?parent=38650"}],"wp:term":[{"taxonomy":"product_brand","embeddable":true,"href":"https:\/\/cndestetik.ch\/de\/wp-json\/wp\/v2\/product_brand?post=38650"},{"taxonomy":"product_cat","embeddable":true,"href":"https:\/\/cndestetik.ch\/de\/wp-json\/wp\/v2\/product_cat?post=38650"},{"taxonomy":"product_tag","embeddable":true,"href":"https:\/\/cndestetik.ch\/de\/wp-json\/wp\/v2\/product_tag?post=38650"}],"curies":[{"name":"wp","href":"https:\/\/api.w.org\/{rel}","templated":true}]}}