{"id":38641,"date":"2022-05-31T15:30:04","date_gmt":"2022-05-31T13:30:04","guid":{"rendered":"https:\/\/ticinoweb01.jcloud.ik-server.com\/cndestetik\/prodotto\/pe-ld-faerbeschuerze-50-stk\/"},"modified":"2022-11-15T15:46:37","modified_gmt":"2022-11-15T14:46:37","slug":"schurze-pe-ld","status":"publish","type":"product","link":"https:\/\/cndestetik.ch\/de\/prodotto\/schurze-pe-ld\/","title":{"rendered":"PE-LD-Sch\u00fcrze"},"content":{"rendered":"<p><span data-sheets-value=\"{\"1\":2,\"2\":\"TINTELLA apron, grembiule in P.E.L.D., cm. 62 x 120 confezione da 50 pz.\"}\" data-sheets-userformat=\"{\"2\":15297,\"3\":{\"1\":0},\"9\":0,\"10\":2,\"11\":0,\"12\":0,\"14\":{\"1\":2,\"2\":0},\"15\":\"Calibri\",\"16\":11}\">TINTELLA Sch\u00fcrze, P.E.L.D. Sch\u00fcrze, cm. 62 x 120 Packung mit 50 St\u00fcck.<\/span><\/p>\n","protected":false},"excerpt":{"rendered":"<p><span data-sheets-value=\"{\"1\":2,\"2\":\"TINTELLA apron, grembiule in P.E.L.D., cm. 62 x 120 confezione da 50 pz.\"}\" data-sheets-userformat=\"{\"2\":15297,\"3\":{\"1\":0},\"9\":0,\"10\":2,\"11\":0,\"12\":0,\"14\":{\"1\":2,\"2\":0},\"15\":\"Calibri\",\"16\":11}\">Sch\u00fcrze 62 x 120 in P.E.L.D.<\/span><\/p>\n","protected":false},"featured_media":38638,"template":"","meta":{"_acf_changed":false},"product_brand":[],"product_cat":[942,1213],"product_tag":[1815,1094],"class_list":{"0":"post-38641","1":"product","2":"type-product","3":"status-publish","4":"has-post-thumbnail","6":"product_cat-einzelbenutzung","7":"product_cat-hygiene-und-sicherheit","8":"product_tag-behandlungsschurze","9":"product_tag-schurze","11":"first","12":"instock","13":"taxable","14":"shipping-taxable","15":"purchasable","16":"product-type-simple"},"acf":[],"jetpack_sharing_enabled":true,"_links":{"self":[{"href":"https:\/\/cndestetik.ch\/de\/wp-json\/wp\/v2\/product\/38641","targetHints":{"allow":["GET"]}}],"collection":[{"href":"https:\/\/cndestetik.ch\/de\/wp-json\/wp\/v2\/product"}],"about":[{"href":"https:\/\/cndestetik.ch\/de\/wp-json\/wp\/v2\/types\/product"}],"wp:featuredmedia":[{"embeddable":true,"href":"https:\/\/cndestetik.ch\/de\/wp-json\/wp\/v2\/media\/38638"}],"wp:attachment":[{"href":"https:\/\/cndestetik.ch\/de\/wp-json\/wp\/v2\/media?parent=38641"}],"wp:term":[{"taxonomy":"product_brand","embeddable":true,"href":"https:\/\/cndestetik.ch\/de\/wp-json\/wp\/v2\/product_brand?post=38641"},{"taxonomy":"product_cat","embeddable":true,"href":"https:\/\/cndestetik.ch\/de\/wp-json\/wp\/v2\/product_cat?post=38641"},{"taxonomy":"product_tag","embeddable":true,"href":"https:\/\/cndestetik.ch\/de\/wp-json\/wp\/v2\/product_tag?post=38641"}],"curies":[{"name":"wp","href":"https:\/\/api.w.org\/{rel}","templated":true}]}}