{"id":38631,"date":"2022-05-31T15:10:02","date_gmt":"2022-05-31T13:10:02","guid":{"rendered":"https:\/\/ticinoweb01.jcloud.ik-server.com\/cndestetik\/prodotto\/papier-ig-jumbo-j18-2-lagen-12-stueck\/"},"modified":"2023-04-19T13:22:36","modified_gmt":"2023-04-19T11:22:36","slug":"toilettenpapier-2-blatter-j18","status":"publish","type":"product","link":"https:\/\/cndestetik.ch\/de\/prodotto\/toilettenpapier-2-blatter-j18\/","title":{"rendered":"2-lagiges Toilettenpapier J18"},"content":{"rendered":"<p><span data-sheets-value=\"{\"1\":2,\"2\":\"CARTA IGIENICA MINI JUMBO IDEALE PER CASA E UFFICI, PURA CELLULOSA, 2 VELI, CERTIFICAZIONE PEFC. COLOR BIANCO. Confezione da 12 rotoli\"}\" data-sheets-userformat=\"{\"2\":15297,\"3\":{\"1\":0},\"9\":0,\"10\":2,\"11\":0,\"12\":0,\"14\":{\"1\":2,\"2\":0},\"15\":\"Calibri\",\"16\":11}\">Mini-Jumbo-Toilettenpapier, ideal f\u00fcr den Gebrauch zu Hause und im B\u00fcro, reine Zellulose, 2-lagig, PEFC-zertifiziert. Farbe Wei\u00df.  <\/span><\/p>\n<p><span data-sheets-value=\"{\"1\":2,\"2\":\"CARTA IGIENICA MINI JUMBO IDEALE PER CASA E UFFICI, PURA CELLULOSA, 2 VELI, CERTIFICAZIONE PEFC. COLOR BIANCO. Confezione da 12 rotoli\"}\" data-sheets-userformat=\"{\"2\":15297,\"3\":{\"1\":0},\"9\":0,\"10\":2,\"11\":0,\"12\":0,\"14\":{\"1\":2,\"2\":0},\"15\":\"Calibri\",\"16\":11}\">Packung mit 12 Rollen<\/span><\/p>\n","protected":false},"excerpt":{"rendered":"<p>12 Rollen Mini Jumbo 2-lagiges Toilettenpapier.<\/p>\n","protected":false},"featured_media":38629,"template":"","meta":{"_acf_changed":false},"product_brand":[],"product_cat":[1213,11234],"product_tag":[1821,1822,1080,1081,978,1064],"class_list":{"0":"post-38631","1":"product","2":"type-product","3":"status-publish","4":"has-post-thumbnail","6":"product_cat-hygiene-und-sicherheit","7":"product_cat-physiotherapie-de","8":"product_tag-bad-accessoires","9":"product_tag-badezimmer","10":"product_tag-hygienisch","11":"product_tag-mini-jumbo-de","12":"product_tag-papier-de","13":"product_tag-toilettenpapier","15":"first","16":"instock","17":"sale","18":"taxable","19":"shipping-taxable","20":"purchasable","21":"product-type-simple"},"acf":[],"jetpack_sharing_enabled":true,"_links":{"self":[{"href":"https:\/\/cndestetik.ch\/de\/wp-json\/wp\/v2\/product\/38631","targetHints":{"allow":["GET"]}}],"collection":[{"href":"https:\/\/cndestetik.ch\/de\/wp-json\/wp\/v2\/product"}],"about":[{"href":"https:\/\/cndestetik.ch\/de\/wp-json\/wp\/v2\/types\/product"}],"wp:featuredmedia":[{"embeddable":true,"href":"https:\/\/cndestetik.ch\/de\/wp-json\/wp\/v2\/media\/38629"}],"wp:attachment":[{"href":"https:\/\/cndestetik.ch\/de\/wp-json\/wp\/v2\/media?parent=38631"}],"wp:term":[{"taxonomy":"product_brand","embeddable":true,"href":"https:\/\/cndestetik.ch\/de\/wp-json\/wp\/v2\/product_brand?post=38631"},{"taxonomy":"product_cat","embeddable":true,"href":"https:\/\/cndestetik.ch\/de\/wp-json\/wp\/v2\/product_cat?post=38631"},{"taxonomy":"product_tag","embeddable":true,"href":"https:\/\/cndestetik.ch\/de\/wp-json\/wp\/v2\/product_tag?post=38631"}],"curies":[{"name":"wp","href":"https:\/\/api.w.org\/{rel}","templated":true}]}}