{"id":38546,"date":"2022-05-31T14:04:24","date_gmt":"2022-05-31T12:04:24","guid":{"rendered":"https:\/\/ticinoweb01.jcloud.ik-server.com\/cndestetik\/prodotto\/deink-z-handtuecher\/"},"modified":"2023-04-19T13:26:06","modified_gmt":"2023-04-19T11:26:06","slug":"2-blatt-recycling-handtucher","status":"publish","type":"product","link":"https:\/\/cndestetik.ch\/de\/prodotto\/2-blatt-recycling-handtucher\/","title":{"rendered":"Recycelte 2-lagige Handt\u00fccher"},"content":{"rendered":"<p><span data-sheets-value=\"{\"1\":2,\"2\":\"I prodotti Velo Deink sono realizzati con una selezione di 100% carta riciclata e rigenerata attraverso un processo produttivo che non prevedel'utilizzo di sostanze dannose per l'uomo e per l'ambiente. Tuttii prodotti della linea Velo Deink sono certificati ECOLABEL. ASCIUGAMANI PIEGA Z VELO DEINK AZ 220PZ X 18CF X CT\"}\" data-sheets-userformat=\"{\"2\":15297,\"3\":{\"1\":0},\"9\":0,\"10\":2,\"11\":0,\"12\":0,\"14\":{\"1\":2,\"2\":0},\"15\":\"Calibri\",\"16\":11}\">Die Produkte von Velo Deink werden aus einer Auswahl von 100 % recyceltem und regeneriertem Papier in einem Produktionsprozess hergestellt, bei dem keine f\u00fcr Mensch und Umwelt sch\u00e4dlichen Stoffe verwendet werden. Alle Produkte der Linie Velo Deink sind ECOLABEL-zertifiziert. Velo Deink Z-Falthandt\u00fccher AZ  <\/span><\/p>\n<p><span data-sheets-value=\"{\"1\":2,\"2\":\"I prodotti Velo Deink sono realizzati con una selezione di 100% carta riciclata e rigenerata attraverso un processo produttivo che non prevedel'utilizzo di sostanze dannose per l'uomo e per l'ambiente. Tuttii prodotti della linea Velo Deink sono certificati ECOLABEL. ASCIUGAMANI PIEGA Z VELO DEINK AZ 220PZ X 18CF X CT\"}\" data-sheets-userformat=\"{\"2\":15297,\"3\":{\"1\":0},\"9\":0,\"10\":2,\"11\":0,\"12\":0,\"14\":{\"1\":2,\"2\":0},\"15\":\"Calibri\",\"16\":11}\">220 St\u00fcck X 18 Packungen pro Karton<\/span><\/p>\n","protected":false},"excerpt":{"rendered":"<p>Deink-Handt\u00fccher in einem Karton mit 220 St\u00fcck, aufgeteilt in 18 Pakete.<\/p>\n","protected":false},"featured_media":38543,"template":"","meta":{"_acf_changed":false},"product_brand":[],"product_cat":[1213,11234,11230],"product_tag":[1037,1822,1006],"class_list":{"0":"post-38546","1":"product","2":"type-product","3":"status-publish","4":"has-post-thumbnail","6":"product_cat-hygiene-und-sicherheit","7":"product_cat-physiotherapie-de","8":"product_cat-tatuatoren","9":"product_tag-az-de","10":"product_tag-badezimmer","11":"product_tag-handtucher","13":"first","14":"instock","15":"taxable","16":"shipping-taxable","17":"purchasable","18":"product-type-simple"},"acf":[],"jetpack_sharing_enabled":true,"_links":{"self":[{"href":"https:\/\/cndestetik.ch\/de\/wp-json\/wp\/v2\/product\/38546","targetHints":{"allow":["GET"]}}],"collection":[{"href":"https:\/\/cndestetik.ch\/de\/wp-json\/wp\/v2\/product"}],"about":[{"href":"https:\/\/cndestetik.ch\/de\/wp-json\/wp\/v2\/types\/product"}],"wp:featuredmedia":[{"embeddable":true,"href":"https:\/\/cndestetik.ch\/de\/wp-json\/wp\/v2\/media\/38543"}],"wp:attachment":[{"href":"https:\/\/cndestetik.ch\/de\/wp-json\/wp\/v2\/media?parent=38546"}],"wp:term":[{"taxonomy":"product_brand","embeddable":true,"href":"https:\/\/cndestetik.ch\/de\/wp-json\/wp\/v2\/product_brand?post=38546"},{"taxonomy":"product_cat","embeddable":true,"href":"https:\/\/cndestetik.ch\/de\/wp-json\/wp\/v2\/product_cat?post=38546"},{"taxonomy":"product_tag","embeddable":true,"href":"https:\/\/cndestetik.ch\/de\/wp-json\/wp\/v2\/product_tag?post=38546"}],"curies":[{"name":"wp","href":"https:\/\/api.w.org\/{rel}","templated":true}]}}