{"id":38522,"date":"2022-05-31T13:45:41","date_gmt":"2022-05-31T11:45:41","guid":{"rendered":"https:\/\/ticinoweb01.jcloud.ik-server.com\/cndestetik\/prodotto\/kinesiologie-baender-5x5-farben-mischen-6er-pack\/"},"modified":"2025-01-24T14:38:06","modified_gmt":"2025-01-24T13:38:06","slug":"kinesiologie-bander","status":"publish","type":"product","link":"https:\/\/cndestetik.ch\/de\/prodotto\/kinesiologie-bander\/","title":{"rendered":"Kinesiologie-B\u00e4nder"},"content":{"rendered":"<p><span data-sheets-value=\"{\"1\":2,\"2\":\"\u2022 Dimensioni: 5 m x 5 cm\\n\u2022 Colore: colori misti (azzurro, rosso, rosa, verde, nero, pelle)\\n\\nTaping kinesiologici di alta qualit\u00e0 adatti a ogni parte del corpo. Garantiscono un sostegno e una compressione forti e sono ottimali per il trattamento di sintomi muscolari, per stimolare la circolazione sanguigna e in caso di derivazioni di fasci nervosi e della linfa. Riducono il dolore e migliorano le performance degli altleti. Facili da strappare e da snodare.\\n\\nConfezionati singolarmente in sacca di plastica e scatole di cartone.\\n- cotone morbido ipoallergenico e flessibile, elasticit\u00e0 fino al 160%\\n- resistente all'acqua (livello 3) e al sudore al 70%\\n- ultra adesivo: fino a 7 giorni\\n\\nScatola e istruzioni multilingue (GB, FR, IT, ES)\\nMateriale: 97% cotone, 3% elastan\"}\" data-sheets-userformat=\"{\"2\":15297,\"3\":{\"1\":0},\"9\":0,\"10\":2,\"11\":0,\"12\":0,\"14\":{\"1\":2,\"2\":0},\"15\":\"Calibri\",\"16\":11}\"><br \/>\n&#8211; Abmessungen: 5 m x 5 cm &#8211; Farbe: gemischte Farben (blau, rot, rosa, gr\u00fcn, schwarz, Leder)<\/span><\/p>\n<p>Hochwertige kinesiologische Tapes, die f\u00fcr jeden K\u00f6rperteil geeignet sind. Sie bieten eine starke Unterst\u00fctzung und Kompression und sind optimal f\u00fcr die Behandlung von muskul\u00e4ren Symptomen, zur Stimulierung der Blutzirkulation und im Falle von Nerven- und Lymphb\u00fcndel-Shunts. Sie reduzieren Schmerzen und verbessern die Leistung der Sportler. Leicht zu zerrei\u00dfen und zu entwirren.<\/p>\n<p>Einzeln verpackt in Plastikbeuteln und Kartons &#8211; weiche, hypoallergene und flexible Baumwolle, bis zu 160% Elastizit\u00e4t &#8211; 70% wasser- (Stufe 3) und schwei\u00dffest &#8211; ultra-klebrig: bis zu 7 Tage Verpackung und Anleitung in mehreren Sprachen (GB, FR, IT, ES) Material: 97% Baumwolle, 3% Elastan<\/p>\n<p>&nbsp;<\/p>\n<p>Entdecken Sie unsere Aesthetic Taping Behandlung!<\/p>\n","protected":false},"excerpt":{"rendered":"<p><span data-sheets-value=\"{\"1\":2,\"2\":\"\u2022 Dimensioni: 5 m x 5 cm\\n\u2022 Colore: colori misti (azzurro, rosso, rosa, verde, nero, pelle)\\n\\nTaping kinesiologici di alta qualit\u00e0 adatti a ogni parte del corpo. Garantiscono un sostegno e una compressione forti e sono ottimali per il trattamento di sintomi muscolari, per stimolare la circolazione sanguigna e in caso di derivazioni di fasci nervosi e della linfa. Riducono il dolore e migliorano le performance degli altleti. Facili da strappare e da snodare.\\n\\nConfezionati singolarmente in sacca di plastica e scatole di cartone.\\n- cotone morbido ipoallergenico e flessibile, elasticit\u00e0 fino al 160%\\n- resistente all'acqua (livello 3) e al sudore al 70%\\n- ultra adesivo: fino a 7 giorni\\n\\nScatola e istruzioni multilingue (GB, FR, IT, ES)\\nMateriale: 97% cotone, 3% elastan\"}\" data-sheets-userformat=\"{\"2\":15297,\"3\":{\"1\":0},\"9\":0,\"10\":2,\"11\":0,\"12\":0,\"14\":{\"1\":2,\"2\":0},\"15\":\"Calibri\",\"16\":11}\">Hochwertige Kinesiologie-Tapes in 6er-Packungen.<\/span><\/p>\n","protected":false},"featured_media":39775,"template":"","meta":{"_acf_changed":false},"product_brand":[],"product_cat":[12985,942,11234],"product_tag":[1029,1030],"class_list":{"0":"post-38522","1":"product","2":"type-product","3":"status-publish","4":"has-post-thumbnail","6":"product_cat-body","7":"product_cat-einzelbenutzung","8":"product_cat-physiotherapie-de","9":"product_tag-bandagieren","10":"product_tag-behandlung","12":"first","13":"instock","14":"taxable","15":"shipping-taxable","16":"purchasable","17":"product-type-simple"},"acf":[],"jetpack_sharing_enabled":true,"_links":{"self":[{"href":"https:\/\/cndestetik.ch\/de\/wp-json\/wp\/v2\/product\/38522","targetHints":{"allow":["GET"]}}],"collection":[{"href":"https:\/\/cndestetik.ch\/de\/wp-json\/wp\/v2\/product"}],"about":[{"href":"https:\/\/cndestetik.ch\/de\/wp-json\/wp\/v2\/types\/product"}],"wp:featuredmedia":[{"embeddable":true,"href":"https:\/\/cndestetik.ch\/de\/wp-json\/wp\/v2\/media\/39775"}],"wp:attachment":[{"href":"https:\/\/cndestetik.ch\/de\/wp-json\/wp\/v2\/media?parent=38522"}],"wp:term":[{"taxonomy":"product_brand","embeddable":true,"href":"https:\/\/cndestetik.ch\/de\/wp-json\/wp\/v2\/product_brand?post=38522"},{"taxonomy":"product_cat","embeddable":true,"href":"https:\/\/cndestetik.ch\/de\/wp-json\/wp\/v2\/product_cat?post=38522"},{"taxonomy":"product_tag","embeddable":true,"href":"https:\/\/cndestetik.ch\/de\/wp-json\/wp\/v2\/product_tag?post=38522"}],"curies":[{"name":"wp","href":"https:\/\/api.w.org\/{rel}","templated":true}]}}