{"id":38508,"date":"2022-05-31T13:31:25","date_gmt":"2022-05-31T11:31:25","guid":{"rendered":"https:\/\/ticinoweb01.jcloud.ik-server.com\/cndestetik\/prodotto\/superlux-kreisfoermige-matte-50stk\/"},"modified":"2023-09-02T00:00:39","modified_gmt":"2023-09-01T22:00:39","slug":"matt-kreisformig-superlux","status":"publish","type":"product","link":"https:\/\/cndestetik.ch\/de\/prodotto\/matt-kreisformig-superlux\/","title":{"rendered":"Superlux Kreisf\u00f6rmige Matte"},"content":{"rendered":"<p><span data-sheets-value=\"{\"1\":2,\"2\":\"Tappetino circolare superlux, alta assorbenza, grande spessore. Confezione da 50 pz.\"}\" data-sheets-userformat=\"{\"2\":15297,\"3\":{\"1\":0},\"9\":0,\"10\":2,\"11\":0,\"12\":0,\"14\":{\"1\":2,\"2\":0},\"15\":\"Calibri\",\"16\":11}\">Superlux Rundmatte, hohe Saugf\u00e4higkeit, gro\u00dfe Dicke. Packung mit 50 St\u00fcck.<\/span><\/p>\n","protected":false},"excerpt":{"rendered":"<p>Superlux-Matte, 50er-Packung.<\/p>\n","protected":false},"featured_media":38505,"template":"","meta":{"_acf_changed":false},"product_brand":[],"product_cat":[942],"product_tag":[1856,1850,1852],"class_list":{"0":"post-38508","1":"product","2":"type-product","3":"status-publish","4":"has-post-thumbnail","6":"product_cat-einzelbenutzung","7":"product_tag-einwegteppich","8":"product_tag-matte-de","9":"product_tag-teppich","10":"pa_pezzi-1-stuck","11":"pa_pezzi-2-stuck","13":"first","14":"instock","15":"taxable","16":"shipping-taxable","17":"purchasable","18":"product-type-variable"},"acf":[],"jetpack_sharing_enabled":true,"_links":{"self":[{"href":"https:\/\/cndestetik.ch\/de\/wp-json\/wp\/v2\/product\/38508","targetHints":{"allow":["GET"]}}],"collection":[{"href":"https:\/\/cndestetik.ch\/de\/wp-json\/wp\/v2\/product"}],"about":[{"href":"https:\/\/cndestetik.ch\/de\/wp-json\/wp\/v2\/types\/product"}],"wp:featuredmedia":[{"embeddable":true,"href":"https:\/\/cndestetik.ch\/de\/wp-json\/wp\/v2\/media\/38505"}],"wp:attachment":[{"href":"https:\/\/cndestetik.ch\/de\/wp-json\/wp\/v2\/media?parent=38508"}],"wp:term":[{"taxonomy":"product_brand","embeddable":true,"href":"https:\/\/cndestetik.ch\/de\/wp-json\/wp\/v2\/product_brand?post=38508"},{"taxonomy":"product_cat","embeddable":true,"href":"https:\/\/cndestetik.ch\/de\/wp-json\/wp\/v2\/product_cat?post=38508"},{"taxonomy":"product_tag","embeddable":true,"href":"https:\/\/cndestetik.ch\/de\/wp-json\/wp\/v2\/product_tag?post=38508"}],"curies":[{"name":"wp","href":"https:\/\/api.w.org\/{rel}","templated":true}]}}