{"id":38485,"date":"2022-05-31T13:13:36","date_gmt":"2022-05-31T11:13:36","guid":{"rendered":"https:\/\/ticinoweb01.jcloud.ik-server.com\/cndestetik\/prodotto\/gepraegte-zellspule-3v-800-blatt-2-stueck\/"},"modified":"2023-04-19T13:26:06","modified_gmt":"2023-04-19T11:26:06","slug":"reel-p-cell-embossed-3-ply","status":"publish","type":"product","link":"https:\/\/cndestetik.ch\/de\/prodotto\/reel-p-cell-embossed-3-ply\/","title":{"rendered":"3-lagige gepr\u00e4gte Zellstoffspule"},"content":{"rendered":"<p><span data-sheets-value=\"{\"1\":2,\"2\":\"BOBINE CARTA INDUSTRIALE ROTOLI VELO PURE PULP EXTRA 3 ASCIUGATUTTO ASSORBENTE MULTIUSO 800 STRAPPI\\n\u25cf Materia prima: Pura cellulosa \u25cf Colore materia prima: Bianco\\n\u25cf N\u00b0 veli 3 \u25cf Incollaggio veli si\\n\u25cf Grammatura totale gr\/mq 51,0 \u25cf Altezza servizio mm 250\\n\u25cf Lunghezza servizio mm 250 \u25cf Pezzi per confezione n\u00b0 2\\n\u25cf Strappi per rotolo n\u00b0 800 \u25cf Lunghezza rotolo m 200,00\\n\u25cf Diametro rotolo mm 280 \u25cf Diametro foro anima mm 45\\n\u25cf Certificazione PEFC\"}\" data-sheets-userformat=\"{\"2\":15297,\"3\":{\"1\":0},\"9\":0,\"10\":2,\"11\":0,\"12\":0,\"14\":{\"1\":2,\"2\":0},\"15\":\"Calibri\",\"16\":11}\">INDUSTRIEPAPIERROLLEN AUS REINEM ZELLSTOFF EXTRA 3 SAUGF\u00c4HIGE MEHRZWECK-K\u00dcCHENT\u00dcCHER 800 BLATT<br \/>\n<\/span><\/p>\n<p><span data-sheets-value=\"{\"1\":2,\"2\":\"BOBINE CARTA INDUSTRIALE ROTOLI VELO PURE PULP EXTRA 3 ASCIUGATUTTO ASSORBENTE MULTIUSO 800 STRAPPI\\n\u25cf Materia prima: Pura cellulosa \u25cf Colore materia prima: Bianco\\n\u25cf N\u00b0 veli 3 \u25cf Incollaggio veli si\\n\u25cf Grammatura totale gr\/mq 51,0 \u25cf Altezza servizio mm 250\\n\u25cf Lunghezza servizio mm 250 \u25cf Pezzi per confezione n\u00b0 2\\n\u25cf Strappi per rotolo n\u00b0 800 \u25cf Lunghezza rotolo m 200,00\\n\u25cf Diametro rotolo mm 280 \u25cf Diametro foro anima mm 45\\n\u25cf Certificazione PEFC\"}\" data-sheets-userformat=\"{\"2\":15297,\"3\":{\"1\":0},\"9\":0,\"10\":2,\"11\":0,\"12\":0,\"14\":{\"1\":2,\"2\":0},\"15\":\"Calibri\",\"16\":11}\">\u25cf Rohstoff: Reine Zellulose  <\/span><\/p>\n<p><span data-sheets-value=\"{\"1\":2,\"2\":\"BOBINE CARTA INDUSTRIALE ROTOLI VELO PURE PULP EXTRA 3 ASCIUGATUTTO ASSORBENTE MULTIUSO 800 STRAPPI\\n\u25cf Materia prima: Pura cellulosa \u25cf Colore materia prima: Bianco\\n\u25cf N\u00b0 veli 3 \u25cf Incollaggio veli si\\n\u25cf Grammatura totale gr\/mq 51,0 \u25cf Altezza servizio mm 250\\n\u25cf Lunghezza servizio mm 250 \u25cf Pezzi per confezione n\u00b0 2\\n\u25cf Strappi per rotolo n\u00b0 800 \u25cf Lunghezza rotolo m 200,00\\n\u25cf Diametro rotolo mm 280 \u25cf Diametro foro anima mm 45\\n\u25cf Certificazione PEFC\"}\" data-sheets-userformat=\"{\"2\":15297,\"3\":{\"1\":0},\"9\":0,\"10\":2,\"11\":0,\"12\":0,\"14\":{\"1\":2,\"2\":0},\"15\":\"Calibri\",\"16\":11}\">\u25cf Farbe des Rohmaterials: Wei\u00df<br \/>\n<\/span><\/p>\n<p><span data-sheets-value=\"{\"1\":2,\"2\":\"BOBINE CARTA INDUSTRIALE ROTOLI VELO PURE PULP EXTRA 3 ASCIUGATUTTO ASSORBENTE MULTIUSO 800 STRAPPI\\n\u25cf Materia prima: Pura cellulosa \u25cf Colore materia prima: Bianco\\n\u25cf N\u00b0 veli 3 \u25cf Incollaggio veli si\\n\u25cf Grammatura totale gr\/mq 51,0 \u25cf Altezza servizio mm 250\\n\u25cf Lunghezza servizio mm 250 \u25cf Pezzi per confezione n\u00b0 2\\n\u25cf Strappi per rotolo n\u00b0 800 \u25cf Lunghezza rotolo m 200,00\\n\u25cf Diametro rotolo mm 280 \u25cf Diametro foro anima mm 45\\n\u25cf Certificazione PEFC\"}\" data-sheets-userformat=\"{\"2\":15297,\"3\":{\"1\":0},\"9\":0,\"10\":2,\"11\":0,\"12\":0,\"14\":{\"1\":2,\"2\":0},\"15\":\"Calibri\",\"16\":11}\">\u25cf Anzahl der Lagen 3  <\/span><\/p>\n<p><span data-sheets-value=\"{\"1\":2,\"2\":\"BOBINE CARTA INDUSTRIALE ROTOLI VELO PURE PULP EXTRA 3 ASCIUGATUTTO ASSORBENTE MULTIUSO 800 STRAPPI\\n\u25cf Materia prima: Pura cellulosa \u25cf Colore materia prima: Bianco\\n\u25cf N\u00b0 veli 3 \u25cf Incollaggio veli si\\n\u25cf Grammatura totale gr\/mq 51,0 \u25cf Altezza servizio mm 250\\n\u25cf Lunghezza servizio mm 250 \u25cf Pezzi per confezione n\u00b0 2\\n\u25cf Strappi per rotolo n\u00b0 800 \u25cf Lunghezza rotolo m 200,00\\n\u25cf Diametro rotolo mm 280 \u25cf Diametro foro anima mm 45\\n\u25cf Certificazione PEFC\"}\" data-sheets-userformat=\"{\"2\":15297,\"3\":{\"1\":0},\"9\":0,\"10\":2,\"11\":0,\"12\":0,\"14\":{\"1\":2,\"2\":0},\"15\":\"Calibri\",\"16\":11}\">\u25cf Schleier kleben<\/span><\/p>\n<p><span data-sheets-value=\"{\"1\":2,\"2\":\"BOBINE CARTA INDUSTRIALE ROTOLI VELO PURE PULP EXTRA 3 ASCIUGATUTTO ASSORBENTE MULTIUSO 800 STRAPPI\\n\u25cf Materia prima: Pura cellulosa \u25cf Colore materia prima: Bianco\\n\u25cf N\u00b0 veli 3 \u25cf Incollaggio veli si\\n\u25cf Grammatura totale gr\/mq 51,0 \u25cf Altezza servizio mm 250\\n\u25cf Lunghezza servizio mm 250 \u25cf Pezzi per confezione n\u00b0 2\\n\u25cf Strappi per rotolo n\u00b0 800 \u25cf Lunghezza rotolo m 200,00\\n\u25cf Diametro rotolo mm 280 \u25cf Diametro foro anima mm 45\\n\u25cf Certificazione PEFC\"}\" data-sheets-userformat=\"{\"2\":15297,\"3\":{\"1\":0},\"9\":0,\"10\":2,\"11\":0,\"12\":0,\"14\":{\"1\":2,\"2\":0},\"15\":\"Calibri\",\"16\":11}\">\u25cf Gesamtfl\u00e4chengewicht gr\/qm 51,0  <\/span><\/p>\n<p><span data-sheets-value=\"{\"1\":2,\"2\":\"BOBINE CARTA INDUSTRIALE ROTOLI VELO PURE PULP EXTRA 3 ASCIUGATUTTO ASSORBENTE MULTIUSO 800 STRAPPI\\n\u25cf Materia prima: Pura cellulosa \u25cf Colore materia prima: Bianco\\n\u25cf N\u00b0 veli 3 \u25cf Incollaggio veli si\\n\u25cf Grammatura totale gr\/mq 51,0 \u25cf Altezza servizio mm 250\\n\u25cf Lunghezza servizio mm 250 \u25cf Pezzi per confezione n\u00b0 2\\n\u25cf Strappi per rotolo n\u00b0 800 \u25cf Lunghezza rotolo m 200,00\\n\u25cf Diametro rotolo mm 280 \u25cf Diametro foro anima mm 45\\n\u25cf Certificazione PEFC\"}\" data-sheets-userformat=\"{\"2\":15297,\"3\":{\"1\":0},\"9\":0,\"10\":2,\"11\":0,\"12\":0,\"14\":{\"1\":2,\"2\":0},\"15\":\"Calibri\",\"16\":11}\">\u25cf Betriebsh\u00f6he mm 250<br \/>\n<\/span><\/p>\n<p><span data-sheets-value=\"{\"1\":2,\"2\":\"BOBINE CARTA INDUSTRIALE ROTOLI VELO PURE PULP EXTRA 3 ASCIUGATUTTO ASSORBENTE MULTIUSO 800 STRAPPI\\n\u25cf Materia prima: Pura cellulosa \u25cf Colore materia prima: Bianco\\n\u25cf N\u00b0 veli 3 \u25cf Incollaggio veli si\\n\u25cf Grammatura totale gr\/mq 51,0 \u25cf Altezza servizio mm 250\\n\u25cf Lunghezza servizio mm 250 \u25cf Pezzi per confezione n\u00b0 2\\n\u25cf Strappi per rotolo n\u00b0 800 \u25cf Lunghezza rotolo m 200,00\\n\u25cf Diametro rotolo mm 280 \u25cf Diametro foro anima mm 45\\n\u25cf Certificazione PEFC\"}\" data-sheets-userformat=\"{\"2\":15297,\"3\":{\"1\":0},\"9\":0,\"10\":2,\"11\":0,\"12\":0,\"14\":{\"1\":2,\"2\":0},\"15\":\"Calibri\",\"16\":11}\">\u25cf Betriebsl\u00e4nge mm 250  <\/span><\/p>\n<p><span data-sheets-value=\"{\"1\":2,\"2\":\"BOBINE CARTA INDUSTRIALE ROTOLI VELO PURE PULP EXTRA 3 ASCIUGATUTTO ASSORBENTE MULTIUSO 800 STRAPPI\\n\u25cf Materia prima: Pura cellulosa \u25cf Colore materia prima: Bianco\\n\u25cf N\u00b0 veli 3 \u25cf Incollaggio veli si\\n\u25cf Grammatura totale gr\/mq 51,0 \u25cf Altezza servizio mm 250\\n\u25cf Lunghezza servizio mm 250 \u25cf Pezzi per confezione n\u00b0 2\\n\u25cf Strappi per rotolo n\u00b0 800 \u25cf Lunghezza rotolo m 200,00\\n\u25cf Diametro rotolo mm 280 \u25cf Diametro foro anima mm 45\\n\u25cf Certificazione PEFC\"}\" data-sheets-userformat=\"{\"2\":15297,\"3\":{\"1\":0},\"9\":0,\"10\":2,\"11\":0,\"12\":0,\"14\":{\"1\":2,\"2\":0},\"15\":\"Calibri\",\"16\":11}\">\u25cf St\u00fcck pro Packung Nr. 2<br \/>\n<\/span><\/p>\n<p><span data-sheets-value=\"{\"1\":2,\"2\":\"BOBINE CARTA INDUSTRIALE ROTOLI VELO PURE PULP EXTRA 3 ASCIUGATUTTO ASSORBENTE MULTIUSO 800 STRAPPI\\n\u25cf Materia prima: Pura cellulosa \u25cf Colore materia prima: Bianco\\n\u25cf N\u00b0 veli 3 \u25cf Incollaggio veli si\\n\u25cf Grammatura totale gr\/mq 51,0 \u25cf Altezza servizio mm 250\\n\u25cf Lunghezza servizio mm 250 \u25cf Pezzi per confezione n\u00b0 2\\n\u25cf Strappi per rotolo n\u00b0 800 \u25cf Lunghezza rotolo m 200,00\\n\u25cf Diametro rotolo mm 280 \u25cf Diametro foro anima mm 45\\n\u25cf Certificazione PEFC\"}\" data-sheets-userformat=\"{\"2\":15297,\"3\":{\"1\":0},\"9\":0,\"10\":2,\"11\":0,\"12\":0,\"14\":{\"1\":2,\"2\":0},\"15\":\"Calibri\",\"16\":11}\">\u25cf Risse pro Rolle Nr. 800  <\/span><\/p>\n<p><span data-sheets-value=\"{\"1\":2,\"2\":\"BOBINE CARTA INDUSTRIALE ROTOLI VELO PURE PULP EXTRA 3 ASCIUGATUTTO ASSORBENTE MULTIUSO 800 STRAPPI\\n\u25cf Materia prima: Pura cellulosa \u25cf Colore materia prima: Bianco\\n\u25cf N\u00b0 veli 3 \u25cf Incollaggio veli si\\n\u25cf Grammatura totale gr\/mq 51,0 \u25cf Altezza servizio mm 250\\n\u25cf Lunghezza servizio mm 250 \u25cf Pezzi per confezione n\u00b0 2\\n\u25cf Strappi per rotolo n\u00b0 800 \u25cf Lunghezza rotolo m 200,00\\n\u25cf Diametro rotolo mm 280 \u25cf Diametro foro anima mm 45\\n\u25cf Certificazione PEFC\"}\" data-sheets-userformat=\"{\"2\":15297,\"3\":{\"1\":0},\"9\":0,\"10\":2,\"11\":0,\"12\":0,\"14\":{\"1\":2,\"2\":0},\"15\":\"Calibri\",\"16\":11}\">\u25cf Rollenl\u00e4nge m 200,00<br \/>\n<\/span><\/p>\n<p><span data-sheets-value=\"{\"1\":2,\"2\":\"BOBINE CARTA INDUSTRIALE ROTOLI VELO PURE PULP EXTRA 3 ASCIUGATUTTO ASSORBENTE MULTIUSO 800 STRAPPI\\n\u25cf Materia prima: Pura cellulosa \u25cf Colore materia prima: Bianco\\n\u25cf N\u00b0 veli 3 \u25cf Incollaggio veli si\\n\u25cf Grammatura totale gr\/mq 51,0 \u25cf Altezza servizio mm 250\\n\u25cf Lunghezza servizio mm 250 \u25cf Pezzi per confezione n\u00b0 2\\n\u25cf Strappi per rotolo n\u00b0 800 \u25cf Lunghezza rotolo m 200,00\\n\u25cf Diametro rotolo mm 280 \u25cf Diametro foro anima mm 45\\n\u25cf Certificazione PEFC\"}\" data-sheets-userformat=\"{\"2\":15297,\"3\":{\"1\":0},\"9\":0,\"10\":2,\"11\":0,\"12\":0,\"14\":{\"1\":2,\"2\":0},\"15\":\"Calibri\",\"16\":11}\">\u25cf Rollendurchmesser mm 280  <\/span><\/p>\n<p><span data-sheets-value=\"{\"1\":2,\"2\":\"BOBINE CARTA INDUSTRIALE ROTOLI VELO PURE PULP EXTRA 3 ASCIUGATUTTO ASSORBENTE MULTIUSO 800 STRAPPI\\n\u25cf Materia prima: Pura cellulosa \u25cf Colore materia prima: Bianco\\n\u25cf N\u00b0 veli 3 \u25cf Incollaggio veli si\\n\u25cf Grammatura totale gr\/mq 51,0 \u25cf Altezza servizio mm 250\\n\u25cf Lunghezza servizio mm 250 \u25cf Pezzi per confezione n\u00b0 2\\n\u25cf Strappi per rotolo n\u00b0 800 \u25cf Lunghezza rotolo m 200,00\\n\u25cf Diametro rotolo mm 280 \u25cf Diametro foro anima mm 45\\n\u25cf Certificazione PEFC\"}\" data-sheets-userformat=\"{\"2\":15297,\"3\":{\"1\":0},\"9\":0,\"10\":2,\"11\":0,\"12\":0,\"14\":{\"1\":2,\"2\":0},\"15\":\"Calibri\",\"16\":11}\">\u25cf Kernbohrungsdurchmesser mm 45<br \/>\n<\/span><\/p>\n<p><span data-sheets-value=\"{\"1\":2,\"2\":\"BOBINE CARTA INDUSTRIALE ROTOLI VELO PURE PULP EXTRA 3 ASCIUGATUTTO ASSORBENTE MULTIUSO 800 STRAPPI\\n\u25cf Materia prima: Pura cellulosa \u25cf Colore materia prima: Bianco\\n\u25cf N\u00b0 veli 3 \u25cf Incollaggio veli si\\n\u25cf Grammatura totale gr\/mq 51,0 \u25cf Altezza servizio mm 250\\n\u25cf Lunghezza servizio mm 250 \u25cf Pezzi per confezione n\u00b0 2\\n\u25cf Strappi per rotolo n\u00b0 800 \u25cf Lunghezza rotolo m 200,00\\n\u25cf Diametro rotolo mm 280 \u25cf Diametro foro anima mm 45\\n\u25cf Certificazione PEFC\"}\" data-sheets-userformat=\"{\"2\":15297,\"3\":{\"1\":0},\"9\":0,\"10\":2,\"11\":0,\"12\":0,\"14\":{\"1\":2,\"2\":0},\"15\":\"Calibri\",\"16\":11}\">PEFC-Zertifizierung<\/span><\/p>\n","protected":false},"excerpt":{"rendered":"<p>Rollen aus<span data-sheets-value=\"{\"1\":2,\"2\":\"BOBINE CARTA INDUSTRIALE ROTOLI VELO PURE PULP EXTRA 3 ASCIUGATUTTO ASSORBENTE MULTIUSO 800 STRAPPI\\n\u25cf Materia prima: Pura cellulosa \u25cf Colore materia prima: Bianco\\n\u25cf N\u00b0 veli 3 \u25cf Incollaggio veli si\\n\u25cf Grammatura totale gr\/mq 51,0 \u25cf Altezza servizio mm 250\\n\u25cf Lunghezza servizio mm 250 \u25cf Pezzi per confezione n\u00b0 2\\n\u25cf Strappi per rotolo n\u00b0 800 \u25cf Lunghezza rotolo m 200,00\\n\u25cf Diametro rotolo mm 280 \u25cf Diametro foro anima mm 45\\n\u25cf Certificazione PEFC\"}\" data-sheets-userformat=\"{\"2\":15297,\"3\":{\"1\":0},\"9\":0,\"10\":2,\"11\":0,\"12\":0,\"14\":{\"1\":2,\"2\":0},\"15\":\"Calibri\",\"16\":11}\">reiner Zellulose<\/span><\/p>\n","protected":false},"featured_media":53966,"template":"","meta":{"_acf_changed":false},"product_brand":[],"product_cat":[942,1213,11234,11230],"product_tag":[999,978,998],"class_list":{"0":"post-38485","1":"product","2":"type-product","3":"status-publish","4":"has-post-thumbnail","6":"product_cat-einzelbenutzung","7":"product_cat-hygiene-und-sicherheit","8":"product_cat-physiotherapie-de","9":"product_cat-tatuatoren","10":"product_tag-gepragt","11":"product_tag-papier-de","12":"product_tag-spule","14":"first","15":"instock","16":"taxable","17":"shipping-taxable","18":"purchasable","19":"product-type-simple"},"acf":[],"jetpack_sharing_enabled":true,"_links":{"self":[{"href":"https:\/\/cndestetik.ch\/de\/wp-json\/wp\/v2\/product\/38485","targetHints":{"allow":["GET"]}}],"collection":[{"href":"https:\/\/cndestetik.ch\/de\/wp-json\/wp\/v2\/product"}],"about":[{"href":"https:\/\/cndestetik.ch\/de\/wp-json\/wp\/v2\/types\/product"}],"wp:featuredmedia":[{"embeddable":true,"href":"https:\/\/cndestetik.ch\/de\/wp-json\/wp\/v2\/media\/53966"}],"wp:attachment":[{"href":"https:\/\/cndestetik.ch\/de\/wp-json\/wp\/v2\/media?parent=38485"}],"wp:term":[{"taxonomy":"product_brand","embeddable":true,"href":"https:\/\/cndestetik.ch\/de\/wp-json\/wp\/v2\/product_brand?post=38485"},{"taxonomy":"product_cat","embeddable":true,"href":"https:\/\/cndestetik.ch\/de\/wp-json\/wp\/v2\/product_cat?post=38485"},{"taxonomy":"product_tag","embeddable":true,"href":"https:\/\/cndestetik.ch\/de\/wp-json\/wp\/v2\/product_tag?post=38485"}],"curies":[{"name":"wp","href":"https:\/\/api.w.org\/{rel}","templated":true}]}}