{"id":38463,"date":"2022-05-31T11:59:34","date_gmt":"2022-05-31T09:59:34","guid":{"rendered":"https:\/\/ticinoweb01.jcloud.ik-server.com\/cndestetik\/prodotto\/tnt-einweg-kittel-50gr\/"},"modified":"2022-11-15T15:41:15","modified_gmt":"2022-11-15T14:41:15","slug":"hemd-monouso-tnt-50gr","status":"publish","type":"product","link":"https:\/\/cndestetik.ch\/de\/prodotto\/hemd-monouso-tnt-50gr\/","title":{"rendered":"TNT Einweg-Kittel 50gr."},"content":{"rendered":"<p>TNT 50 g Hemd Gr\u00f6\u00dfe XL mit Kragen und Kn\u00f6pfen<\/p>\n","protected":false},"excerpt":{"rendered":"<p>TNT-Einwegkittel.<\/p>\n","protected":false},"featured_media":0,"template":"","meta":{"_acf_changed":false},"product_brand":[],"product_cat":[942,8511],"product_tag":[991,955],"class_list":{"0":"post-38463","1":"product","2":"type-product","3":"status-publish","5":"product_cat-einzelbenutzung","6":"product_cat-letzte-stucke","7":"product_tag-robe","8":"product_tag-tnt-de","10":"first","11":"instock","12":"sale","13":"taxable","14":"shipping-taxable","15":"purchasable","16":"product-type-simple"},"acf":[],"jetpack_sharing_enabled":true,"_links":{"self":[{"href":"https:\/\/cndestetik.ch\/de\/wp-json\/wp\/v2\/product\/38463","targetHints":{"allow":["GET"]}}],"collection":[{"href":"https:\/\/cndestetik.ch\/de\/wp-json\/wp\/v2\/product"}],"about":[{"href":"https:\/\/cndestetik.ch\/de\/wp-json\/wp\/v2\/types\/product"}],"wp:attachment":[{"href":"https:\/\/cndestetik.ch\/de\/wp-json\/wp\/v2\/media?parent=38463"}],"wp:term":[{"taxonomy":"product_brand","embeddable":true,"href":"https:\/\/cndestetik.ch\/de\/wp-json\/wp\/v2\/product_brand?post=38463"},{"taxonomy":"product_cat","embeddable":true,"href":"https:\/\/cndestetik.ch\/de\/wp-json\/wp\/v2\/product_cat?post=38463"},{"taxonomy":"product_tag","embeddable":true,"href":"https:\/\/cndestetik.ch\/de\/wp-json\/wp\/v2\/product_tag?post=38463"}],"curies":[{"name":"wp","href":"https:\/\/api.w.org\/{rel}","templated":true}]}}