{"id":38444,"date":"2022-05-31T11:41:08","date_gmt":"2022-05-31T09:41:08","guid":{"rendered":"https:\/\/ticinoweb01.jcloud.ik-server.com\/cndestetik\/prodotto\/airtech-platte-43x77-st-100\/"},"modified":"2024-01-16T00:00:23","modified_gmt":"2024-01-15T23:00:23","slug":"panel-airtech-43x77","status":"publish","type":"product","link":"https:\/\/cndestetik.ch\/de\/prodotto\/panel-airtech-43x77\/","title":{"rendered":"Airtech 43&#215;77 Platte"},"content":{"rendered":"<p><span data-sheets-value=\"{\"1\":2,\"2\":\"Pannotto Airtech carta a secco per parrucchieri ed estetiste. Cm 43 x 77 confezione 100 pz.\"}\" data-sheets-userformat=\"{\"2\":15297,\"3\":{\"1\":0},\"9\":0,\"10\":2,\"11\":0,\"12\":0,\"14\":{\"1\":2,\"2\":0},\"15\":\"Calibri\",\"16\":11}\">Airtech-Trockenpapierplatte f\u00fcr Friseure und Kosmetikerinnen. <\/span><\/p>\n<p><span data-sheets-value=\"{\"1\":2,\"2\":\"Pannotto Airtech carta a secco per parrucchieri ed estetiste. Cm 43 x 77 confezione 100 pz.\"}\" data-sheets-userformat=\"{\"2\":15297,\"3\":{\"1\":0},\"9\":0,\"10\":2,\"11\":0,\"12\":0,\"14\":{\"1\":2,\"2\":0},\"15\":\"Calibri\",\"16\":11}\">Cm 43 x 77  <\/span><\/p>\n<p><span data-sheets-value=\"{\"1\":2,\"2\":\"Pannotto Airtech carta a secco per parrucchieri ed estetiste. Cm 43 x 77 confezione 100 pz.\"}\" data-sheets-userformat=\"{\"2\":15297,\"3\":{\"1\":0},\"9\":0,\"10\":2,\"11\":0,\"12\":0,\"14\":{\"1\":2,\"2\":0},\"15\":\"Calibri\",\"16\":11}\">Erh\u00e4ltlich in Einzelpackungen zu 100 St\u00fcck oder in ganzen Kartons zu 4 St\u00fcck.<\/span><\/p>\n","protected":false},"excerpt":{"rendered":"<p>Packung mit 100 St\u00fcck Papierplatten.<\/p>\n","protected":false},"featured_media":54397,"template":"","meta":{"_acf_changed":false},"product_brand":[],"product_cat":[942],"product_tag":[9483,979,978],"class_list":{"0":"post-38444","1":"product","2":"type-product","3":"status-publish","4":"has-post-thumbnail","6":"product_cat-einzelbenutzung","7":"product_tag-airtech-de","8":"product_tag-panel-de","9":"product_tag-papier-de","10":"pa_pezzi-1-stuck","11":"pa_pezzi-4-stuck","12":"pa_pezzi-8-stuck","14":"first","15":"instock","16":"taxable","17":"shipping-taxable","18":"purchasable","19":"product-type-variable"},"acf":[],"jetpack_sharing_enabled":true,"_links":{"self":[{"href":"https:\/\/cndestetik.ch\/de\/wp-json\/wp\/v2\/product\/38444","targetHints":{"allow":["GET"]}}],"collection":[{"href":"https:\/\/cndestetik.ch\/de\/wp-json\/wp\/v2\/product"}],"about":[{"href":"https:\/\/cndestetik.ch\/de\/wp-json\/wp\/v2\/types\/product"}],"wp:featuredmedia":[{"embeddable":true,"href":"https:\/\/cndestetik.ch\/de\/wp-json\/wp\/v2\/media\/54397"}],"wp:attachment":[{"href":"https:\/\/cndestetik.ch\/de\/wp-json\/wp\/v2\/media?parent=38444"}],"wp:term":[{"taxonomy":"product_brand","embeddable":true,"href":"https:\/\/cndestetik.ch\/de\/wp-json\/wp\/v2\/product_brand?post=38444"},{"taxonomy":"product_cat","embeddable":true,"href":"https:\/\/cndestetik.ch\/de\/wp-json\/wp\/v2\/product_cat?post=38444"},{"taxonomy":"product_tag","embeddable":true,"href":"https:\/\/cndestetik.ch\/de\/wp-json\/wp\/v2\/product_tag?post=38444"}],"curies":[{"name":"wp","href":"https:\/\/api.w.org\/{rel}","templated":true}]}}