{"id":38435,"date":"2022-05-31T11:35:25","date_gmt":"2022-05-31T09:35:25","guid":{"rendered":"https:\/\/ticinoweb01.jcloud.ik-server.com\/cndestetik\/prodotto\/schuhueberzieher-aus-polyethylen-mit-doppelseitigem-kleber-100-stueck\/"},"modified":"2022-11-15T15:42:31","modified_gmt":"2022-11-15T14:42:31","slug":"schuhuberzug-aus-polyethylen-mit-biokleber","status":"publish","type":"product","link":"https:\/\/cndestetik.ch\/de\/prodotto\/schuhuberzug-aus-polyethylen-mit-biokleber\/","title":{"rendered":"Schuh\u00fcberzug aus Polyethylen mit doppelseitigem Klebeband"},"content":{"rendered":"<p><span data-sheets-value=\"{\"1\":2,\"2\":\"Copriscarpa componibile in polietilene con biadesivo utile per adattarlo perfettamente al piede. Confezione da 100 pz.\"}\" data-sheets-userformat=\"{\"2\":15297,\"3\":{\"1\":0},\"9\":0,\"10\":2,\"11\":0,\"12\":0,\"14\":{\"1\":2,\"2\":0},\"15\":\"Calibri\",\"16\":11}\">Modularer Schuh\u00fcberzug aus Polyethylen mit doppelseitigem Klebeband zur perfekten Anpassung an den Fu\u00df. Packung mit 100 St\u00fcck.<\/span><\/p>\n","protected":false},"excerpt":{"rendered":"<p>Packung mit 100 Schuh\u00fcberz\u00fcgen mit doppelseitigem Klebeband.<\/p>\n","protected":false},"featured_media":0,"template":"","meta":{"_acf_changed":false},"product_brand":[],"product_cat":[942,8511],"product_tag":[970,971],"class_list":{"0":"post-38435","1":"product","2":"type-product","3":"status-publish","5":"product_cat-einzelbenutzung","6":"product_cat-letzte-stucke","7":"product_tag-schuhuberzug","8":"product_tag-sicherheit","10":"first","11":"instock","12":"sale","13":"taxable","14":"shipping-taxable","15":"purchasable","16":"product-type-simple"},"acf":[],"jetpack_sharing_enabled":true,"_links":{"self":[{"href":"https:\/\/cndestetik.ch\/de\/wp-json\/wp\/v2\/product\/38435","targetHints":{"allow":["GET"]}}],"collection":[{"href":"https:\/\/cndestetik.ch\/de\/wp-json\/wp\/v2\/product"}],"about":[{"href":"https:\/\/cndestetik.ch\/de\/wp-json\/wp\/v2\/types\/product"}],"wp:attachment":[{"href":"https:\/\/cndestetik.ch\/de\/wp-json\/wp\/v2\/media?parent=38435"}],"wp:term":[{"taxonomy":"product_brand","embeddable":true,"href":"https:\/\/cndestetik.ch\/de\/wp-json\/wp\/v2\/product_brand?post=38435"},{"taxonomy":"product_cat","embeddable":true,"href":"https:\/\/cndestetik.ch\/de\/wp-json\/wp\/v2\/product_cat?post=38435"},{"taxonomy":"product_tag","embeddable":true,"href":"https:\/\/cndestetik.ch\/de\/wp-json\/wp\/v2\/product_tag?post=38435"}],"curies":[{"name":"wp","href":"https:\/\/api.w.org\/{rel}","templated":true}]}}