{"id":38421,"date":"2022-05-31T11:20:22","date_gmt":"2022-05-31T09:20:22","guid":{"rendered":"https:\/\/ticinoweb01.jcloud.ik-server.com\/cndestetik\/prodotto\/tnt-sms-spender-mit-100-stueck-masse-100-x-122\/"},"modified":"2022-11-15T15:42:29","modified_gmt":"2022-11-15T14:42:29","slug":"mantella-taglio-tnt-100-pz-misure-100-x-122","status":"publish","type":"product","link":"https:\/\/cndestetik.ch\/de\/prodotto\/mantella-taglio-tnt-100-pz-misure-100-x-122\/","title":{"rendered":"TNT geschnittener Umhang 100 x 122"},"content":{"rendered":"<p><span data-sheets-value=\"{\"1\":2,\"2\":\"Cutting Cape, mantella taglio TNT SMS colore bianco in dispenser da 100 pz.. Misura 100 x 120 cm.\"}\" data-sheets-userformat=\"{\"2\":15297,\"3\":{\"1\":0},\"9\":0,\"10\":2,\"11\":0,\"12\":0,\"14\":{\"1\":2,\"2\":0},\"15\":\"Calibri\",\"16\":11}\">Schneideumhang, TNT SMS Schneideumhang in wei\u00dfer Farbe im Spender mit 100 St\u00fcck. Ma\u00dfe: 100 x 120 cm.<\/span><\/p>\n","protected":false},"excerpt":{"rendered":"<p>TNT-Umhang in Spenderpackung.<\/p>\n","protected":false},"featured_media":38418,"template":"","meta":{"_acf_changed":false},"product_brand":[],"product_cat":[942],"product_tag":[959,955],"class_list":{"0":"post-38421","1":"product","2":"type-product","3":"status-publish","4":"has-post-thumbnail","6":"product_cat-einzelbenutzung","7":"product_tag-cape-de","8":"product_tag-tnt-de","10":"first","11":"instock","12":"taxable","13":"shipping-taxable","14":"purchasable","15":"product-type-simple"},"acf":[],"jetpack_sharing_enabled":true,"_links":{"self":[{"href":"https:\/\/cndestetik.ch\/de\/wp-json\/wp\/v2\/product\/38421","targetHints":{"allow":["GET"]}}],"collection":[{"href":"https:\/\/cndestetik.ch\/de\/wp-json\/wp\/v2\/product"}],"about":[{"href":"https:\/\/cndestetik.ch\/de\/wp-json\/wp\/v2\/types\/product"}],"wp:featuredmedia":[{"embeddable":true,"href":"https:\/\/cndestetik.ch\/de\/wp-json\/wp\/v2\/media\/38418"}],"wp:attachment":[{"href":"https:\/\/cndestetik.ch\/de\/wp-json\/wp\/v2\/media?parent=38421"}],"wp:term":[{"taxonomy":"product_brand","embeddable":true,"href":"https:\/\/cndestetik.ch\/de\/wp-json\/wp\/v2\/product_brand?post=38421"},{"taxonomy":"product_cat","embeddable":true,"href":"https:\/\/cndestetik.ch\/de\/wp-json\/wp\/v2\/product_cat?post=38421"},{"taxonomy":"product_tag","embeddable":true,"href":"https:\/\/cndestetik.ch\/de\/wp-json\/wp\/v2\/product_tag?post=38421"}],"curies":[{"name":"wp","href":"https:\/\/api.w.org\/{rel}","templated":true}]}}