{"id":38309,"date":"2020-12-17T11:24:34","date_gmt":"2020-12-17T10:24:34","guid":{"rendered":"https:\/\/ticinoweb01.jcloud.ik-server.com\/cndestetik\/prodotto\/risanambiente-microcosmo-mischung\/"},"modified":"2025-01-23T09:09:19","modified_gmt":"2025-01-23T08:09:19","slug":"mischung-risanambiente","status":"publish","type":"product","link":"https:\/\/cndestetik.ch\/de\/prodotto\/mischung-risanambiente\/","title":{"rendered":"Risanambiente-Mischung"},"content":{"rendered":"<p><span data-sheets-value=\"{\"1\":2,\"2\":\"Gli olio essenziali contenuti nella miscela, oltre ad essere riconoscuti dalla letteratura scientifica per la loro azione nei confronti dei pi\u00f9 diffusi contaminanti ambientali, hanno anche un'azione pi\u00f9 sottile che lavora sul piano energetico per una sanificazione completa degli spazi. La miscela risanambiente \u00e8 ottenuta utilizzando solo gli oli essenziali puri e selezionati per il controllo dei pi\u00f9 importanti contaminanti microbici. Efficacia scientificamente testata in spazi comunitari.\\nCOME PUOI USARLA?\\n-In diffusione nell'ambiente: 2-3 gocce per 10 metri quadrati che si vogliono sanificare. Diffusione durante il giorno o durante la notte per almeno 7 ore per 15 giorni. Per il mantenimento si consiglia la diffusione per 7 ore (notte o giorno) una o due volte alla settimana.\\n-Aggiungendola al sapone liquido neutro per creare un sapone sanificante (180 gocce in 300 ml.)\\n-Aggiungendola al gel aloe per creare un gel mani sanificante (60 gocce in 100 ml.)\\n-Per realizzare uno spray sanificante idroalcolico (per ambienti e superfici)\\nTENERE LA MISCELA RISANAMBIENTE LONTANO DALLA PORTATA DEI BAMBINI. CONSERVARE IN LUOGO FRESC E ASCIUTTO.\"}\" data-sheets-userformat=\"{\"2\":15297,\"3\":{\"1\":0},\"9\":0,\"10\":2,\"11\":0,\"12\":0,\"14\":{\"1\":2,\"2\":0},\"15\":\"Calibri\",\"16\":11}\">Die in der Mischung enthaltenen \u00e4therischen \u00d6le sind in der wissenschaftlichen Literatur nicht nur f\u00fcr ihre Wirkung gegen die h\u00e4ufigsten Umweltschadstoffe anerkannt, sondern haben auch eine subtilere Wirkung, die auf energetischer Ebene f\u00fcr eine vollst\u00e4ndige Desinfektion von R\u00e4umen sorgt. Die umweltfreundliche Mischung wird durch die ausschlie\u00dfliche Verwendung reiner, ausgew\u00e4hlter \u00e4therischer \u00d6le gewonnen, um die wichtigsten mikrobiellen Verunreinigungen zu kontrollieren. Wissenschaftlich erwiesene Wirksamkeit in Gemeinschaftsr\u00e4umen.<br \/>\n<\/span><\/p>\n<p><span data-sheets-value=\"{\"1\":2,\"2\":\"Gli olio essenziali contenuti nella miscela, oltre ad essere riconoscuti dalla letteratura scientifica per la loro azione nei confronti dei pi\u00f9 diffusi contaminanti ambientali, hanno anche un'azione pi\u00f9 sottile che lavora sul piano energetico per una sanificazione completa degli spazi. La miscela risanambiente \u00e8 ottenuta utilizzando solo gli oli essenziali puri e selezionati per il controllo dei pi\u00f9 importanti contaminanti microbici. Efficacia scientificamente testata in spazi comunitari.\\nCOME PUOI USARLA?\\n-In diffusione nell'ambiente: 2-3 gocce per 10 metri quadrati che si vogliono sanificare. Diffusione durante il giorno o durante la notte per almeno 7 ore per 15 giorni. Per il mantenimento si consiglia la diffusione per 7 ore (notte o giorno) una o due volte alla settimana.\\n-Aggiungendola al sapone liquido neutro per creare un sapone sanificante (180 gocce in 300 ml.)\\n-Aggiungendola al gel aloe per creare un gel mani sanificante (60 gocce in 100 ml.)\\n-Per realizzare uno spray sanificante idroalcolico (per ambienti e superfici)\\nTENERE LA MISCELA RISANAMBIENTE LONTANO DALLA PORTATA DEI BAMBINI. CONSERVARE IN LUOGO FRESC E ASCIUTTO.\"}\" data-sheets-userformat=\"{\"2\":15297,\"3\":{\"1\":0},\"9\":0,\"10\":2,\"11\":0,\"12\":0,\"14\":{\"1\":2,\"2\":0},\"15\":\"Calibri\",\"16\":11}\">WIE K\u00d6NNEN SIE ES NUTZEN?<br \/>\n<\/span><\/p>\n<p><span data-sheets-value=\"{\"1\":2,\"2\":\"Gli olio essenziali contenuti nella miscela, oltre ad essere riconoscuti dalla letteratura scientifica per la loro azione nei confronti dei pi\u00f9 diffusi contaminanti ambientali, hanno anche un'azione pi\u00f9 sottile che lavora sul piano energetico per una sanificazione completa degli spazi. La miscela risanambiente \u00e8 ottenuta utilizzando solo gli oli essenziali puri e selezionati per il controllo dei pi\u00f9 importanti contaminanti microbici. Efficacia scientificamente testata in spazi comunitari.\\nCOME PUOI USARLA?\\n-In diffusione nell'ambiente: 2-3 gocce per 10 metri quadrati che si vogliono sanificare. Diffusione durante il giorno o durante la notte per almeno 7 ore per 15 giorni. Per il mantenimento si consiglia la diffusione per 7 ore (notte o giorno) una o due volte alla settimana.\\n-Aggiungendola al sapone liquido neutro per creare un sapone sanificante (180 gocce in 300 ml.)\\n-Aggiungendola al gel aloe per creare un gel mani sanificante (60 gocce in 100 ml.)\\n-Per realizzare uno spray sanificante idroalcolico (per ambienti e superfici)\\nTENERE LA MISCELA RISANAMBIENTE LONTANO DALLA PORTATA DEI BAMBINI. CONSERVARE IN LUOGO FRESC E ASCIUTTO.\"}\" data-sheets-userformat=\"{\"2\":15297,\"3\":{\"1\":0},\"9\":0,\"10\":2,\"11\":0,\"12\":0,\"14\":{\"1\":2,\"2\":0},\"15\":\"Calibri\",\"16\":11}\">-Verteilung im Raum: 2-3 Tropfen pro 10 Quadratmeter zu desinfizierender Fl\u00e4che. 15 Tage lang tags\u00fcber oder nachts f\u00fcr mindestens 7 Stunden auftragen. <\/p>\n<p>Zur Pflege empfehlen wir, es ein- bis zweimal pro Woche f\u00fcr 7 Stunden (nachts oder tags\u00fcber) aufzutragen. -Zugeben zu neutraler Fl\u00fcssigseife, um eine desinfizierende Seife herzustellen (180 Tropfen auf 300 ml) -Zugeben zu Aloe-Gel, um ein desinfizierendes Handgel herzustellen (60 Tropfen auf 100 ml) -Zur Herstellung eines hydroalkoholischen Desinfektionssprays (f\u00fcr R\u00e4ume und Oberfl\u00e4chen)<br \/>\n<\/span><\/p>\n<p><span data-sheets-value=\"{\"1\":2,\"2\":\"Gli olio essenziali contenuti nella miscela, oltre ad essere riconoscuti dalla letteratura scientifica per la loro azione nei confronti dei pi\u00f9 diffusi contaminanti ambientali, hanno anche un'azione pi\u00f9 sottile che lavora sul piano energetico per una sanificazione completa degli spazi. La miscela risanambiente \u00e8 ottenuta utilizzando solo gli oli essenziali puri e selezionati per il controllo dei pi\u00f9 importanti contaminanti microbici. Efficacia scientificamente testata in spazi comunitari.\\nCOME PUOI USARLA?\\n-In diffusione nell'ambiente: 2-3 gocce per 10 metri quadrati che si vogliono sanificare. Diffusione durante il giorno o durante la notte per almeno 7 ore per 15 giorni. Per il mantenimento si consiglia la diffusione per 7 ore (notte o giorno) una o due volte alla settimana.\\n-Aggiungendola al sapone liquido neutro per creare un sapone sanificante (180 gocce in 300 ml.)\\n-Aggiungendola al gel aloe per creare un gel mani sanificante (60 gocce in 100 ml.)\\n-Per realizzare uno spray sanificante idroalcolico (per ambienti e superfici)\\nTENERE LA MISCELA RISANAMBIENTE LONTANO DALLA PORTATA DEI BAMBINI. CONSERVARE IN LUOGO FRESC E ASCIUTTO.\"}\" data-sheets-userformat=\"{\"2\":15297,\"3\":{\"1\":0},\"9\":0,\"10\":2,\"11\":0,\"12\":0,\"14\":{\"1\":2,\"2\":0},\"15\":\"Calibri\",\"16\":11}\">BEWAHREN SIE DIE UMWELTFREUNDLICHE MISCHUNG AUSSERHALB DER REICHWEITE VON KINDERN AUF. AN EINEM K\u00dcHLEN, TROCKENEN ORT AUFBEWAHREN.<\/span><\/p>\n","protected":false},"excerpt":{"rendered":"<p><span data-sheets-value=\"{\"1\":2,\"2\":\"Passare del tempo in uno spazio pulito dagli Oli Essenziali aiuta a stare bene. Gli oli essenziali contenuti nella miscela, oltre ad essere riconosciuti dalla letteratura scientifica per la loro azione nei confronti dei pi\u00f9 diffusi contaminanti ambientali, hanno anche un\u2019azione pi\u00f9 sottile che lavora sul piano energetico per una sanificazione completa degli spazi. La miscela risanambiente \u00e8 ottenuta utilizzando solo oli essenziali puri e selezionati per il controllo dei pi\u00f9 importanti contaminanti microbici. Efficacia scientificamente testata in spazi comunitari. Come puoi usarla? \u2022 in diffusione nell\u2019ambiente \u2022 aggiungendola al gel aloe per creare un gel mani sanificante \u2022 aggiungendola al sapone liquido neutro per creare un sapone sanificante Come sappiamo gli igienizzanti a base di candeggina a lungo andare sono dannosi per la pelle e la persona in generale, gli Oli Essenziali sono dei validi sostituti senza effetti dannosi e con attivit\u00e0 testata.\"}\" data-sheets-userformat=\"{\"2\":14530,\"4\":{\"1\":2,\"2\":16777215},\"9\":0,\"10\":2,\"14\":{\"1\":2,\"2\":0},\"15\":\"Arial\",\"16\":10}\">Risanambiente-Mischung. Wenn Sie Zeit in einem mit \u00e4therischen \u00d6len gereinigten Raum verbringen, f\u00fchlen Sie sich gut.<\/span><\/p>\n<p><span data-sheets-value=\"{\"1\":2,\"2\":\"Passare del tempo in uno spazio pulito dagli Oli Essenziali aiuta a stare bene. Gli oli essenziali contenuti nella miscela, oltre ad essere riconosciuti dalla letteratura scientifica per la loro azione nei confronti dei pi\u00f9 diffusi contaminanti ambientali, hanno anche un\u2019azione pi\u00f9 sottile che lavora sul piano energetico per una sanificazione completa degli spazi. La miscela risanambiente \u00e8 ottenuta utilizzando solo oli essenziali puri e selezionati per il controllo dei pi\u00f9 importanti contaminanti microbici. Efficacia scientificamente testata in spazi comunitari. Come puoi usarla? \u2022 in diffusione nell\u2019ambiente \u2022 aggiungendola al gel aloe per creare un gel mani sanificante \u2022 aggiungendola al sapone liquido neutro per creare un sapone sanificante Come sappiamo gli igienizzanti a base di candeggina a lungo andare sono dannosi per la pelle e la persona in generale, gli Oli Essenziali sono dei validi sostituti senza effetti dannosi e con attivit\u00e0 testata.\"}\" data-sheets-userformat=\"{\"2\":14530,\"4\":{\"1\":2,\"2\":16777215},\"9\":0,\"10\":2,\"14\":{\"1\":2,\"2\":0},\"15\":\"Arial\",\"16\":10}\">Die umweltfreundliche Mischung wird nur mit reinen, ausgew\u00e4hlten \u00e4therischen \u00d6len hergestellt, um die wichtigsten mikrobiellen Verunreinigungen zu kontrollieren.<\/span><\/p>\n<p>Wissenschaftlich erwiesene Wirksamkeit in Gemeinschaftsr\u00e4umen.<\/p>\n<p>&nbsp;<\/p>\n","protected":false},"featured_media":46070,"template":"","meta":{"_acf_changed":false},"product_brand":[],"product_cat":[2314,12980],"product_tag":[409,844,845,846],"class_list":{"0":"post-38309","1":"product","2":"type-product","3":"status-publish","4":"has-post-thumbnail","6":"product_cat-essenzen","7":"product_cat-mikrokosmos","8":"product_tag-essenzen","9":"product_tag-mikrokosmos","10":"product_tag-mischung","11":"product_tag-risanambiente-de","12":"pa_formato-10ml-de","13":"pa_formato-30ml-de","15":"first","16":"instock","17":"taxable","18":"shipping-taxable","19":"purchasable","20":"product-type-variable"},"acf":[],"jetpack_sharing_enabled":true,"_links":{"self":[{"href":"https:\/\/cndestetik.ch\/de\/wp-json\/wp\/v2\/product\/38309","targetHints":{"allow":["GET"]}}],"collection":[{"href":"https:\/\/cndestetik.ch\/de\/wp-json\/wp\/v2\/product"}],"about":[{"href":"https:\/\/cndestetik.ch\/de\/wp-json\/wp\/v2\/types\/product"}],"wp:featuredmedia":[{"embeddable":true,"href":"https:\/\/cndestetik.ch\/de\/wp-json\/wp\/v2\/media\/46070"}],"wp:attachment":[{"href":"https:\/\/cndestetik.ch\/de\/wp-json\/wp\/v2\/media?parent=38309"}],"wp:term":[{"taxonomy":"product_brand","embeddable":true,"href":"https:\/\/cndestetik.ch\/de\/wp-json\/wp\/v2\/product_brand?post=38309"},{"taxonomy":"product_cat","embeddable":true,"href":"https:\/\/cndestetik.ch\/de\/wp-json\/wp\/v2\/product_cat?post=38309"},{"taxonomy":"product_tag","embeddable":true,"href":"https:\/\/cndestetik.ch\/de\/wp-json\/wp\/v2\/product_tag?post=38309"}],"curies":[{"name":"wp","href":"https:\/\/api.w.org\/{rel}","templated":true}]}}