{"id":38307,"date":"2020-12-09T15:53:56","date_gmt":"2020-12-09T14:53:56","guid":{"rendered":"https:\/\/ticinoweb01.jcloud.ik-server.com\/cndestetik\/prodotto\/besonderer-geschenkgutschein\/"},"modified":"2020-12-09T15:53:56","modified_gmt":"2020-12-09T14:53:56","slug":"geschenkgutschein-spezial","status":"publish","type":"product","link":"https:\/\/cndestetik.ch\/de\/prodotto\/geschenkgutschein-spezial\/","title":{"rendered":"Besonderer Geschenkgutschein"},"content":{"rendered":"<p>Kaufen Sie einen Geschenkgutschein und verschenken Sie ihn mit Liebe &#8230; schenken Sie die Natur und die Sch\u00f6nheit!<\/p>\n<p>Der\/die Beschenkte kann diesen Gutschein f\u00fcr den Kauf seiner\/ihrer Lieblingsprodukte in unserem E-Commerce verwenden!<\/p>\n<p>Sie erhalten den Geschenkgutschein per E-Mail und k\u00f6nnen w\u00e4hlen, ob Sie ihn direkt ausdrucken m\u00f6chten oder ob Sie uns eine E-Mail mit den Daten des Empf\u00e4ngers schicken m\u00f6chten, um ihn direkt an ihn zu senden.<\/p>\n<p>Schenken Sie zum Valentinstag Liebe, Sch\u00f6nheit und Natur!!!<\/p>\n","protected":false},"excerpt":{"rendered":"<p>Kaufen Sie einen Geschenkgutschein und verschenken Sie ihn mit Liebe &#8230; schenken Sie die Natur und die Sch\u00f6nheit! Der\/die Beschenkte kann diesen Gutschein f\u00fcr den Kauf seiner\/ihrer Lieblingsprodukte in unserem E-Commerce verwenden! Sie erhalten den Geschenkgutschein per E-Mail und k\u00f6nnen w\u00e4hlen, ob Sie ihn direkt ausdrucken m\u00f6chten oder ob Sie uns eine E-Mail mit den [&hellip;]<\/p>\n","protected":false},"featured_media":36759,"template":"","meta":{"_acf_changed":false},"product_brand":[],"product_cat":[15],"product_tag":[836,840,833,835,839],"class_list":{"0":"post-38307","1":"product","2":"type-product","3":"status-publish","4":"has-post-thumbnail","6":"product_cat-07-cosmetica","7":"product_tag-gegenwart","8":"product_tag-geschenke","9":"product_tag-liebe","10":"product_tag-liebe-de","11":"product_tag-valentine-de","13":"first","14":"instock","15":"virtual","16":"taxable","17":"purchasable","18":"product-type-simple"},"acf":[],"jetpack_sharing_enabled":true,"_links":{"self":[{"href":"https:\/\/cndestetik.ch\/de\/wp-json\/wp\/v2\/product\/38307","targetHints":{"allow":["GET"]}}],"collection":[{"href":"https:\/\/cndestetik.ch\/de\/wp-json\/wp\/v2\/product"}],"about":[{"href":"https:\/\/cndestetik.ch\/de\/wp-json\/wp\/v2\/types\/product"}],"wp:featuredmedia":[{"embeddable":true,"href":"https:\/\/cndestetik.ch\/de\/wp-json\/wp\/v2\/media\/36759"}],"wp:attachment":[{"href":"https:\/\/cndestetik.ch\/de\/wp-json\/wp\/v2\/media?parent=38307"}],"wp:term":[{"taxonomy":"product_brand","embeddable":true,"href":"https:\/\/cndestetik.ch\/de\/wp-json\/wp\/v2\/product_brand?post=38307"},{"taxonomy":"product_cat","embeddable":true,"href":"https:\/\/cndestetik.ch\/de\/wp-json\/wp\/v2\/product_cat?post=38307"},{"taxonomy":"product_tag","embeddable":true,"href":"https:\/\/cndestetik.ch\/de\/wp-json\/wp\/v2\/product_tag?post=38307"}],"curies":[{"name":"wp","href":"https:\/\/api.w.org\/{rel}","templated":true}]}}