{"id":38301,"date":"2020-12-11T10:41:12","date_gmt":"2020-12-11T09:41:12","guid":{"rendered":"https:\/\/ticinoweb01.jcloud.ik-server.com\/cndestetik\/prodotto\/hautpflege-starter-kit\/"},"modified":"2020-12-11T10:41:12","modified_gmt":"2020-12-11T09:41:12","slug":"hautpflege-starter-kit","status":"publish","type":"product","link":"https:\/\/cndestetik.ch\/de\/prodotto\/hautpflege-starter-kit\/","title":{"rendered":"Hautpflege Starter Kit"},"content":{"rendered":"<p>Das Skincare Starter Kit von INIKA bietet vier luxuri\u00f6se Gesichtspflegeprodukte, die reich an ausgew\u00e4hlten pflanzlichen Inhaltsstoffen sind und sich ideal f\u00fcr normale Haut und Mischhaut eignen.<\/p>\n<p>Von der Reinigung \u00fcber das Serum bis hin zur Tages- und Nachtcreme finden Sie in diesem Set alles, was Sie brauchen, um die INIKA-Produkte auszuprobieren oder sie als Reisepackung oder f\u00fcr die t\u00e4gliche Handtasche zu verwenden!<\/p>\n<p>&nbsp;<\/p>\n<p>Das Kit enth\u00e4lt: 1x Phytofuse Renew Camellia Oil Cleanser, 10ml 1x Phytofuse Renew Resveratrol Serum, 1,5ml 1x Phytofuse Renew Maca Root Day Cream, 10ml 1x Phytofuse Renew Resveratrol Night Cream, 10ml<\/p>\n<p>&nbsp;<\/p>\n<p>&nbsp;<\/p>\n<p>NAT\u00dcRLICHE, BIOLOGISCHE, ZERTIFIZIERTE, VEGANE, GRAUSAMKEITSFREIE PRODUKTE<\/p>\n<p>&nbsp;<\/p>\n<p>TOLLE GESCHENKIDEE!<\/p>\n","protected":false},"excerpt":{"rendered":"<p>Das Skincare Starter Kit von INIKA bietet vier luxuri\u00f6se Gesichtspflegeprodukte, die reich an ausgew\u00e4hlten pflanzlichen Inhaltsstoffen sind und sich ideal f\u00fcr normale Haut und Mischhaut eignen. Von der Reinigung \u00fcber das Serum bis hin zur Tages- und Nachtcreme finden Sie in diesem Set alles, was Sie brauchen, um die INIKA-Produkte auszuprobieren oder sie als Reisepackung [&hellip;]<\/p>\n","protected":false},"featured_media":36756,"template":"","meta":{"_acf_changed":false},"product_brand":[],"product_cat":[15],"product_tag":[389,822],"class_list":{"0":"post-38301","1":"product","2":"type-product","3":"status-publish","4":"has-post-thumbnail","6":"product_cat-07-cosmetica","7":"product_tag-bausatz","8":"product_tag-hautpflege","10":"first","11":"instock","12":"taxable","13":"shipping-taxable","14":"purchasable","15":"product-type-simple"},"acf":[],"jetpack_sharing_enabled":true,"_links":{"self":[{"href":"https:\/\/cndestetik.ch\/de\/wp-json\/wp\/v2\/product\/38301","targetHints":{"allow":["GET"]}}],"collection":[{"href":"https:\/\/cndestetik.ch\/de\/wp-json\/wp\/v2\/product"}],"about":[{"href":"https:\/\/cndestetik.ch\/de\/wp-json\/wp\/v2\/types\/product"}],"wp:featuredmedia":[{"embeddable":true,"href":"https:\/\/cndestetik.ch\/de\/wp-json\/wp\/v2\/media\/36756"}],"wp:attachment":[{"href":"https:\/\/cndestetik.ch\/de\/wp-json\/wp\/v2\/media?parent=38301"}],"wp:term":[{"taxonomy":"product_brand","embeddable":true,"href":"https:\/\/cndestetik.ch\/de\/wp-json\/wp\/v2\/product_brand?post=38301"},{"taxonomy":"product_cat","embeddable":true,"href":"https:\/\/cndestetik.ch\/de\/wp-json\/wp\/v2\/product_cat?post=38301"},{"taxonomy":"product_tag","embeddable":true,"href":"https:\/\/cndestetik.ch\/de\/wp-json\/wp\/v2\/product_tag?post=38301"}],"curies":[{"name":"wp","href":"https:\/\/api.w.org\/{rel}","templated":true}]}}