{"id":38292,"date":"2020-11-03T15:38:57","date_gmt":"2020-11-03T14:38:57","guid":{"rendered":"https:\/\/ticinoweb01.jcloud.ik-server.com\/cndestetik\/prodotto\/kollektion-marokkanische-tage\/"},"modified":"2022-08-23T13:08:10","modified_gmt":"2022-08-23T11:08:10","slug":"marokkanische-tage-kollektion","status":"publish","type":"product","link":"https:\/\/cndestetik.ch\/de\/prodotto\/marokkanische-tage-kollektion\/","title":{"rendered":"Kollektion Marokkanische Tage"},"content":{"rendered":"<p>In einer eleganten Verpackung aus \u00f6kologischem Material befindet sich ein Set mit Produkten f\u00fcr den Alltag, die von der Natur verbessert wurden: Wirkstoffe und Antioxidantien f\u00fcr die Gesichtsreinigung und Feuchtigkeitspflege, f\u00fcr einen strahlenden Tag.<\/p>\n","protected":false},"excerpt":{"rendered":"<p>Ein Kit mit Alltagsprodukten<\/p>\n","protected":false},"featured_media":36792,"template":"","meta":{"_acf_changed":false},"product_brand":[],"product_cat":[8511],"product_tag":[752,757,809,806,807,810,808],"class_list":{"0":"post-38292","1":"product","2":"type-product","3":"status-publish","4":"has-post-thumbnail","6":"product_cat-letzte-stucke","7":"product_tag-abschreckung","8":"product_tag-gesicht","9":"product_tag-reinigen","10":"product_tag-sahnetag","11":"product_tag-tag","12":"product_tag-tag-de","13":"product_tag-tagescreme","15":"first","16":"instock","17":"sale","18":"taxable","19":"shipping-taxable","20":"purchasable","21":"product-type-simple"},"acf":[],"jetpack_sharing_enabled":true,"_links":{"self":[{"href":"https:\/\/cndestetik.ch\/de\/wp-json\/wp\/v2\/product\/38292","targetHints":{"allow":["GET"]}}],"collection":[{"href":"https:\/\/cndestetik.ch\/de\/wp-json\/wp\/v2\/product"}],"about":[{"href":"https:\/\/cndestetik.ch\/de\/wp-json\/wp\/v2\/types\/product"}],"wp:featuredmedia":[{"embeddable":true,"href":"https:\/\/cndestetik.ch\/de\/wp-json\/wp\/v2\/media\/36792"}],"wp:attachment":[{"href":"https:\/\/cndestetik.ch\/de\/wp-json\/wp\/v2\/media?parent=38292"}],"wp:term":[{"taxonomy":"product_brand","embeddable":true,"href":"https:\/\/cndestetik.ch\/de\/wp-json\/wp\/v2\/product_brand?post=38292"},{"taxonomy":"product_cat","embeddable":true,"href":"https:\/\/cndestetik.ch\/de\/wp-json\/wp\/v2\/product_cat?post=38292"},{"taxonomy":"product_tag","embeddable":true,"href":"https:\/\/cndestetik.ch\/de\/wp-json\/wp\/v2\/product_tag?post=38292"}],"curies":[{"name":"wp","href":"https:\/\/api.w.org\/{rel}","templated":true}]}}