{"id":38288,"date":"2020-11-03T15:41:39","date_gmt":"2020-11-03T14:41:39","guid":{"rendered":"https:\/\/ticinoweb01.jcloud.ik-server.com\/cndestetik\/prodotto\/marrakesh-nights-kollektion\/"},"modified":"2022-08-23T13:08:09","modified_gmt":"2022-08-23T11:08:09","slug":"marrakesh-nights-kollektion","status":"publish","type":"product","link":"https:\/\/cndestetik.ch\/de\/prodotto\/marrakesh-nights-kollektion\/","title":{"rendered":"Marrakesh Nights Kollektion"},"content":{"rendered":"<p>In einer eleganten Verpackung aus \u00f6kologischem Material, ein Set mit Produkten f\u00fcr den t\u00e4glichen Gebrauch, die von der Natur aufgewertet wurden: aufbauende und antioxidative Inhaltsstoffe, regenerierend und feuchtigkeitsspendend, f\u00fcr eine regenerierende Nacht.<\/p>\n","protected":false},"excerpt":{"rendered":"<p>Ein Kit mit Alltagsprodukten<\/p>\n","protected":false},"featured_media":36789,"template":"","meta":{"_acf_changed":false},"product_brand":[],"product_cat":[8511],"product_tag":[723,786,784,785,790,787,788],"class_list":{"0":"post-38288","1":"product","2":"type-product","3":"status-publish","4":"has-post-thumbnail","6":"product_cat-letzte-stucke","7":"product_tag-augen","8":"product_tag-augen-de","9":"product_tag-augenkontur","10":"product_tag-cremanotte-de","11":"product_tag-nacht-de","12":"product_tag-nacht","13":"product_tag-nachtcreme","15":"first","16":"instock","17":"sale","18":"taxable","19":"shipping-taxable","20":"purchasable","21":"product-type-simple"},"acf":[],"jetpack_sharing_enabled":true,"_links":{"self":[{"href":"https:\/\/cndestetik.ch\/de\/wp-json\/wp\/v2\/product\/38288","targetHints":{"allow":["GET"]}}],"collection":[{"href":"https:\/\/cndestetik.ch\/de\/wp-json\/wp\/v2\/product"}],"about":[{"href":"https:\/\/cndestetik.ch\/de\/wp-json\/wp\/v2\/types\/product"}],"wp:featuredmedia":[{"embeddable":true,"href":"https:\/\/cndestetik.ch\/de\/wp-json\/wp\/v2\/media\/36789"}],"wp:attachment":[{"href":"https:\/\/cndestetik.ch\/de\/wp-json\/wp\/v2\/media?parent=38288"}],"wp:term":[{"taxonomy":"product_brand","embeddable":true,"href":"https:\/\/cndestetik.ch\/de\/wp-json\/wp\/v2\/product_brand?post=38288"},{"taxonomy":"product_cat","embeddable":true,"href":"https:\/\/cndestetik.ch\/de\/wp-json\/wp\/v2\/product_cat?post=38288"},{"taxonomy":"product_tag","embeddable":true,"href":"https:\/\/cndestetik.ch\/de\/wp-json\/wp\/v2\/product_tag?post=38288"}],"curies":[{"name":"wp","href":"https:\/\/api.w.org\/{rel}","templated":true}]}}