{"id":38279,"date":"2020-11-03T15:33:46","date_gmt":"2020-11-03T14:33:46","guid":{"rendered":"https:\/\/ticinoweb01.jcloud.ik-server.com\/cndestetik\/prodotto\/radiant-skin-kollektion-fuer-reisende\/"},"modified":"2022-12-27T10:38:35","modified_gmt":"2022-12-27T09:38:35","slug":"radiant-skin-traveller-kollektion","status":"publish","type":"product","link":"https:\/\/cndestetik.ch\/de\/prodotto\/radiant-skin-traveller-kollektion\/","title":{"rendered":"Radiant Skin Kollektion f\u00fcr Reisende"},"content":{"rendered":"<p>In einer eleganten Verpackung aus umweltfreundlichem Material, eine komplette Reihe von zertifizierten und sicheren Produkten f\u00fcr alle Hauttypen, bestehend aus: Reinigungsmittel, Gesichtscreme, Botanisches Aktiv\u00f6l, Handcreme. Elegant, vollst\u00e4ndig, nat\u00fcrlich!<\/p>\n","protected":false},"excerpt":{"rendered":"<p>Enth\u00e4lt: Reinigungsmilch, Gesichtscreme, botanisches Phyto-Aktiv\u00f6l und Handcreme.<\/p>\n","protected":false},"featured_media":54463,"template":"","meta":{"_acf_changed":false},"product_brand":[],"product_cat":[8511],"product_tag":[752,757,749,754],"class_list":{"0":"post-38279","1":"product","2":"type-product","3":"status-publish","4":"has-post-thumbnail","6":"product_cat-letzte-stucke","7":"product_tag-abschreckung","8":"product_tag-gesicht","9":"product_tag-handcremes","10":"product_tag-sereroviso","12":"first","13":"instock","14":"sale","15":"taxable","16":"shipping-taxable","17":"purchasable","18":"product-type-simple"},"acf":[],"jetpack_sharing_enabled":true,"_links":{"self":[{"href":"https:\/\/cndestetik.ch\/de\/wp-json\/wp\/v2\/product\/38279","targetHints":{"allow":["GET"]}}],"collection":[{"href":"https:\/\/cndestetik.ch\/de\/wp-json\/wp\/v2\/product"}],"about":[{"href":"https:\/\/cndestetik.ch\/de\/wp-json\/wp\/v2\/types\/product"}],"wp:featuredmedia":[{"embeddable":true,"href":"https:\/\/cndestetik.ch\/de\/wp-json\/wp\/v2\/media\/54463"}],"wp:attachment":[{"href":"https:\/\/cndestetik.ch\/de\/wp-json\/wp\/v2\/media?parent=38279"}],"wp:term":[{"taxonomy":"product_brand","embeddable":true,"href":"https:\/\/cndestetik.ch\/de\/wp-json\/wp\/v2\/product_brand?post=38279"},{"taxonomy":"product_cat","embeddable":true,"href":"https:\/\/cndestetik.ch\/de\/wp-json\/wp\/v2\/product_cat?post=38279"},{"taxonomy":"product_tag","embeddable":true,"href":"https:\/\/cndestetik.ch\/de\/wp-json\/wp\/v2\/product_tag?post=38279"}],"curies":[{"name":"wp","href":"https:\/\/api.w.org\/{rel}","templated":true}]}}