{"id":38274,"date":"2020-11-03T14:57:39","date_gmt":"2020-11-03T13:57:39","guid":{"rendered":"https:\/\/ticinoweb01.jcloud.ik-server.com\/cndestetik\/prodotto\/kollektion-sultry-eyed-walnuss\/"},"modified":"2022-12-27T10:30:44","modified_gmt":"2022-12-27T09:30:44","slug":"__extrashed","status":"publish","type":"product","link":"https:\/\/cndestetik.ch\/de\/prodotto\/__extrashed\/","title":{"rendered":"Kollektion Sultry Eyed &#8211; Walnuss"},"content":{"rendered":"<p>In einer eleganten Verpackung aus umweltfreundlichem Material, die volumisierende Mascara f\u00fcr pr\u00e4chtige Wimpern und der Augenbrauenabdeckstift in zwei verschiedenen Farben! Das ideale Paket f\u00fcr einen perfekten Look!<\/p>\n","protected":false},"excerpt":{"rendered":"<p>Das ideale Paket f\u00fcr einen perfekten Look!<\/p>\n","protected":false},"featured_media":36810,"template":"","meta":{"_acf_changed":false},"product_brand":[],"product_cat":[8511],"product_tag":[723,740,7720,6178,720,721,722],"class_list":{"0":"post-38274","1":"product","2":"type-product","3":"status-publish","4":"has-post-thumbnail","6":"product_cat-letzte-stucke","7":"product_tag-augen","8":"product_tag-band","9":"product_tag-geaugt","10":"product_tag-schwul","11":"product_tag-stirn","12":"product_tag-wimpern","13":"product_tag-wimperntusche","15":"first","16":"instock","17":"sale","18":"taxable","19":"shipping-taxable","20":"purchasable","21":"product-type-simple"},"acf":[],"jetpack_sharing_enabled":true,"_links":{"self":[{"href":"https:\/\/cndestetik.ch\/de\/wp-json\/wp\/v2\/product\/38274","targetHints":{"allow":["GET"]}}],"collection":[{"href":"https:\/\/cndestetik.ch\/de\/wp-json\/wp\/v2\/product"}],"about":[{"href":"https:\/\/cndestetik.ch\/de\/wp-json\/wp\/v2\/types\/product"}],"wp:featuredmedia":[{"embeddable":true,"href":"https:\/\/cndestetik.ch\/de\/wp-json\/wp\/v2\/media\/36810"}],"wp:attachment":[{"href":"https:\/\/cndestetik.ch\/de\/wp-json\/wp\/v2\/media?parent=38274"}],"wp:term":[{"taxonomy":"product_brand","embeddable":true,"href":"https:\/\/cndestetik.ch\/de\/wp-json\/wp\/v2\/product_brand?post=38274"},{"taxonomy":"product_cat","embeddable":true,"href":"https:\/\/cndestetik.ch\/de\/wp-json\/wp\/v2\/product_cat?post=38274"},{"taxonomy":"product_tag","embeddable":true,"href":"https:\/\/cndestetik.ch\/de\/wp-json\/wp\/v2\/product_tag?post=38274"}],"curies":[{"name":"wp","href":"https:\/\/api.w.org\/{rel}","templated":true}]}}