{"id":38250,"date":"2020-10-30T08:13:10","date_gmt":"2020-10-30T07:13:10","guid":{"rendered":"https:\/\/ticinoweb01.jcloud.ik-server.com\/cndestetik\/prodotto\/inika-co-lippenstift-dark-crayon-rosa-nude\/"},"modified":"2022-06-27T13:43:45","modified_gmt":"2022-06-27T11:43:45","slug":"inika-co-lippenstift-dunkel-kreide-pink-nackt","status":"publish","type":"product","link":"https:\/\/cndestetik.ch\/de\/prodotto\/inika-co-lippenstift-dunkel-kreide-pink-nackt\/","title":{"rendered":"Inika CO Lippenstift Dark Crayon Rosa Nude"},"content":{"rendered":"<p>Mit seiner cremigen Textur und dem satinierten Finish sorgt der zertifizierte Bio-Lippenstift f\u00fcr einen sch\u00f6nen Farbklecks auf den Lippen und bietet dank zertifiziertem Bio-Kokos\u00f6l, zertifiziertem Bio-Carnaubawachs und Vitamin E lang anhaltende Pflege und Kraft.<br \/>\nCremige Formel mit hochpigmentierter Farbe<br \/>\nAngereichert mit zertifiziertem Bio-Kokosnuss\u00f6l und Vitamin E f\u00fcr weiche, gepflegte Lippen<br \/>\nFormuliert mit zertifiziertem, nicht komedogenem Bio-Carnaubawachs f\u00fcr einen nat\u00fcrlichen Glanz<br \/>\nAlle INIKA Bio-Produkte sind zu 100 % nat\u00fcrlich, vegan und frei von Grausamkeiten zertifiziert.<br \/>\n1. Zeichnen Sie die Form der Lippen nach, um sie zu umrei\u00dfen.<br \/>\n2. F\u00fcllen Sie die Lippen direkt mit dem Lipstick Crayon.<br \/>\nTipps: F\u00fcr einen nat\u00fcrlichen Farbton eine kleine Menge in der Mitte der Lippen auftragen und mit den Fingern verblenden.<\/p>\n","protected":false},"excerpt":{"rendered":"<p>INIKA Lippenfarbstift<\/p>\n","protected":false},"featured_media":36834,"template":"","meta":{"_acf_changed":false},"product_brand":[],"product_cat":[15],"product_tag":[],"class_list":{"0":"post-38250","1":"product","2":"type-product","3":"status-publish","4":"has-post-thumbnail","6":"product_cat-07-cosmetica","8":"first","9":"outofstock","10":"taxable","11":"shipping-taxable","12":"purchasable","13":"product-type-simple"},"acf":[],"jetpack_sharing_enabled":true,"_links":{"self":[{"href":"https:\/\/cndestetik.ch\/de\/wp-json\/wp\/v2\/product\/38250","targetHints":{"allow":["GET"]}}],"collection":[{"href":"https:\/\/cndestetik.ch\/de\/wp-json\/wp\/v2\/product"}],"about":[{"href":"https:\/\/cndestetik.ch\/de\/wp-json\/wp\/v2\/types\/product"}],"wp:featuredmedia":[{"embeddable":true,"href":"https:\/\/cndestetik.ch\/de\/wp-json\/wp\/v2\/media\/36834"}],"wp:attachment":[{"href":"https:\/\/cndestetik.ch\/de\/wp-json\/wp\/v2\/media?parent=38250"}],"wp:term":[{"taxonomy":"product_brand","embeddable":true,"href":"https:\/\/cndestetik.ch\/de\/wp-json\/wp\/v2\/product_brand?post=38250"},{"taxonomy":"product_cat","embeddable":true,"href":"https:\/\/cndestetik.ch\/de\/wp-json\/wp\/v2\/product_cat?post=38250"},{"taxonomy":"product_tag","embeddable":true,"href":"https:\/\/cndestetik.ch\/de\/wp-json\/wp\/v2\/product_tag?post=38250"}],"curies":[{"name":"wp","href":"https:\/\/api.w.org\/{rel}","templated":true}]}}