{"id":38243,"date":"2020-10-30T07:22:02","date_gmt":"2020-10-30T06:22:02","guid":{"rendered":"https:\/\/ticinoweb01.jcloud.ik-server.com\/cndestetik\/prodotto\/inika-full-coverage-conceal-shell\/"},"modified":"2022-06-30T09:31:22","modified_gmt":"2022-06-30T07:31:22","slug":"inika-vollschutz-tarnkappe","status":"publish","type":"product","link":"https:\/\/cndestetik.ch\/de\/prodotto\/inika-vollschutz-tarnkappe\/","title":{"rendered":"INIKA Full Coverage Conceal Shell"},"content":{"rendered":"<p>Ein cremiger Concealer mit voller Deckkraft, der Unreinheiten, Augenringe und Mattigkeit abdeckt und f\u00fcr einen makellosen Teint sorgt. Mit pflanzlichen Pflegestoffen, die die Haut mit Feuchtigkeit versorgen, gl\u00e4tten und n\u00e4hren.<br \/>\nCremige, modulierbare Formel<br \/>\nMakellose Abdeckung von Augenringen und Hautunreinheiten<br \/>\nAngereichert mit zertifiziertem Bio-Sonnenblumen\u00f6l, S\u00fc\u00dfmandel\u00f6l und Sheabutter f\u00fcr langanhaltende Feuchtigkeitszufuhr<br \/>\nErh\u00e4ltlich in 5 Farbt\u00f6nen<br \/>\nAm besten mit den Fingerspitzen oder einem Detailpinsel auftragen<br \/>\nBio-zertifiziert durch COSMOS<br \/>\nAlle INIKA-Produkte sind zu 100 % nat\u00fcrlichen Ursprungs, zertifiziert vegan und frei von Tierqu\u00e4lerei.<br \/>\nWie wird es verwendet? Tragen Sie den Concealer mit dem Pinsel oder den Fingerspitzen auf die Flecken und unter die Augenpartie auf.<\/p>\n","protected":false},"excerpt":{"rendered":"<p>Makellose Abdeckung von Augenringen und Hautunreinheiten<\/p>\n","protected":false},"featured_media":36843,"template":"","meta":{"_acf_changed":false},"product_brand":[],"product_cat":[15],"product_tag":[7373,7374,7381,608,432,715,7675],"class_list":{"0":"post-38243","1":"product","2":"type-product","3":"status-publish","4":"has-post-thumbnail","6":"product_cat-07-cosmetica","7":"product_tag-abdeckstift","8":"product_tag-abdeckung","9":"product_tag-full-de","10":"product_tag-mandeln","11":"product_tag-shea","12":"product_tag-sonnenblumenol-de","13":"product_tag-verbergen","15":"first","16":"instock","17":"taxable","18":"shipping-taxable","19":"purchasable","20":"product-type-simple"},"acf":[],"jetpack_sharing_enabled":true,"_links":{"self":[{"href":"https:\/\/cndestetik.ch\/de\/wp-json\/wp\/v2\/product\/38243","targetHints":{"allow":["GET"]}}],"collection":[{"href":"https:\/\/cndestetik.ch\/de\/wp-json\/wp\/v2\/product"}],"about":[{"href":"https:\/\/cndestetik.ch\/de\/wp-json\/wp\/v2\/types\/product"}],"wp:featuredmedia":[{"embeddable":true,"href":"https:\/\/cndestetik.ch\/de\/wp-json\/wp\/v2\/media\/36843"}],"wp:attachment":[{"href":"https:\/\/cndestetik.ch\/de\/wp-json\/wp\/v2\/media?parent=38243"}],"wp:term":[{"taxonomy":"product_brand","embeddable":true,"href":"https:\/\/cndestetik.ch\/de\/wp-json\/wp\/v2\/product_brand?post=38243"},{"taxonomy":"product_cat","embeddable":true,"href":"https:\/\/cndestetik.ch\/de\/wp-json\/wp\/v2\/product_cat?post=38243"},{"taxonomy":"product_tag","embeddable":true,"href":"https:\/\/cndestetik.ch\/de\/wp-json\/wp\/v2\/product_tag?post=38243"}],"curies":[{"name":"wp","href":"https:\/\/api.w.org\/{rel}","templated":true}]}}