{"id":38207,"date":"2020-10-15T11:48:26","date_gmt":"2020-10-15T09:48:26","guid":{"rendered":"https:\/\/ticinoweb01.jcloud.ik-server.com\/cndestetik\/prodotto\/inika-mineralstiftung-freiheit\/"},"modified":"2022-11-15T17:13:47","modified_gmt":"2022-11-15T16:13:47","slug":"inika-mineralstiftung-freiheit","status":"publish","type":"product","link":"https:\/\/cndestetik.ch\/de\/prodotto\/inika-mineralstiftung-freiheit\/","title":{"rendered":"INIKA-Mineralstiftung Freiheit"},"content":{"rendered":"<p>Die Loose Mineral Foundation ist das Nonplusultra f\u00fcr eine makellose, regulierbare Deckkraft mit 100 Prozent nat\u00fcrlichen Inhaltsstoffen.<br \/>\nReine Mineralien aus der Erde gleichen den Hautton aus und kaschieren Erkrankungen wie Akne, Narben, Rosazea oder Pigmentflecken. Die seidige Textur sorgt f\u00fcr ein Airbrush-Finish, das die Haut nicht austrocknet.<br \/>\nNat\u00fcrlich gewonnenes Titan und Zinkoxid bieten einen chemiefreien Sonnenschutz (SPF 25), um die Haut vor sch\u00e4dlichen UV-Strahlen zu sch\u00fctzen.<br \/>\nSie kann allein oder \u00fcber einer fl\u00fcssigen Grundierung getragen werden und sorgt f\u00fcr ein gleichm\u00e4\u00dfiges, lang anhaltendes Finish.<br \/>\nDie 100 % reinen, aus der Erde gewonnenen Mineralien erm\u00f6glichen ein m\u00fcheloses Verblenden und ein Airbrush-Finish.<br \/>\nBebaubares Dach.<br \/>\nFrei von F\u00fcllstoffen und aggressiven Chemikalien.<br \/>\nEs verstopft weder die Poren noch reizt es die Haut.<br \/>\nAlle INIKA-Produkte sind zu 100 % nat\u00fcrlichen Ursprungs, zertifiziert vegan und frei von Tierqu\u00e4lerei.<br \/>\n1. Drehen Sie den inneren Deckel, um die Menge des abgegebenen Produkts zu \u00fcberpr\u00fcfen.<br \/>\n2. Setzen Sie den Deckel wieder auf und klopfen Sie vorsichtig, um das Pulver freizusetzen.<br \/>\n3. Nehmen Sie den Deckel langsam und vorsichtig ab und halten Sie das Produkt dabei aufrecht, damit es nicht schmutzig wird.<br \/>\n4. Nehmen Sie eine kleine Menge Puder mit Ihrem Veganen Kabuki-Pinsel oder Veganen Foundation-Pinsel auf und sch\u00fctteln Sie das Augenlid, um es gleichm\u00e4\u00dfig aufzutragen.<br \/>\n5. Mit leicht kreisenden Bewegungen auftragen.<br \/>\n6. Wiederholen Sie den Vorgang, um die Abdeckung in den Bereichen zu erh\u00f6hen, die Sie ben\u00f6tigen.<\/p>\n","protected":false},"excerpt":{"rendered":"<p>Ver\u00e4ndert den Hautton und kaschiert Unreinheiten<\/p>\n","protected":false},"featured_media":36972,"template":"","meta":{"_acf_changed":false},"product_brand":[],"product_cat":[15],"product_tag":[10080,7607,7493,711,7659],"class_list":{"0":"post-38207","1":"product","2":"type-product","3":"status-publish","4":"has-post-thumbnail","6":"product_cat-07-cosmetica","7":"product_tag-freiheit","8":"product_tag-mineralien-de-2","9":"product_tag-stiftung-de","10":"product_tag-titan","11":"product_tag-verlieren","13":"first","14":"outofstock","15":"taxable","16":"shipping-taxable","17":"purchasable","18":"product-type-simple"},"acf":[],"jetpack_sharing_enabled":true,"_links":{"self":[{"href":"https:\/\/cndestetik.ch\/de\/wp-json\/wp\/v2\/product\/38207","targetHints":{"allow":["GET"]}}],"collection":[{"href":"https:\/\/cndestetik.ch\/de\/wp-json\/wp\/v2\/product"}],"about":[{"href":"https:\/\/cndestetik.ch\/de\/wp-json\/wp\/v2\/types\/product"}],"wp:featuredmedia":[{"embeddable":true,"href":"https:\/\/cndestetik.ch\/de\/wp-json\/wp\/v2\/media\/36972"}],"wp:attachment":[{"href":"https:\/\/cndestetik.ch\/de\/wp-json\/wp\/v2\/media?parent=38207"}],"wp:term":[{"taxonomy":"product_brand","embeddable":true,"href":"https:\/\/cndestetik.ch\/de\/wp-json\/wp\/v2\/product_brand?post=38207"},{"taxonomy":"product_cat","embeddable":true,"href":"https:\/\/cndestetik.ch\/de\/wp-json\/wp\/v2\/product_cat?post=38207"},{"taxonomy":"product_tag","embeddable":true,"href":"https:\/\/cndestetik.ch\/de\/wp-json\/wp\/v2\/product_tag?post=38207"}],"curies":[{"name":"wp","href":"https:\/\/api.w.org\/{rel}","templated":true}]}}