{"id":38190,"date":"2020-10-15T11:48:17","date_gmt":"2020-10-15T09:48:17","guid":{"rendered":"https:\/\/ticinoweb01.jcloud.ik-server.com\/cndestetik\/prodotto\/inika-gebackene-foundation-geduld\/"},"modified":"2020-10-15T11:48:17","modified_gmt":"2020-10-15T09:48:17","slug":"inika-gebacken-stiftung-geduld","status":"publish","type":"product","link":"https:\/\/cndestetik.ch\/de\/prodotto\/inika-gebacken-stiftung-geduld\/","title":{"rendered":"INIKA Gebackene Foundation Geduld"},"content":{"rendered":"<p>Diese Mineralgrundierung wurde in der wundersch\u00f6nen Toskana in Italien auf einer Terrakottafliese gebacken und kombiniert die seidige, makellose Deckkraft von Mineral-Make-up mit dem Komfort eines Kompaktpuders. Die leichte, atmungsaktive Formel beginnt mit einer transparenten, schleierartigen Deckkraft und baut sich allm\u00e4hlich auf, um eine perfekte, nat\u00fcrliche Basis zu schaffen. Nat\u00fcrliche, aus der Erde gewonnene Mineralien mit lichtreflektierender Technologie sorgen f\u00fcr ein strahlendes, makelloses Finish.<br \/>\nBITTE BEACHTEN SIE: Die INIKA Baked Mineral Foundation ist heller als die INIKA Loose Mineral Foundation, w\u00e4hlen Sie daher eine dunklere Nuance als Ihren \u00fcblichen Farbton.<br \/>\nEine Mischung aus reinen und nat\u00fcrlichen Mineralien, die in der Toskana, Italien, auf eine Steingutfliese gebrannt wurde.<br \/>\nEs kombiniert die Hautvorteile von Mineral-Make-up mit dem Komfort eines Kompaktpuders ohne sch\u00e4dliche Chemikalien.<br \/>\nMagnolienrindenextrakt mildert Hautr\u00f6tungen und verbessert die Feuchtigkeitsversorgung.<br \/>\nEs enth\u00e4lt Hectorit, das f\u00fcr seine F\u00e4higkeit bekannt ist, \u00fcbersch\u00fcssigen Talg aus den Hautporen zu absorbieren.<br \/>\nAtmungsaktive Formel und lichtreflektierende Technologie.<br \/>\nHypoallergen und dermatologisch getestet.<br \/>\nAlle INIKA-Produkte sind zu 100 % nat\u00fcrlichen Ursprungs, zertifiziert vegan und frei von Tierqu\u00e4lerei.<br \/>\n1. Benutzen Sie den Veganen Kabuki-Pinsel oder den Veganen Foundation-Pinsel und wirbeln Sie die Borsten sanft \u00fcber die Foundation.<br \/>\n2. Klopfen Sie, um \u00fcbersch\u00fcssigen Staub zu entfernen.<br \/>\n3. Tragen Sie die Foundation mit kreisenden Bewegungen auf das Gesicht auf und verblenden Sie sie nach oben und au\u00dfen, bis die gew\u00fcnschte Deckkraft erreicht ist.<br \/>\nVerwenden Sie ihn allein oder \u00fcber einer fl\u00fcssigen Grundierung Ihrer Wahl, um die Deckkraft zu erh\u00f6hen und die Haltbarkeit zu verl\u00e4ngern.<\/p>\n","protected":false},"excerpt":{"rendered":"<p>Diese Mineralgrundierung wurde in der wundersch\u00f6nen Toskana in Italien auf einer Terrakottafliese gebacken und kombiniert die seidige, makellose Deckkraft von Mineral-Make-up mit dem Komfort eines Kompaktpuders. Die leichte, atmungsaktive Formel beginnt mit einer transparenten, schleierartigen Deckkraft und baut sich allm\u00e4hlich auf, um eine perfekte, nat\u00fcrliche Basis zu schaffen. Nat\u00fcrliche, aus der Erde gewonnene Mineralien mit [&hellip;]<\/p>\n","protected":false},"featured_media":37008,"template":"","meta":{"_acf_changed":false},"product_brand":[],"product_cat":[15],"product_tag":[700,701,702],"class_list":{"0":"post-38190","1":"product","2":"type-product","3":"status-publish","4":"has-post-thumbnail","6":"product_cat-07-cosmetica","7":"product_tag-barkdimagnolia-de","8":"product_tag-hectorit","9":"product_tag-mineralien-de","11":"first","12":"instock","13":"taxable","14":"shipping-taxable","15":"purchasable","16":"product-type-simple"},"acf":[],"jetpack_sharing_enabled":true,"_links":{"self":[{"href":"https:\/\/cndestetik.ch\/de\/wp-json\/wp\/v2\/product\/38190","targetHints":{"allow":["GET"]}}],"collection":[{"href":"https:\/\/cndestetik.ch\/de\/wp-json\/wp\/v2\/product"}],"about":[{"href":"https:\/\/cndestetik.ch\/de\/wp-json\/wp\/v2\/types\/product"}],"wp:featuredmedia":[{"embeddable":true,"href":"https:\/\/cndestetik.ch\/de\/wp-json\/wp\/v2\/media\/37008"}],"wp:attachment":[{"href":"https:\/\/cndestetik.ch\/de\/wp-json\/wp\/v2\/media?parent=38190"}],"wp:term":[{"taxonomy":"product_brand","embeddable":true,"href":"https:\/\/cndestetik.ch\/de\/wp-json\/wp\/v2\/product_brand?post=38190"},{"taxonomy":"product_cat","embeddable":true,"href":"https:\/\/cndestetik.ch\/de\/wp-json\/wp\/v2\/product_cat?post=38190"},{"taxonomy":"product_tag","embeddable":true,"href":"https:\/\/cndestetik.ch\/de\/wp-json\/wp\/v2\/product_tag?post=38190"}],"curies":[{"name":"wp","href":"https:\/\/api.w.org\/{rel}","templated":true}]}}