{"id":38143,"date":"2020-10-15T11:47:12","date_gmt":"2020-10-15T09:47:12","guid":{"rendered":"https:\/\/ticinoweb01.jcloud.ik-server.com\/cndestetik\/prodotto\/inika-lip-glaze-kirsche\/"},"modified":"2023-01-10T11:52:31","modified_gmt":"2023-01-10T10:52:31","slug":"inika-lippen-glasur-kirsche","status":"publish","type":"product","link":"https:\/\/cndestetik.ch\/de\/prodotto\/inika-lippen-glasur-kirsche\/","title":{"rendered":"Inika Lip Glaze Kirsche"},"content":{"rendered":"<p><span data-sheets-value=\"{\"1\":2,\"2\":\"Lo smalto labbra biologico certificato \u00e8 stato appositamente formulato per fornire idratazione nutriente e cura per le labbra, aggiungendo un tocco di colore brillante.\\nIl burro di karit\u00e9 biologico certificato, gli oli di rosa canina e di jojoba e la cera di Candelilla contribuiscono a fornire una glassa ricca di sostanze nutritive che scivola dolcemente sulle labbra. \\n \\nRicca di antiossidanti e ingredienti per la cura della pelle, questa formula emolliente aiuta a idratare e guarire. L'olio essenziale di arancia biologico certificato dona un bellissimo profumo fresco e agrumato.\\nL'applicatore a bacchetta morbida garantisce un'applicazione delicata e precisa.\\nPu\u00f2 essere indossato da solo per aggiungere un colore sottile e lucentezza, o sovrapposto a una matita per le labbra o un rossetto per un vivace tocco di colore.\\nTutte le tonalit\u00e0 sono caratterizzate da un leggero luccichio.\\nIl burro di karit\u00e8 biologico certificato, gli oli di rosa canina e di jojoba e la cera di Candelilla contribuiscono a fornire una glassa pi\u00f9 ricca di sostanze nutritive che scivola dolcemente sulle labbra.\\nLa formula setosa scivola senza sforzo sulle labbra, studiata per curare e idratare la pelle, donando colore alle labbra.\\nOlio essenziale di arancia biologico certificato per un bellissimo profumo di agrumi.\\nIngredienti vegetali nutrienti e minerali idratano e ringiovaniscono le labbra.\\n77% di ingredienti biologici\\nTutti i prodotti INIKA sono di derivazione naturale al 100%, certificati vegani e cruelty free.\\n1. Utilizzando l'applicatore a bacchetta morbida, applicare direttamente sulle labbra nude per una spruzzata istantanea di idratazione e pigmento.\\n2. In alternativa, applica sopra il tuo rossetto vegano biologico certificato INIKA preferito per una finitura lucida.\\n\"}\" data-sheets-userformat=\"{\"2\":15297,\"3\":{\"1\":0},\"9\":0,\"10\":2,\"11\":0,\"12\":0,\"14\":{\"1\":2,\"2\":0},\"15\":\"Calibri\",\"16\":11}\">Der zertifizierte Bio-Lippenstift wurde speziell entwickelt, um die Lippen mit Feuchtigkeit und Pflege zu versorgen und ihnen gleichzeitig einen Hauch von Farbe zu verleihen.<br \/>\nZertifizierte Bio-Sheabutter, Hagebutten- und Jojoba\u00f6l sowie Candelillawachs sorgen f\u00fcr eine n\u00e4hrstoffreiche Glasur, die sanft \u00fcber die Lippen gleitet.<\/span><\/p>\n<p>Die reichhaltige Formel mit Antioxidantien und hautpflegenden Inhaltsstoffen spendet Feuchtigkeit und hilft bei der Heilung. \u00c4therisches Orangen\u00f6l aus kontrolliert biologischem Anbau verleiht einen herrlich frischen, zitrusartigen Duft.<br \/>\nDer weiche Stiftapplikator sorgt f\u00fcr einen sanften und pr\u00e4zisen Auftrag.<br \/>\nEr kann allein getragen werden, um dezente Farbe und Glanz zu verleihen, oder \u00fcber einen Lippenstift oder Lippenstift aufgetragen werden, um einen lebendigen Farbtupfer zu setzen.<br \/>\nAlle Farbt\u00f6ne zeichnen sich durch einen leichten Schimmer aus.<br \/>\nZertifizierte Bio-Sheabutter, Hagebutten- und Jojoba\u00f6l sowie Candelillawachs sorgen f\u00fcr eine n\u00e4hrstoffreiche Glasur, die sanft \u00fcber die Lippen gleitet.<br \/>\nDie seidige Formel gleitet m\u00fchelos \u00fcber die Lippen, pflegt und befeuchtet die Haut und verleiht den Lippen Farbe.<br \/>\n\u00c4therisches Orangen\u00f6l aus kontrolliert biologischem Anbau f\u00fcr einen herrlichen Zitrusduft.<br \/>\nPflegende pflanzliche Inhaltsstoffe und Mineralien spenden Feuchtigkeit und verj\u00fcngen die Lippen.<br \/>\n77% Bio-Zutaten<br \/>\nAlle INIKA-Produkte sind zu 100 % nat\u00fcrlichen Ursprungs, zertifiziert vegan und frei von Tierqu\u00e4lerei.<br \/>\n1. Mit dem weichen Applikator direkt auf die nackten Lippen auftragen, um sie sofort mit Feuchtigkeit und Pigmenten zu versorgen.<br \/>\n2. Alternativ k\u00f6nnen Sie auch Ihren bevorzugten veganen INIKA-Lippenstift auftragen, um ein gl\u00e4nzendes Finish zu erzielen.<\/p>\n","protected":false},"excerpt":{"rendered":"<p>Feuchtigkeitsspendender und n\u00e4hrender INIKA-Glanz. Empfohlener Verkaufspreis: CHF 23.10<\/p>\n","protected":false},"featured_media":54159,"template":"","meta":{"_acf_changed":false},"product_brand":[],"product_cat":[8511],"product_tag":[689,6697,7565,455,5438,4425,742,690],"class_list":{"0":"post-38143","1":"product","2":"type-product","3":"status-publish","4":"has-post-thumbnail","6":"product_cat-letzte-stucke","7":"product_tag-candelilla-de","8":"product_tag-glanz","9":"product_tag-glasur","10":"product_tag-jojoba-de","11":"product_tag-kirsche","12":"product_tag-lippe","13":"product_tag-lippen","14":"product_tag-rosacanina-de","16":"first","17":"instock","18":"sale","19":"taxable","20":"shipping-taxable","21":"purchasable","22":"product-type-simple"},"acf":[],"jetpack_sharing_enabled":true,"_links":{"self":[{"href":"https:\/\/cndestetik.ch\/de\/wp-json\/wp\/v2\/product\/38143","targetHints":{"allow":["GET"]}}],"collection":[{"href":"https:\/\/cndestetik.ch\/de\/wp-json\/wp\/v2\/product"}],"about":[{"href":"https:\/\/cndestetik.ch\/de\/wp-json\/wp\/v2\/types\/product"}],"wp:featuredmedia":[{"embeddable":true,"href":"https:\/\/cndestetik.ch\/de\/wp-json\/wp\/v2\/media\/54159"}],"wp:attachment":[{"href":"https:\/\/cndestetik.ch\/de\/wp-json\/wp\/v2\/media?parent=38143"}],"wp:term":[{"taxonomy":"product_brand","embeddable":true,"href":"https:\/\/cndestetik.ch\/de\/wp-json\/wp\/v2\/product_brand?post=38143"},{"taxonomy":"product_cat","embeddable":true,"href":"https:\/\/cndestetik.ch\/de\/wp-json\/wp\/v2\/product_cat?post=38143"},{"taxonomy":"product_tag","embeddable":true,"href":"https:\/\/cndestetik.ch\/de\/wp-json\/wp\/v2\/product_tag?post=38143"}],"curies":[{"name":"wp","href":"https:\/\/api.w.org\/{rel}","templated":true}]}}