{"id":38140,"date":"2020-10-15T11:47:09","date_gmt":"2020-10-15T09:47:09","guid":{"rendered":"https:\/\/ticinoweb01.jcloud.ik-server.com\/cndestetik\/prodotto\/inika-lippenserum\/"},"modified":"2023-01-10T13:32:14","modified_gmt":"2023-01-10T12:32:14","slug":"inika-lippenserum","status":"publish","type":"product","link":"https:\/\/cndestetik.ch\/de\/prodotto\/inika-lippenserum\/","title":{"rendered":"Inika Lippenserum"},"content":{"rendered":"<p><span data-sheets-value=\"{\"1\":2,\"2\":\"Questo siero per le labbra vanta una splendida miscela di olio di rosa canina curativo e rigenerante e olivello spinoso, burro di karit\u00e9 ammorbidente, t\u00e8 verde ricco di antiossidanti e olio di jojoba nutriente.\\nPotenti antiossidanti tra cui vitamina E e vitamina C dall'estratto di mandarino biologico certificato e olio essenziale di arancio aiutano a disintossicare e idratare le labbra.\\nSenza colore aggiunto, questo siero per labbra dona lucentezza e sigilla l'umidit\u00e0 quando applicato sopra i tuoi colori per labbra organici preferiti, cos\u00ec come quando usato da solo sopra le labbra naturali.\\nUsalo come rimedio per labbra irritate e screpolate, mattina e sera, o per creare un \\\"effetto gloss\\\" su una matita o un rossetto biologici.\\nFornisce la massima cura delle labbra ricca di sostanze nutritive e un'idratazione profonda per labbra belle e nutrite.\\nApplicare sulle labbra nude o sopra il rossetto per curare le labbra secche, aumentare la lucentezza e sigillare l'idratazione essenziale.\\nFornisce un'idratazione delicata per tutto il giorno per labbra morbide ed elastiche.\\n91% di ingredienti biologici\\n \\nTutti i prodotti INIKA sono di derivazione naturale al 100%, certificati vegani e cruelty free.\\n \\n1. Scivola direttamente sulle labbra nude per un nutrimento immediato e un'idratazione di lunga durata.\\n2. In alternativa, applicare sopra il rossetto o una matita per labbra per aggiungere una lucentezza sensuale e sigillare l'umidit\u00e0 che ama le labbra.\\n\"}\" data-sheets-userformat=\"{\"2\":15299,\"3\":{\"1\":0},\"4\":{\"1\":2,\"2\":65280},\"9\":0,\"10\":2,\"11\":0,\"12\":0,\"14\":{\"1\":2,\"2\":0},\"15\":\"Calibri\",\"16\":11}\">Dieses Lippenserum enth\u00e4lt eine wunderbare Mischung aus heilendem und regenerierendem Hagebutten- und Sanddorn\u00f6l, weichmachender Sheabutter, antioxidativem Gr\u00fcntee und pflegendem Jojoba\u00f6l.<br \/>\nHochwirksame Antioxidantien, darunter Vitamin E und Vitamin C aus zertifiziertem biologischem Mandarinenextrakt und \u00e4therischem Orangen\u00f6l, entgiften und spenden den Lippen Feuchtigkeit.<br \/>\nOhne Farbzusatz verleiht dieses Lippenserum Glanz und versiegelt die Feuchtigkeit, wenn es \u00fcber Ihren bevorzugten Bio-Lippenfarben aufgetragen wird, aber auch, wenn es allein auf den nat\u00fcrlichen Lippen verwendet wird.<br \/>\nVerwenden Sie es als Heilmittel f\u00fcr gereizte und rissige Lippen, morgens und abends, oder um einen &#8220;Glanzeffekt&#8221; auf einem organischen Stift oder Lippenstift zu erzeugen.<br \/>\nSie bietet die ultimative n\u00e4hrstoffreiche Lippenpflege und tiefgehende Feuchtigkeitszufuhr f\u00fcr sch\u00f6ne, gepflegte Lippen.<br \/>\nAuf die nackten Lippen oder \u00fcber den Lippenstift aufgetragen, um trockene Lippen zu pflegen, den Glanz zu erh\u00f6hen und die notwendige Feuchtigkeit einzuschlie\u00dfen.<br \/>\nSpendet den ganzen Tag lang sanfte Feuchtigkeit f\u00fcr weiche und geschmeidige Lippen.<br \/>\n91% Bio-Zutaten<\/span><\/p>\n<p>Alle INIKA-Produkte sind zu 100 % nat\u00fcrlichen Ursprungs, zertifiziert vegan und frei von Tierqu\u00e4lerei.<\/p>\n<p>1. L\u00e4sst sich direkt auf die nackten Lippen auftragen, um sie sofort zu n\u00e4hren und lang anhaltend mit Feuchtigkeit zu versorgen.<br \/>\n2. Alternativ k\u00f6nnen Sie auch einen Lippenstift oder einen Lippenstift auf den Lippenstift auftragen, um den Lippen einen sinnlichen Glanz zu verleihen und die Feuchtigkeit zu versiegeln, die die Lippen lieben.<\/p>\n","protected":false},"excerpt":{"rendered":"<p>Serum zur Lippenversch\u00f6nerung, wirkt sowohl auf nackten Lippen als auch auf Lippenstift. Empfohlener Verkaufspreis: CHF 29.70<\/p>\n","protected":false},"featured_media":54200,"template":"","meta":{"_acf_changed":false},"product_brand":[],"product_cat":[15],"product_tag":[387,4425,742,7567,4860,432],"class_list":{"0":"post-38140","1":"product","2":"type-product","3":"status-publish","4":"has-post-thumbnail","6":"product_cat-07-cosmetica","7":"product_tag-bilden","8":"product_tag-lippe","9":"product_tag-lippen","10":"product_tag-serum-de-2","11":"product_tag-serum-de","12":"product_tag-shea","14":"first","15":"instock","16":"taxable","17":"shipping-taxable","18":"purchasable","19":"product-type-simple"},"acf":[],"jetpack_sharing_enabled":true,"_links":{"self":[{"href":"https:\/\/cndestetik.ch\/de\/wp-json\/wp\/v2\/product\/38140","targetHints":{"allow":["GET"]}}],"collection":[{"href":"https:\/\/cndestetik.ch\/de\/wp-json\/wp\/v2\/product"}],"about":[{"href":"https:\/\/cndestetik.ch\/de\/wp-json\/wp\/v2\/types\/product"}],"wp:featuredmedia":[{"embeddable":true,"href":"https:\/\/cndestetik.ch\/de\/wp-json\/wp\/v2\/media\/54200"}],"wp:attachment":[{"href":"https:\/\/cndestetik.ch\/de\/wp-json\/wp\/v2\/media?parent=38140"}],"wp:term":[{"taxonomy":"product_brand","embeddable":true,"href":"https:\/\/cndestetik.ch\/de\/wp-json\/wp\/v2\/product_brand?post=38140"},{"taxonomy":"product_cat","embeddable":true,"href":"https:\/\/cndestetik.ch\/de\/wp-json\/wp\/v2\/product_cat?post=38140"},{"taxonomy":"product_tag","embeddable":true,"href":"https:\/\/cndestetik.ch\/de\/wp-json\/wp\/v2\/product_tag?post=38140"}],"curies":[{"name":"wp","href":"https:\/\/api.w.org\/{rel}","templated":true}]}}