{"id":38138,"date":"2020-10-15T11:47:06","date_gmt":"2020-10-15T09:47:06","guid":{"rendered":"https:\/\/ticinoweb01.jcloud.ik-server.com\/cndestetik\/prodotto\/inika-lippenstift-safari\/"},"modified":"2020-10-15T11:47:06","modified_gmt":"2020-10-15T09:47:06","slug":"inika-lip-pencil-safari-2","status":"publish","type":"product","link":"https:\/\/cndestetik.ch\/de\/prodotto\/inika-lip-pencil-safari-2\/","title":{"rendered":"Inika Lippenstift Safari"},"content":{"rendered":"<p>Betonen Sie die Form Ihrer Lippen und verleihen Sie ihnen mit diesem cremigen Lippenstift eine perfekte Definition.<br \/>\nDie lang anhaltende Mischung aus kaltgepressten pflanzlichen \u00d6len und Pflanzenwachsen ist mit reinen Mineralpigmenten angereichert, die f\u00fcr eine saftige Farbe mit langer Haltbarkeit sorgen.<br \/>\nDie pigmentierte Farbe mit halbmattem Finish gleitet \u00fcber die Lippen, macht sie weich und geschmeidig und sorgt daf\u00fcr, dass der Lippenstift nicht verrutscht.<br \/>\nDie cremige Formel l\u00e4sst sich leicht auftragen und sorgt f\u00fcr gleichm\u00e4\u00dfige Farbe.<br \/>\nAngereichert mit nat\u00fcrlichem Kokosnuss\u00f6l und Vitamin E f\u00fcr lang anhaltende Feuchtigkeitszufuhr.<br \/>\nTragen Sie ihn auf nudefarbene Lippen auf oder kombinieren Sie ihn mit Ihrem Lieblingslippenstift von INIKA, um mehr Farbtiefe zu erzielen und ein Auslaufen der Farbe zu verhindern.<br \/>\nEr sorgt daf\u00fcr, dass der Lippenstift nicht ausl\u00e4uft.<\/p>\n<p>Zertifizierter Bio-Lippenstift Finish<br \/>\nSafari &#8211; Matt<br \/>\nStaubiges Rosa &#8211; Matt<br \/>\nB\u00fcffel &#8211; Matt<br \/>\nNude Delight &#8211; Schimmer<br \/>\nMarokkanische Rose &#8211; Satin<br \/>\nZuckerpflaume &#8211; Satin<br \/>\nAlle INIKA-Produkte sind zu 100 % nat\u00fcrlichen Ursprungs, zertifiziert vegan und frei von Tierqu\u00e4lerei.<br \/>\n1. Richten Sie Ihre Lippen vorsichtig in Abschnitten aus, beginnend mit dem Amorbogen.<br \/>\n2. F\u00fcllen Sie beide Seiten der Oberlippe, die Mitte der Unterlippe und dann den Rest der Unterlippe aus.<br \/>\n3. Um Ihren Look zu vervollst\u00e4ndigen, f\u00fcllen Sie die gesamte Lippenpartie mit Ihrem bevorzugten veganen INIKA-Lippenstift aus.<br \/>\nBei Bedarf mit dem INIKA-Spitzer sch\u00e4rfen.<\/p>\n","protected":false},"excerpt":{"rendered":"<p>Betonen Sie die Form Ihrer Lippen und verleihen Sie ihnen mit diesem cremigen Lippenstift eine perfekte Definition. Die lang anhaltende Mischung aus kaltgepressten pflanzlichen \u00d6len und Pflanzenwachsen ist mit reinen Mineralpigmenten angereichert, die f\u00fcr eine saftige Farbe mit langer Haltbarkeit sorgen. Die pigmentierte Farbe mit halbmattem Finish gleitet \u00fcber die Lippen, macht sie weich und [&hellip;]<\/p>\n","protected":false},"featured_media":37194,"template":"","meta":{"_acf_changed":false},"product_brand":[],"product_cat":[15],"product_tag":[387,408,683],"class_list":{"0":"post-38138","1":"product","2":"type-product","3":"status-publish","4":"has-post-thumbnail","6":"product_cat-07-cosmetica","7":"product_tag-bilden","8":"product_tag-kokosnuss","9":"product_tag-wachs","11":"first","12":"instock","13":"taxable","14":"shipping-taxable","15":"purchasable","16":"product-type-simple"},"acf":[],"jetpack_sharing_enabled":true,"_links":{"self":[{"href":"https:\/\/cndestetik.ch\/de\/wp-json\/wp\/v2\/product\/38138","targetHints":{"allow":["GET"]}}],"collection":[{"href":"https:\/\/cndestetik.ch\/de\/wp-json\/wp\/v2\/product"}],"about":[{"href":"https:\/\/cndestetik.ch\/de\/wp-json\/wp\/v2\/types\/product"}],"wp:featuredmedia":[{"embeddable":true,"href":"https:\/\/cndestetik.ch\/de\/wp-json\/wp\/v2\/media\/37194"}],"wp:attachment":[{"href":"https:\/\/cndestetik.ch\/de\/wp-json\/wp\/v2\/media?parent=38138"}],"wp:term":[{"taxonomy":"product_brand","embeddable":true,"href":"https:\/\/cndestetik.ch\/de\/wp-json\/wp\/v2\/product_brand?post=38138"},{"taxonomy":"product_cat","embeddable":true,"href":"https:\/\/cndestetik.ch\/de\/wp-json\/wp\/v2\/product_cat?post=38138"},{"taxonomy":"product_tag","embeddable":true,"href":"https:\/\/cndestetik.ch\/de\/wp-json\/wp\/v2\/product_tag?post=38138"}],"curies":[{"name":"wp","href":"https:\/\/api.w.org\/{rel}","templated":true}]}}