{"id":38109,"date":"2020-10-15T11:46:28","date_gmt":"2020-10-15T09:46:28","guid":{"rendered":"https:\/\/ticinoweb01.jcloud.ik-server.com\/cndestetik\/prodotto\/inika-brauenstift-brunette-beauty\/"},"modified":"2022-06-28T14:49:23","modified_gmt":"2022-06-28T12:49:23","slug":"inika-brow-pencil-brunette-beauty","status":"publish","type":"product","link":"https:\/\/cndestetik.ch\/de\/prodotto\/inika-brow-pencil-brunette-beauty\/","title":{"rendered":"Inika Brauenstift Brunette Beauty"},"content":{"rendered":"<p>Angereichert mit zertifiziertem Bio-Kokosnuss\u00f6l f\u00fcr eine geschmeidige Textur, zum Betonen oder Anheben der nat\u00fcrlichen Form der Augenbrauen, zum Auff\u00fcllen fehlender H\u00e4rchen oder zur Verbesserung der Farbe f\u00fcr mehr Definition.<br \/>\nDie weiche Textur gleitet m\u00fchelos \u00fcber die Augenbrauen.<br \/>\nEs bietet sowohl K\u00f6rperpflege als auch extreme Farbgenauigkeit ohne wachsartige R\u00fcckst\u00e4nde.<br \/>\nZertifizierte pflanzliche Inhaltsstoffe aus biologischem Anbau n\u00e4hren die Augenbrauen und machen sie weich.<br \/>\nAlle INIKA-Produkte sind zu 100 % nat\u00fcrlichen Ursprungs, zertifiziert vegan und frei von Tierqu\u00e4lerei.<br \/>\n1. Beginnen Sie am inneren Augenbrauenwinkel, der dem Nasenr\u00fccken am n\u00e4chsten liegt, und f\u00fcllen Sie L\u00fccken oder sp\u00e4rliche Stellen mit kurzen, nach oben gerichteten Strichen auf, \u00e4hnlich wie bei Strichen.<br \/>\n2. Bauen Sie nach Bedarf.<br \/>\n3. Zum K\u00e4mmen und Ausarbeiten einen Pinsel oder eine Augenbrauenb\u00fcrste verwenden.<br \/>\nBei Bedarf mit dem INIKA-Spitzer sch\u00e4rfen.<\/p>\n","protected":false},"excerpt":{"rendered":"<p>Angereichert mit zertifiziertem Bio-Kokosnuss\u00f6l f\u00fcr eine geschmeidige Textur, zum Betonen oder Anheben der nat\u00fcrlichen Form der Augenbrauen, zum Auff\u00fcllen fehlender H\u00e4rchen oder zur Verbesserung der Farbe f\u00fcr mehr Definition. Die weiche Textur gleitet m\u00fchelos \u00fcber die Augenbrauen. Es bietet sowohl K\u00f6rperpflege als auch extreme Farbgenauigkeit ohne wachsartige R\u00fcckst\u00e4nde. Zertifizierte pflanzliche Inhaltsstoffe aus biologischem Anbau n\u00e4hren [&hellip;]<\/p>\n","protected":false},"featured_media":37242,"template":"","meta":{"_acf_changed":false},"product_brand":[],"product_cat":[15],"product_tag":[],"class_list":{"0":"post-38109","1":"product","2":"type-product","3":"status-publish","4":"has-post-thumbnail","6":"product_cat-07-cosmetica","8":"first","9":"instock","10":"taxable","11":"shipping-taxable","12":"purchasable","13":"product-type-simple"},"acf":[],"jetpack_sharing_enabled":true,"_links":{"self":[{"href":"https:\/\/cndestetik.ch\/de\/wp-json\/wp\/v2\/product\/38109","targetHints":{"allow":["GET"]}}],"collection":[{"href":"https:\/\/cndestetik.ch\/de\/wp-json\/wp\/v2\/product"}],"about":[{"href":"https:\/\/cndestetik.ch\/de\/wp-json\/wp\/v2\/types\/product"}],"wp:featuredmedia":[{"embeddable":true,"href":"https:\/\/cndestetik.ch\/de\/wp-json\/wp\/v2\/media\/37242"}],"wp:attachment":[{"href":"https:\/\/cndestetik.ch\/de\/wp-json\/wp\/v2\/media?parent=38109"}],"wp:term":[{"taxonomy":"product_brand","embeddable":true,"href":"https:\/\/cndestetik.ch\/de\/wp-json\/wp\/v2\/product_brand?post=38109"},{"taxonomy":"product_cat","embeddable":true,"href":"https:\/\/cndestetik.ch\/de\/wp-json\/wp\/v2\/product_cat?post=38109"},{"taxonomy":"product_tag","embeddable":true,"href":"https:\/\/cndestetik.ch\/de\/wp-json\/wp\/v2\/product_tag?post=38109"}],"curies":[{"name":"wp","href":"https:\/\/api.w.org\/{rel}","templated":true}]}}