{"id":38076,"date":"2020-10-15T11:45:32","date_gmt":"2020-10-15T09:45:32","guid":{"rendered":"https:\/\/ticinoweb01.jcloud.ik-server.com\/cndestetik\/prodotto\/inika-creme-lidschatten-champagner\/"},"modified":"2023-01-12T13:23:53","modified_gmt":"2023-01-12T12:23:53","slug":"inika-creme-augen-schatten-champagner","status":"publish","type":"product","link":"https:\/\/cndestetik.ch\/de\/prodotto\/inika-creme-augen-schatten-champagner\/","title":{"rendered":"Inika Creme-Lidschatten Champagner"},"content":{"rendered":"<p>Die Kombination aus nat\u00fcrlicher Aloe Vera, Schwarzteeblatt-Extrakt und reinen Mineralpigmenten verleiht dem fl\u00fcssigen Eyeliner eine intensive Farbe mit ausgepr\u00e4gter Haftkraft.<br \/>\nDie Pr\u00e4zisionsspitze ist alkoholfrei und wurde f\u00fcr empfindliche Augen entwickelt. Sie erm\u00f6glicht ein pr\u00e4zises und einfaches Auftragen und sorgt jedes Mal f\u00fcr ein perfektes Finish.<br \/>\nIntensive, lang anhaltende und wischfeste Farbe.<br \/>\nPr\u00e4zisionsspitze f\u00fcr ein makelloses Finish.<br \/>\nSchnell trocknend, alkoholfrei und f\u00fcr empfindliche Augen geeignet.<br \/>\n70% Bio-Zutaten<br \/>\nAlle INIKA-Produkte sind zu 100 % nat\u00fcrlichen Ursprungs, zertifiziert vegan und frei von Tierqu\u00e4lerei.<br \/>\n1. Sch\u00fctteln Sie die Flasche.<br \/>\n2. Streichen Sie mit der Filzspitze vom inneren Winkel nach au\u00dfen entlang des Wimpernkranzes und bleiben Sie dabei so nah wie m\u00f6glich an den Wimpern.<br \/>\n3. Falls gew\u00fcnscht, f\u00fcgen Sie einen kleinen Strich nach oben an den R\u00e4ndern beider Augen hinzu, um einen katzenhaften Effekt zu erzielen.<br \/>\nTIPP: Entfernen Sie eventuelle Fehler einfach mit Mizellenwasser oder INIKA Make-up-Entferner auf einem Wattebausch.<\/p>\n","protected":false},"excerpt":{"rendered":"<p style=\"text-align: left\">Illuminierende Augencreme. Empfohlener Verkaufspreis: CHF 26.40<\/p>\n","protected":false},"featured_media":37302,"template":"","meta":{"_acf_changed":false},"product_brand":[],"product_cat":[8511],"product_tag":[7601,387,9595,5472,5795,7608],"class_list":{"0":"post-38076","1":"product","2":"type-product","3":"status-publish","4":"has-post-thumbnail","6":"product_cat-letzte-stucke","7":"product_tag-auge","8":"product_tag-bilden","9":"product_tag-champagner","10":"product_tag-creme-de-2","11":"product_tag-lidschatten","12":"product_tag-schatten","14":"first","15":"instock","16":"sale","17":"taxable","18":"shipping-taxable","19":"purchasable","20":"product-type-simple"},"acf":[],"jetpack_sharing_enabled":true,"_links":{"self":[{"href":"https:\/\/cndestetik.ch\/de\/wp-json\/wp\/v2\/product\/38076","targetHints":{"allow":["GET"]}}],"collection":[{"href":"https:\/\/cndestetik.ch\/de\/wp-json\/wp\/v2\/product"}],"about":[{"href":"https:\/\/cndestetik.ch\/de\/wp-json\/wp\/v2\/types\/product"}],"wp:featuredmedia":[{"embeddable":true,"href":"https:\/\/cndestetik.ch\/de\/wp-json\/wp\/v2\/media\/37302"}],"wp:attachment":[{"href":"https:\/\/cndestetik.ch\/de\/wp-json\/wp\/v2\/media?parent=38076"}],"wp:term":[{"taxonomy":"product_brand","embeddable":true,"href":"https:\/\/cndestetik.ch\/de\/wp-json\/wp\/v2\/product_brand?post=38076"},{"taxonomy":"product_cat","embeddable":true,"href":"https:\/\/cndestetik.ch\/de\/wp-json\/wp\/v2\/product_cat?post=38076"},{"taxonomy":"product_tag","embeddable":true,"href":"https:\/\/cndestetik.ch\/de\/wp-json\/wp\/v2\/product_tag?post=38076"}],"curies":[{"name":"wp","href":"https:\/\/api.w.org\/{rel}","templated":true}]}}