{"id":38069,"date":"2020-10-15T11:45:23","date_gmt":"2020-10-15T09:45:23","guid":{"rendered":"https:\/\/ticinoweb01.jcloud.ik-server.com\/cndestetik\/prodotto\/inika-co-fluessiger-eyeliner-braun\/"},"modified":"2020-10-15T11:45:23","modified_gmt":"2020-10-15T09:45:23","slug":"inika-co-liquid-eyeliner-brown-2","status":"publish","type":"product","link":"https:\/\/cndestetik.ch\/de\/prodotto\/inika-co-liquid-eyeliner-brown-2\/","title":{"rendered":"Inika CO Fl\u00fcssiger Eyeliner Braun"},"content":{"rendered":"<p>Die Kombination aus nat\u00fcrlicher Aloe Vera, Schwarzteeblatt-Extrakt und reinen Mineralpigmenten verleiht dem fl\u00fcssigen Eyeliner eine intensive Farbe mit ausgepr\u00e4gter Haftkraft.<br \/>\nDie Pr\u00e4zisionsspitze ist alkoholfrei und wurde f\u00fcr empfindliche Augen entwickelt. Sie erm\u00f6glicht ein pr\u00e4zises und einfaches Auftragen und sorgt jedes Mal f\u00fcr ein perfektes Finish.<\/p>\n<p>Intensive, lang anhaltende und wischfeste Farbe.<br \/>\nPr\u00e4zisionsspitze f\u00fcr ein makelloses Finish.<br \/>\nSchnell trocknend, alkoholfrei und f\u00fcr empfindliche Augen geeignet.<br \/>\n70% Bio-Zutaten<br \/>\nAlle INIKA-Produkte sind zu 100 % nat\u00fcrlichen Ursprungs, zertifiziert vegan und frei von Tierqu\u00e4lerei.<\/p>\n<p>1. Sch\u00fctteln Sie die Flasche.<br \/>\n2. Streichen Sie mit der Filzspitze vom inneren Winkel nach au\u00dfen entlang des Wimpernkranzes und bleiben Sie dabei so nah wie m\u00f6glich an den Wimpern.<br \/>\n3. Falls gew\u00fcnscht, f\u00fcgen Sie einen kleinen Strich nach oben an den R\u00e4ndern beider Augen hinzu, um einen katzenhaften Effekt zu erzielen.<\/p>\n<p>TIPP: Entfernen Sie eventuelle Fehler ganz einfach mit Mizellenwasser oder INIKA Make-up-Entferner auf einem Wattest\u00e4bchen.<\/p>\n","protected":false},"excerpt":{"rendered":"<p>Die Kombination aus nat\u00fcrlicher Aloe Vera, Schwarzteeblatt-Extrakt und reinen Mineralpigmenten verleiht dem fl\u00fcssigen Eyeliner eine intensive Farbe mit ausgepr\u00e4gter Haftkraft. Die Pr\u00e4zisionsspitze ist alkoholfrei und wurde f\u00fcr empfindliche Augen entwickelt. Sie erm\u00f6glicht ein pr\u00e4zises und einfaches Auftragen und sorgt jedes Mal f\u00fcr ein perfektes Finish. Intensive, lang anhaltende und wischfeste Farbe. Pr\u00e4zisionsspitze f\u00fcr ein makelloses [&hellip;]<\/p>\n","protected":false},"featured_media":37326,"template":"","meta":{"_acf_changed":false},"product_brand":[],"product_cat":[15],"product_tag":[565,387,644],"class_list":{"0":"post-38069","1":"product","2":"type-product","3":"status-publish","4":"has-post-thumbnail","6":"product_cat-07-cosmetica","7":"product_tag-aloevera-de","8":"product_tag-bilden","9":"product_tag-thenero-de","11":"first","12":"instock","13":"taxable","14":"shipping-taxable","15":"purchasable","16":"product-type-simple"},"acf":[],"jetpack_sharing_enabled":true,"_links":{"self":[{"href":"https:\/\/cndestetik.ch\/de\/wp-json\/wp\/v2\/product\/38069","targetHints":{"allow":["GET"]}}],"collection":[{"href":"https:\/\/cndestetik.ch\/de\/wp-json\/wp\/v2\/product"}],"about":[{"href":"https:\/\/cndestetik.ch\/de\/wp-json\/wp\/v2\/types\/product"}],"wp:featuredmedia":[{"embeddable":true,"href":"https:\/\/cndestetik.ch\/de\/wp-json\/wp\/v2\/media\/37326"}],"wp:attachment":[{"href":"https:\/\/cndestetik.ch\/de\/wp-json\/wp\/v2\/media?parent=38069"}],"wp:term":[{"taxonomy":"product_brand","embeddable":true,"href":"https:\/\/cndestetik.ch\/de\/wp-json\/wp\/v2\/product_brand?post=38069"},{"taxonomy":"product_cat","embeddable":true,"href":"https:\/\/cndestetik.ch\/de\/wp-json\/wp\/v2\/product_cat?post=38069"},{"taxonomy":"product_tag","embeddable":true,"href":"https:\/\/cndestetik.ch\/de\/wp-json\/wp\/v2\/product_tag?post=38069"}],"curies":[{"name":"wp","href":"https:\/\/api.w.org\/{rel}","templated":true}]}}