{"id":38049,"date":"2020-10-15T11:45:16","date_gmt":"2020-10-15T09:45:16","guid":{"rendered":"https:\/\/ticinoweb01.jcloud.ik-server.com\/cndestetik\/prodotto\/inika-gebacken-in-einer-box-staerke\/"},"modified":"2020-10-15T11:45:16","modified_gmt":"2020-10-15T09:45:16","slug":"inika-baked-in-a-box-strength-2","status":"publish","type":"product","link":"https:\/\/cndestetik.ch\/de\/prodotto\/inika-baked-in-a-box-strength-2\/","title":{"rendered":"Inika Gebacken in einer Box St\u00e4rke"},"content":{"rendered":"<p>Die Limited Edition Baked In A Box ist ein unverzichtbares Set mit INIKA Organic-Produkten f\u00fcr einen strahlenden Teint im Alltag.<br \/>\nDies ist das perfekte Einsteigerset f\u00fcr diejenigen, die die INIKA Organic-Reihe noch nicht kennen. Es ist in f\u00fcnf verschiedenen Farbt\u00f6nen f\u00fcr unterschiedliche Hautt\u00f6ne erh\u00e4ltlich<br \/>\nDiese Essential-Kollektion enth\u00e4lt: Baked Mineral Foundation 2,5 g, Baked Mineral Illuminisor 2,5 g, Loose Mineral Bronzer 3,5 g, Vegan Foundation Brush, Certified Organic Liquid Foundation 4 ml, Certified Organic BB Cream 4 ml, Certified Organic Perfection Concealer 4 ml, Certified Organic Pure Primer 10 ml, Mattifying Mineral Powder 0,7 g.<\/p>\n<p>** BITTE BEACHTEN SIE: Unsere Lose Mineral Foundation ist heller als unsere Lose Mineral Foundation, bitte w\u00e4hlen Sie einen dunkleren Farbton als Ihren \u00fcblichen Farbton.<\/p>\n","protected":false},"excerpt":{"rendered":"<p>Die Limited Edition Baked In A Box ist ein unverzichtbares Set mit INIKA Organic-Produkten f\u00fcr einen strahlenden Teint im Alltag. Dies ist das perfekte Einsteigerset f\u00fcr diejenigen, die die INIKA Organic-Reihe noch nicht kennen. Es ist in f\u00fcnf verschiedenen Farbt\u00f6nen f\u00fcr unterschiedliche Hautt\u00f6ne erh\u00e4ltlich Diese Essential-Kollektion enth\u00e4lt: Baked Mineral Foundation 2,5 g, Baked Mineral Illuminisor [&hellip;]<\/p>\n","protected":false},"featured_media":37344,"template":"","meta":{"_acf_changed":false},"product_brand":[],"product_cat":[15],"product_tag":[389,387],"class_list":{"0":"post-38049","1":"product","2":"type-product","3":"status-publish","4":"has-post-thumbnail","6":"product_cat-07-cosmetica","7":"product_tag-bausatz","8":"product_tag-bilden","10":"first","11":"instock","12":"taxable","13":"shipping-taxable","14":"purchasable","15":"product-type-simple"},"acf":[],"jetpack_sharing_enabled":true,"_links":{"self":[{"href":"https:\/\/cndestetik.ch\/de\/wp-json\/wp\/v2\/product\/38049","targetHints":{"allow":["GET"]}}],"collection":[{"href":"https:\/\/cndestetik.ch\/de\/wp-json\/wp\/v2\/product"}],"about":[{"href":"https:\/\/cndestetik.ch\/de\/wp-json\/wp\/v2\/types\/product"}],"wp:featuredmedia":[{"embeddable":true,"href":"https:\/\/cndestetik.ch\/de\/wp-json\/wp\/v2\/media\/37344"}],"wp:attachment":[{"href":"https:\/\/cndestetik.ch\/de\/wp-json\/wp\/v2\/media?parent=38049"}],"wp:term":[{"taxonomy":"product_brand","embeddable":true,"href":"https:\/\/cndestetik.ch\/de\/wp-json\/wp\/v2\/product_brand?post=38049"},{"taxonomy":"product_cat","embeddable":true,"href":"https:\/\/cndestetik.ch\/de\/wp-json\/wp\/v2\/product_cat?post=38049"},{"taxonomy":"product_tag","embeddable":true,"href":"https:\/\/cndestetik.ch\/de\/wp-json\/wp\/v2\/product_tag?post=38049"}],"curies":[{"name":"wp","href":"https:\/\/api.w.org\/{rel}","templated":true}]}}