{"id":38035,"date":"2020-10-15T11:45:03","date_gmt":"2020-10-15T09:45:03","guid":{"rendered":"https:\/\/ticinoweb01.jcloud.ik-server.com\/cndestetik\/prodotto\/feste-lotion-zitrusfruechte\/"},"modified":"2022-11-15T17:10:12","modified_gmt":"2022-11-15T16:10:12","slug":"zitrus-feststoff-lotion","status":"publish","type":"product","link":"https:\/\/cndestetik.ch\/de\/prodotto\/zitrus-feststoff-lotion\/","title":{"rendered":"Feste Lotion Zitrusfr\u00fcchte"},"content":{"rendered":"<p>Diese reichhaltige Lotion spendet Ihrer Haut in nur einem Schritt intensive Feuchtigkeit!<br \/>\nReiben Sie es einfach auf die feuchte Haut und massieren Sie es ein, damit es besser einzieht. Denken Sie daran, dass eine kleine Menge viel ausmacht!<br \/>\nDieser Bar ist mit \u00e4therischen \u00d6len aus Bergamotte, Grapefruit und Thymian parf\u00fcmiert, die ihm einen lebendigen und erfrischenden Zitrusduft verleihen!<\/p>\n","protected":false},"excerpt":{"rendered":"<p>Seife Solid Lotion Mit \u00e4therischen \u00d6len von Bergamotte, Grapefruit und Thymian.<\/p>\n","protected":false},"featured_media":37359,"template":"","meta":{"_acf_changed":false},"product_brand":[],"product_cat":[1924,8511],"product_tag":[620,2051,608,1060,7520,432,7526,7533],"class_list":{"0":"post-38035","1":"product","2":"type-product","3":"status-publish","4":"has-post-thumbnail","6":"product_cat-ermittlung","7":"product_cat-letzte-stucke","8":"product_tag-kakao","9":"product_tag-lotion-de","10":"product_tag-mandeln","11":"product_tag-seife","12":"product_tag-seifenstuck","13":"product_tag-shea","14":"product_tag-solid-de","15":"product_tag-zitrusfruchte-de","17":"first","18":"outofstock","19":"sale","20":"taxable","21":"shipping-taxable","22":"purchasable","23":"product-type-simple"},"acf":[],"jetpack_sharing_enabled":true,"_links":{"self":[{"href":"https:\/\/cndestetik.ch\/de\/wp-json\/wp\/v2\/product\/38035","targetHints":{"allow":["GET"]}}],"collection":[{"href":"https:\/\/cndestetik.ch\/de\/wp-json\/wp\/v2\/product"}],"about":[{"href":"https:\/\/cndestetik.ch\/de\/wp-json\/wp\/v2\/types\/product"}],"wp:featuredmedia":[{"embeddable":true,"href":"https:\/\/cndestetik.ch\/de\/wp-json\/wp\/v2\/media\/37359"}],"wp:attachment":[{"href":"https:\/\/cndestetik.ch\/de\/wp-json\/wp\/v2\/media?parent=38035"}],"wp:term":[{"taxonomy":"product_brand","embeddable":true,"href":"https:\/\/cndestetik.ch\/de\/wp-json\/wp\/v2\/product_brand?post=38035"},{"taxonomy":"product_cat","embeddable":true,"href":"https:\/\/cndestetik.ch\/de\/wp-json\/wp\/v2\/product_cat?post=38035"},{"taxonomy":"product_tag","embeddable":true,"href":"https:\/\/cndestetik.ch\/de\/wp-json\/wp\/v2\/product_tag?post=38035"}],"curies":[{"name":"wp","href":"https:\/\/api.w.org\/{rel}","templated":true}]}}