{"id":38025,"date":"2020-10-15T11:43:47","date_gmt":"2020-10-15T09:43:47","guid":{"rendered":"https:\/\/ticinoweb01.jcloud.ik-server.com\/cndestetik\/prodotto\/haarspuelung\/"},"modified":"2020-10-15T11:43:47","modified_gmt":"2020-10-15T09:43:47","slug":"haarspulung-2","status":"publish","type":"product","link":"https:\/\/cndestetik.ch\/de\/prodotto\/haarspulung-2\/","title":{"rendered":"Haarsp\u00fclung"},"content":{"rendered":"<p>Ein gro\u00dfartiges Produkt f\u00fcr alle Haare und hellt mit einem Anti-Frizz-Effekt auf. Dieses Produkt n\u00e4hrt und st\u00e4rkt das Haar und verleiht ihm Glanz und K\u00e4mmbarkeit. Sch\u00fctzt vor dem F\u00f6hnen und beschwert nicht.<\/p>\n<p>Es hinterl\u00e4sst einen zarten und angenehmen Duft, der den ganzen Tag anh\u00e4lt!<\/p>\n<p>Unser Rat? Helfen Sie Ihrem Haar, stark zu bleiben: Verwenden Sie nicht nur das richtige, &#8220;saubere&#8221; und sanfte Shampoo, sondern reinigen Sie Ihre Kopfhaut und Ihr Haar mindestens einmal pro Woche mit der Entgiftungspackung und pflegen Sie Ihre Kopfhaut und Ihr Haar entweder mit restrukturierendem \u00d6l oder Butter&#8230; Nach ein paar Wochen werden Sie sehen, wie sich Ihr Haar ver\u00e4ndert!<\/p>\n","protected":false},"excerpt":{"rendered":"<p>Ein gro\u00dfartiges Produkt f\u00fcr alle Haare und hellt mit einem Anti-Frizz-Effekt auf. Dieses Produkt n\u00e4hrt und st\u00e4rkt das Haar und verleiht ihm Glanz und K\u00e4mmbarkeit. Sch\u00fctzt vor dem F\u00f6hnen und beschwert nicht. Es hinterl\u00e4sst einen zarten und angenehmen Duft, der den ganzen Tag anh\u00e4lt! Unser Rat? Helfen Sie Ihrem Haar, stark zu bleiben: Verwenden Sie [&hellip;]<\/p>\n","protected":false},"featured_media":37419,"template":"","meta":{"_acf_changed":false},"product_brand":[],"product_cat":[15],"product_tag":[],"class_list":{"0":"post-38025","1":"product","2":"type-product","3":"status-publish","4":"has-post-thumbnail","6":"product_cat-07-cosmetica","8":"first","9":"instock","10":"taxable","11":"shipping-taxable","12":"purchasable","13":"product-type-simple"},"acf":[],"jetpack_sharing_enabled":true,"_links":{"self":[{"href":"https:\/\/cndestetik.ch\/de\/wp-json\/wp\/v2\/product\/38025","targetHints":{"allow":["GET"]}}],"collection":[{"href":"https:\/\/cndestetik.ch\/de\/wp-json\/wp\/v2\/product"}],"about":[{"href":"https:\/\/cndestetik.ch\/de\/wp-json\/wp\/v2\/types\/product"}],"wp:featuredmedia":[{"embeddable":true,"href":"https:\/\/cndestetik.ch\/de\/wp-json\/wp\/v2\/media\/37419"}],"wp:attachment":[{"href":"https:\/\/cndestetik.ch\/de\/wp-json\/wp\/v2\/media?parent=38025"}],"wp:term":[{"taxonomy":"product_brand","embeddable":true,"href":"https:\/\/cndestetik.ch\/de\/wp-json\/wp\/v2\/product_brand?post=38025"},{"taxonomy":"product_cat","embeddable":true,"href":"https:\/\/cndestetik.ch\/de\/wp-json\/wp\/v2\/product_cat?post=38025"},{"taxonomy":"product_tag","embeddable":true,"href":"https:\/\/cndestetik.ch\/de\/wp-json\/wp\/v2\/product_tag?post=38025"}],"curies":[{"name":"wp","href":"https:\/\/api.w.org\/{rel}","templated":true}]}}