{"id":38001,"date":"2020-10-15T11:43:17","date_gmt":"2020-10-15T09:43:17","guid":{"rendered":"https:\/\/ticinoweb01.jcloud.ik-server.com\/cndestetik\/prodotto\/pflegende-vitamin-creme\/"},"modified":"2025-01-24T08:28:07","modified_gmt":"2025-01-24T07:28:07","slug":"vitaminpflegesalbe","status":"publish","type":"product","link":"https:\/\/cndestetik.ch\/de\/prodotto\/vitaminpflegesalbe\/","title":{"rendered":"Pflegende Vitamin-Creme"},"content":{"rendered":"<p><span data-sheets-value=\"{\"1\":2,\"2\":\"Crema nutriente con vitamine A, E e con estratto spagirico di calendula. Una crema passepartout, utile per le pelli delicate ma anche quelle che hanno bisogno di un tocco deciso.\\nOttima per tutti i tipi di pelle, nutre, idrata, cicatrizza, lenisce. \\n\\nE' una crema dalla texture semplice e leggera; ottima come primer prima del trucco, si addice ad una crema giorno.\\nPu\u00f2 essere usata anche di notte, magari supportata da un OLEOLITO VISO pi\u00f9 adeguato sulla base del tipo di pelle, per un effetto nutriente e rinforzante.\\n\\nComoda, elengante e dalla profumazione semplice ed essenziale!\"}\" data-sheets-userformat=\"{\"2\":15297,\"3\":{\"1\":0},\"9\":0,\"10\":2,\"11\":0,\"12\":0,\"14\":{\"1\":2,\"2\":0},\"15\":\"Calibri\",\"16\":11}\">Pflegende Creme mit den Vitaminen A, E und spagyrischem Ringelblumenextrakt.<br \/>\nEine Passepartout-Creme, n\u00fctzlich f\u00fcr empfindliche Haut, aber auch f\u00fcr Haut, die eine starke Ber\u00fchrung braucht. Ausgezeichnet f\u00fcr alle Hauttypen, n\u00e4hrt, spendet Feuchtigkeit, heilt und beruhigt.<\/span><\/p>\n<p>Es ist eine Creme mit einer einfachen und leichten Textur; sie eignet sich hervorragend als Grundierung vor dem Make-up und als Tagescreme. Sie kann auch nachts verwendet werden, vielleicht unterst\u00fctzt durch ein geeigneteres GESICHTS\u00d6L, je nach Hauttyp, f\u00fcr eine n\u00e4hrende und st\u00e4rkende Wirkung.<\/p>\n<p>Bequem, elegant und mit einem einfachen und essentiellen Duft!<\/p>\n","protected":false},"excerpt":{"rendered":"<p>Pflegende Creme f\u00fcr alle Hauttypen geeignet.<\/p>\n","protected":false},"featured_media":37434,"template":"","meta":{"_acf_changed":false},"product_brand":[],"product_cat":[12988,1495,12980,9904],"product_tag":[3836,471,447,434,9087,9086,4194,457],"class_list":{"0":"post-38001","1":"product","2":"type-product","3":"status-publish","4":"has-post-thumbnail","6":"product_cat-gesicht","7":"product_cat-kosmetik","8":"product_cat-mikrokosmos","9":"product_cat-pink-bird","10":"product_tag-creme-de","11":"product_tag-nahrhaft","12":"product_tag-ringelblume","13":"product_tag-spagyrik","14":"product_tag-vitamin","15":"product_tag-vitamin-a","16":"product_tag-vitamin-e-de","17":"product_tag-vitamine-de","19":"first","20":"instock","21":"taxable","22":"shipping-taxable","23":"purchasable","24":"product-type-simple"},"acf":[],"jetpack_sharing_enabled":true,"_links":{"self":[{"href":"https:\/\/cndestetik.ch\/de\/wp-json\/wp\/v2\/product\/38001","targetHints":{"allow":["GET"]}}],"collection":[{"href":"https:\/\/cndestetik.ch\/de\/wp-json\/wp\/v2\/product"}],"about":[{"href":"https:\/\/cndestetik.ch\/de\/wp-json\/wp\/v2\/types\/product"}],"wp:featuredmedia":[{"embeddable":true,"href":"https:\/\/cndestetik.ch\/de\/wp-json\/wp\/v2\/media\/37434"}],"wp:attachment":[{"href":"https:\/\/cndestetik.ch\/de\/wp-json\/wp\/v2\/media?parent=38001"}],"wp:term":[{"taxonomy":"product_brand","embeddable":true,"href":"https:\/\/cndestetik.ch\/de\/wp-json\/wp\/v2\/product_brand?post=38001"},{"taxonomy":"product_cat","embeddable":true,"href":"https:\/\/cndestetik.ch\/de\/wp-json\/wp\/v2\/product_cat?post=38001"},{"taxonomy":"product_tag","embeddable":true,"href":"https:\/\/cndestetik.ch\/de\/wp-json\/wp\/v2\/product_tag?post=38001"}],"curies":[{"name":"wp","href":"https:\/\/api.w.org\/{rel}","templated":true}]}}