{"id":37999,"date":"2020-10-15T11:43:13","date_gmt":"2020-10-15T09:43:13","guid":{"rendered":"https:\/\/ticinoweb01.jcloud.ik-server.com\/cndestetik\/prodotto\/feuchthaltecreme\/"},"modified":"2025-01-24T08:28:00","modified_gmt":"2025-01-24T07:28:00","slug":"feuchtigkeitsspendende-creme","status":"publish","type":"product","link":"https:\/\/cndestetik.ch\/de\/prodotto\/feuchtigkeitsspendende-creme\/","title":{"rendered":"Feuchthaltecreme"},"content":{"rendered":"<p><span data-sheets-value=\"{\"1\":2,\"2\":\"Morbida, fresca e setosa. Ideale per le pelli secche e disidratate e pi\u00f9 atone. Grazie all'estratto di Malva lenisce e lascia la pelle morbida.\\n\\nE' una crema dalla texture semplice e leggera; ottima come primer prima del trucco, si addice ad una crema giorno.\\nPu\u00f2 essere usata anche di notte, magari supportata da un OLEOLITO VISO pi\u00f9 adeguato sulla base del tipo di pelle, per un effetto nutriente e rinforzante.\\n\\nComoda, elengante e dalla profumazione semplice ed essenziale!\"}\" data-sheets-userformat=\"{\"2\":15297,\"3\":{\"1\":0},\"9\":0,\"10\":2,\"11\":0,\"12\":0,\"14\":{\"1\":2,\"2\":0},\"15\":\"Calibri\",\"16\":11}\">Weich, frisch und seidig. Ideal f\u00fcr trockene, dehydrierte und atonale Haut. Dank des Malvenextrakts beruhigt es die Haut und macht sie weich.<\/span><\/p>\n<p>Es ist eine Creme mit einer einfachen und leichten Textur; sie eignet sich hervorragend als Grundierung vor dem Make-up und als Tagescreme. Sie kann auch nachts verwendet werden, vielleicht unterst\u00fctzt durch ein geeigneteres GESICHTS\u00d6L, je nach Hauttyp, f\u00fcr eine n\u00e4hrende und st\u00e4rkende Wirkung.<\/p>\n<p>Bequem, elegant und mit einem einfachen und essentiellen Duft!<\/p>\n<p>Gr\u00f6\u00dfe: 50ml<\/p>\n","protected":false},"excerpt":{"rendered":"<p><span data-sheets-value=\"{\"1\":2,\"2\":\"Morbida, fresca e setosa. Ideale per le pelli secche e disidratate e pi\u00f9 atone. Grazie all'estratto di Malva lenisce e lascia la pelle morbida.\\n\\nE' una crema dalla texture semplice e leggera; ottima come primer prima del trucco, si addice ad una crema giorno.\\nPu\u00f2 essere usata anche di notte, magari supportata da un OLEOLITO VISO pi\u00f9 adeguato sulla base del tipo di pelle, per un effetto nutriente e rinforzante.\\n\\nComoda, elengante e dalla profumazione semplice ed essenziale!\"}\" data-sheets-userformat=\"{\"2\":15297,\"3\":{\"1\":0},\"9\":0,\"10\":2,\"11\":0,\"12\":0,\"14\":{\"1\":2,\"2\":0},\"15\":\"Calibri\",\"16\":11}\">Feuchtigkeitsspendende Creme, ideal f\u00fcr trockene, dehydrierte und atonische Haut.<\/span><\/p>\n","protected":false},"featured_media":37437,"template":"","meta":{"_acf_changed":false},"product_brand":[],"product_cat":[12988,1495,12980,9904],"product_tag":[3706,3836,594,7163,595,434,9214,7398,7395],"class_list":{"0":"post-37999","1":"product","2":"type-product","3":"status-publish","4":"has-post-thumbnail","6":"product_cat-gesicht","7":"product_cat-kosmetik","8":"product_cat-mikrokosmos","9":"product_cat-pink-bird","10":"product_tag-atonhaute","11":"product_tag-creme-de","12":"product_tag-feuchtigkeitscreme","13":"product_tag-haute","14":"product_tag-schafgarbe","15":"product_tag-spagyrik","16":"product_tag-suhnen","17":"product_tag-trocken-de-2","18":"product_tag-trockene-haute","20":"first","21":"instock","22":"taxable","23":"shipping-taxable","24":"purchasable","25":"product-type-simple"},"acf":[],"jetpack_sharing_enabled":true,"_links":{"self":[{"href":"https:\/\/cndestetik.ch\/de\/wp-json\/wp\/v2\/product\/37999","targetHints":{"allow":["GET"]}}],"collection":[{"href":"https:\/\/cndestetik.ch\/de\/wp-json\/wp\/v2\/product"}],"about":[{"href":"https:\/\/cndestetik.ch\/de\/wp-json\/wp\/v2\/types\/product"}],"wp:featuredmedia":[{"embeddable":true,"href":"https:\/\/cndestetik.ch\/de\/wp-json\/wp\/v2\/media\/37437"}],"wp:attachment":[{"href":"https:\/\/cndestetik.ch\/de\/wp-json\/wp\/v2\/media?parent=37999"}],"wp:term":[{"taxonomy":"product_brand","embeddable":true,"href":"https:\/\/cndestetik.ch\/de\/wp-json\/wp\/v2\/product_brand?post=37999"},{"taxonomy":"product_cat","embeddable":true,"href":"https:\/\/cndestetik.ch\/de\/wp-json\/wp\/v2\/product_cat?post=37999"},{"taxonomy":"product_tag","embeddable":true,"href":"https:\/\/cndestetik.ch\/de\/wp-json\/wp\/v2\/product_tag?post=37999"}],"curies":[{"name":"wp","href":"https:\/\/api.w.org\/{rel}","templated":true}]}}