{"id":37993,"date":"2020-10-15T11:43:10","date_gmt":"2020-10-15T09:43:10","guid":{"rendered":"https:\/\/ticinoweb01.jcloud.ik-server.com\/cndestetik\/prodotto\/creme-fuer-fettige-haut\/"},"modified":"2025-02-07T08:35:11","modified_gmt":"2025-02-07T07:35:11","slug":"sahne-hautfett","status":"publish","type":"product","link":"https:\/\/cndestetik.ch\/de\/prodotto\/sahne-hautfett\/","title":{"rendered":"Creme f\u00fcr fettige Haut"},"content":{"rendered":"<p><span data-sheets-value=\"{\"1\":2,\"2\":\"Con estratto spagirico di Bardana, \u00e8 ottima per le sue propriet\u00e0 dermopurificanti e astringenti. E' anche un ottimo schiarente (soprattutto per le cicatrici da acne), idratante e rigenerante cellulare.\\n\\nE' una crema dalla texture semplice e leggera; ottima come primer prima del trucco, si addice ad una crema giorno.\\nPu\u00f2 essere usata anche di notte, magari supportata da un OLEOLITO VISO pi\u00f9 adeguato sulla base del tipo di pelle, per un effetto nutriente e rinforzante.\\n\\nComoda, elengante e dalla profumazione semplice ed essenziale!\"}\" data-sheets-userformat=\"{\"2\":15297,\"3\":{\"1\":0},\"9\":0,\"10\":2,\"11\":0,\"12\":0,\"14\":{\"1\":2,\"2\":0},\"15\":\"Calibri\",\"16\":11}\">Mit dem spagyrischen Extrakt der Klette ist es hervorragend f\u00fcr seine dermopurifizierenden und adstringierenden Eigenschaften geeignet. Es ist auch ein ausgezeichneter Aufheller (insbesondere bei Aknenarben), Feuchtigkeitsspender und Zellregenerator.<\/span><\/p>\n<p>Es ist eine Creme mit einer einfachen und leichten Textur; sie eignet sich hervorragend als Grundierung vor dem Make-up und als Tagescreme. Sie kann auch nachts verwendet werden, vielleicht unterst\u00fctzt durch ein geeigneteres GESICHTS\u00d6L, je nach Hauttyp, f\u00fcr eine n\u00e4hrende und st\u00e4rkende Wirkung.<\/p>\n<p>Bequem, elegant und mit einem einfachen und essentiellen Duft!<\/p>\n","protected":false},"excerpt":{"rendered":"<p>Dermopurifizierende, aufhellende und feuchtigkeitsspendende Creme.<\/p>\n","protected":false},"featured_media":37440,"template":"","meta":{"_acf_changed":false},"product_brand":[],"product_cat":[12988,1495,12980],"product_tag":[7174,8971,3836,8968,594,588,456,434],"class_list":{"0":"post-37993","1":"product","2":"type-product","3":"status-publish","4":"has-post-thumbnail","6":"product_cat-gesicht","7":"product_cat-kosmetik","8":"product_cat-mikrokosmos","9":"product_tag-adstringierend","10":"product_tag-aufheller","11":"product_tag-creme-de","12":"product_tag-dermopurifikation","13":"product_tag-feuchtigkeitscreme","14":"product_tag-klette","15":"product_tag-regenerierend","16":"product_tag-spagyrik","18":"first","19":"instock","20":"taxable","21":"shipping-taxable","22":"purchasable","23":"product-type-simple"},"acf":[],"jetpack_sharing_enabled":true,"_links":{"self":[{"href":"https:\/\/cndestetik.ch\/de\/wp-json\/wp\/v2\/product\/37993","targetHints":{"allow":["GET"]}}],"collection":[{"href":"https:\/\/cndestetik.ch\/de\/wp-json\/wp\/v2\/product"}],"about":[{"href":"https:\/\/cndestetik.ch\/de\/wp-json\/wp\/v2\/types\/product"}],"wp:featuredmedia":[{"embeddable":true,"href":"https:\/\/cndestetik.ch\/de\/wp-json\/wp\/v2\/media\/37440"}],"wp:attachment":[{"href":"https:\/\/cndestetik.ch\/de\/wp-json\/wp\/v2\/media?parent=37993"}],"wp:term":[{"taxonomy":"product_brand","embeddable":true,"href":"https:\/\/cndestetik.ch\/de\/wp-json\/wp\/v2\/product_brand?post=37993"},{"taxonomy":"product_cat","embeddable":true,"href":"https:\/\/cndestetik.ch\/de\/wp-json\/wp\/v2\/product_cat?post=37993"},{"taxonomy":"product_tag","embeddable":true,"href":"https:\/\/cndestetik.ch\/de\/wp-json\/wp\/v2\/product_tag?post=37993"}],"curies":[{"name":"wp","href":"https:\/\/api.w.org\/{rel}","templated":true}]}}